{"id":8127,"date":"2020-05-26T17:20:23","date_gmt":"2020-05-26T15:20:23","guid":{"rendered":"https:\/\/falket.com\/prodotto\/gaine-pour-secateurs-electrique-pour-taille-00905\/"},"modified":"2021-07-30T15:27:11","modified_gmt":"2021-07-30T13:27:11","slug":"gaine-pour-secateurs-electrique-pour-taille-00905","status":"publish","type":"product","link":"https:\/\/falket.com\/fr\/Produit\/gaine-pour-secateurs-electrique-pour-taille-00905\/","title":{"rendered":"Gaine pour s\u00e9cateurs<br>\u00e9lectrique 00905"},"content":{"rendered":"<div class=\"wpb-content-wrapper\"><p>[vc_row css_animation=\u00a0\u00bb\u00a0\u00bb row_type=\u00a0\u00bbrow\u00a0\u00bb use_row_as_full_screen_section=\u00a0\u00bbno\u00a0\u00bb type=\u00a0\u00bbfull_width\u00a0\u00bb angled_section=\u00a0\u00bbno\u00a0\u00bb text_align=\u00a0\u00bbleft\u00a0\u00bb background_image_as_pattern=\u00a0\u00bbwithout_pattern\u00a0\u00bb z_index=\u00a0\u00bb\u00a0\u00bb][vc_column][vc_empty_space height=\u00a0\u00bb90px\u00a0\u00bb][vc_row_inner row_type=\u00a0\u00bbrow\u00a0\u00bb type=\u00a0\u00bbgrid\u00a0\u00bb text_align=\u00a0\u00bbcenter\u00a0\u00bb css_animation=\u00a0\u00bb\u00a0\u00bb][vc_column_inner][vc_column_text]<\/p>\n<h1>PRODUITS CONNEXES<\/h1>\n<p>[\/vc_column_text][\/vc_column_inner][\/vc_row_inner][vc_empty_space height=\u00a0\u00bb30px\u00a0\u00bb]<div class=\"woocommerce columns-4 \"><ul class=\"products\">\n<li class=\"product type-product post-8114 status-publish first instock product_cat-accessoires has-post-thumbnail taxable shipping-taxable purchasable product-type-variable\">\n\t\n\t\t\n    <div class=\"top-product-section\">\n\n        <a itemprop=\"url\" href=\"https:\/\/falket.com\/fr\/Produit\/pierre-a-aiguiser-carbure-de-silicium\/\" class=\"product-category\">\n            <span class=\"image-wrapper\">\n            <img decoding=\"async\" width=\"1200\" height=\"1200\" src=\"https:\/\/falket.com\/wp-content\/uploads\/2019\/04\/pietra-per-affilatura-lame-00901_00902.jpg\" class=\"attachment-woocommerce_thumbnail size-woocommerce_thumbnail\" alt=\"pierres pour aff\u00fbter les lames et les couteaux\" srcset=\"https:\/\/falket.com\/wp-content\/uploads\/2019\/04\/pietra-per-affilatura-lame-00901_00902.jpg 1200w, https:\/\/falket.com\/wp-content\/uploads\/2019\/04\/pietra-per-affilatura-lame-00901_00902-100x100.jpg 100w, https:\/\/falket.com\/wp-content\/uploads\/2019\/04\/pietra-per-affilatura-lame-00901_00902-150x150.jpg 150w, https:\/\/falket.com\/wp-content\/uploads\/2019\/04\/pietra-per-affilatura-lame-00901_00902-300x300.jpg 300w, https:\/\/falket.com\/wp-content\/uploads\/2019\/04\/pietra-per-affilatura-lame-00901_00902-768x768.jpg 768w, https:\/\/falket.com\/wp-content\/uploads\/2019\/04\/pietra-per-affilatura-lame-00901_00902-1024x1024.jpg 1024w, https:\/\/falket.com\/wp-content\/uploads\/2019\/04\/pietra-per-affilatura-lame-00901_00902-570x570.jpg 570w, https:\/\/falket.com\/wp-content\/uploads\/2019\/04\/pietra-per-affilatura-lame-00901_00902-500x500.jpg 500w, https:\/\/falket.com\/wp-content\/uploads\/2019\/04\/pietra-per-affilatura-lame-00901_00902-1000x1000.jpg 1000w, https:\/\/falket.com\/wp-content\/uploads\/2019\/04\/pietra-per-affilatura-lame-00901_00902-700x700.jpg 700w, https:\/\/falket.com\/wp-content\/uploads\/2019\/04\/pietra-per-affilatura-lame-00901_00902-900x900.jpg 900w\" sizes=\"(max-width: 1200px) 100vw, 1200px\" \/>            <\/span>\n        <\/a>\n\n\t\t<span class=\"add-to-cart-button-outer\"><span class=\"add-to-cart-button-inner\"><a href=\"https:\/\/falket.com\/fr\/Produit\/pierre-a-aiguiser-carbure-de-silicium\/\" aria-describedby=\"woocommerce_loop_add_to_cart_link_describedby_8114\" data-quantity=\"1\" class=\"button product_type_variable add_to_cart_button qbutton add-to-cart-button\" data-product_id=\"8114\" data-product_sku=\"\" aria-label=\"S\u00e9lectionner les options pour &ldquo;Pierre \u00e0 aiguisercarbure de silicium&rdquo;\" rel=\"nofollow\">Choix des options<\/a><\/span><\/span>\t<span id=\"woocommerce_loop_add_to_cart_link_describedby_8114\" class=\"screen-reader-text\">\n\t\tCe produit a plusieurs variations. Les options peuvent \u00eatre choisies sur la page du produit\t<\/span>\n\n    <\/div>\n        <a itemprop=\"url\" href=\"https:\/\/falket.com\/fr\/Produit\/pierre-a-aiguiser-carbure-de-silicium\/\" class=\"product-category product-info\">\n        <h6 itemprop=\"name\">Pierre \u00e0 aiguiser<br>carbure de silicium<\/h6>\n\t    \n\t    \n        \n\t<span class=\"price\"><span class=\"woocommerce-Price-amount amount\"><bdi>7,76<span class=\"woocommerce-Price-currencySymbol\">&euro;<\/span><\/bdi><\/span><\/span>\n    <\/a>\n    <span class=\"add-to-cart-button-outer\"><span class=\"add-to-cart-button-inner\"><a href=\"https:\/\/falket.com\/fr\/Produit\/pierre-a-aiguiser-carbure-de-silicium\/\" aria-describedby=\"woocommerce_loop_add_to_cart_link_describedby_8114\" data-quantity=\"1\" class=\"button product_type_variable add_to_cart_button qbutton add-to-cart-button\" data-product_id=\"8114\" data-product_sku=\"\" aria-label=\"S\u00e9lectionner les options pour &ldquo;Pierre \u00e0 aiguisercarbure de silicium&rdquo;\" rel=\"nofollow\">Choix des options<\/a><\/span><\/span>\t<span id=\"woocommerce_loop_add_to_cart_link_describedby_8114\" class=\"screen-reader-text\">\n\t\tCe produit a plusieurs variations. Les options peuvent \u00eatre choisies sur la page du produit\t<\/span>\n<\/li>\n<li class=\"product type-product post-8120 status-publish instock product_cat-accessoires has-post-thumbnail taxable shipping-taxable purchasable product-type-simple\">\n\t\n\t\t\n    <div class=\"top-product-section\">\n\n        <a itemprop=\"url\" href=\"https:\/\/falket.com\/fr\/Produit\/porte-ciseaux-en-cuir-00903\/\" class=\"product-category\">\n            <span class=\"image-wrapper\">\n            <img decoding=\"async\" width=\"1200\" height=\"1200\" src=\"https:\/\/falket.com\/wp-content\/uploads\/2019\/04\/fodero-portaforbici-in-pelle-00903.jpg\" class=\"attachment-woocommerce_thumbnail size-woocommerce_thumbnail\" alt=\"porte s\u00e9cateurs en cuir\" srcset=\"https:\/\/falket.com\/wp-content\/uploads\/2019\/04\/fodero-portaforbici-in-pelle-00903.jpg 1200w, https:\/\/falket.com\/wp-content\/uploads\/2019\/04\/fodero-portaforbici-in-pelle-00903-100x100.jpg 100w, https:\/\/falket.com\/wp-content\/uploads\/2019\/04\/fodero-portaforbici-in-pelle-00903-150x150.jpg 150w, https:\/\/falket.com\/wp-content\/uploads\/2019\/04\/fodero-portaforbici-in-pelle-00903-300x300.jpg 300w, https:\/\/falket.com\/wp-content\/uploads\/2019\/04\/fodero-portaforbici-in-pelle-00903-768x768.jpg 768w, https:\/\/falket.com\/wp-content\/uploads\/2019\/04\/fodero-portaforbici-in-pelle-00903-1024x1024.jpg 1024w, https:\/\/falket.com\/wp-content\/uploads\/2019\/04\/fodero-portaforbici-in-pelle-00903-570x570.jpg 570w, https:\/\/falket.com\/wp-content\/uploads\/2019\/04\/fodero-portaforbici-in-pelle-00903-500x500.jpg 500w, https:\/\/falket.com\/wp-content\/uploads\/2019\/04\/fodero-portaforbici-in-pelle-00903-1000x1000.jpg 1000w, https:\/\/falket.com\/wp-content\/uploads\/2019\/04\/fodero-portaforbici-in-pelle-00903-700x700.jpg 700w, https:\/\/falket.com\/wp-content\/uploads\/2019\/04\/fodero-portaforbici-in-pelle-00903-900x900.jpg 900w\" sizes=\"(max-width: 1200px) 100vw, 1200px\" \/>            <\/span>\n        <\/a>\n\n\t\t<span class=\"add-to-cart-button-outer\"><span class=\"add-to-cart-button-inner\"><a href=\"\/fr\/wp-json\/wp\/v2\/product\/8127?add-to-cart=8120\" aria-describedby=\"woocommerce_loop_add_to_cart_link_describedby_8120\" data-quantity=\"1\" class=\"button product_type_simple add_to_cart_button ajax_add_to_cart qbutton add-to-cart-button\" data-product_id=\"8120\" data-product_sku=\"00903\" aria-label=\"Ajouter au panier\u00a0: &ldquo;Porte-ciseauxen cuir 00903&rdquo;\" rel=\"nofollow\" data-success_message=\"\u00ab\u00a0Porte-ciseaux&lt;br&gt;en cuir 00903\u00a0\u00bb a \u00e9t\u00e9 ajout\u00e9 \u00e0 votre panier\" role=\"button\">Ajouter au panier<\/a><\/span><\/span>\t<span id=\"woocommerce_loop_add_to_cart_link_describedby_8120\" class=\"screen-reader-text\">\n\t\t\t<\/span>\n\n    <\/div>\n        <a itemprop=\"url\" href=\"https:\/\/falket.com\/fr\/Produit\/porte-ciseaux-en-cuir-00903\/\" class=\"product-category product-info\">\n        <h6 itemprop=\"name\">Porte-ciseaux<br>en cuir 00903<\/h6>\n\t    \n\t    \n        \n\t<span class=\"price\"><span class=\"woocommerce-Price-amount amount\"><bdi>13,90<span class=\"woocommerce-Price-currencySymbol\">&euro;<\/span><\/bdi><\/span><\/span>\n    <\/a>\n    <span class=\"add-to-cart-button-outer\"><span class=\"add-to-cart-button-inner\"><a href=\"\/fr\/wp-json\/wp\/v2\/product\/8127?add-to-cart=8120\" aria-describedby=\"woocommerce_loop_add_to_cart_link_describedby_8120\" data-quantity=\"1\" class=\"button product_type_simple add_to_cart_button ajax_add_to_cart qbutton add-to-cart-button\" data-product_id=\"8120\" data-product_sku=\"00903\" aria-label=\"Ajouter au panier\u00a0: &ldquo;Porte-ciseauxen cuir 00903&rdquo;\" rel=\"nofollow\" data-success_message=\"\u00ab\u00a0Porte-ciseaux&lt;br&gt;en cuir 00903\u00a0\u00bb a \u00e9t\u00e9 ajout\u00e9 \u00e0 votre panier\" role=\"button\">Ajouter au panier<\/a><\/span><\/span>\t<span id=\"woocommerce_loop_add_to_cart_link_describedby_8120\" class=\"screen-reader-text\">\n\t\t\t<\/span>\n<\/li>\n<li class=\"product type-product post-8121 status-publish instock product_cat-accessoires has-post-thumbnail taxable shipping-taxable purchasable product-type-simple\">\n\t\n\t\t\n    <div class=\"top-product-section\">\n\n        <a itemprop=\"url\" href=\"https:\/\/falket.com\/fr\/Produit\/porte-ciseaux-cone-en-cuir-00904\/\" class=\"product-category\">\n            <span class=\"image-wrapper\">\n            <img decoding=\"async\" width=\"1200\" height=\"1200\" src=\"https:\/\/falket.com\/wp-content\/uploads\/2019\/04\/fodero-portaforbici-in-pelle-a-cono-00904.jpg\" class=\"attachment-woocommerce_thumbnail size-woocommerce_thumbnail\" alt=\"porte s\u00e9cateurs en cuir\" srcset=\"https:\/\/falket.com\/wp-content\/uploads\/2019\/04\/fodero-portaforbici-in-pelle-a-cono-00904.jpg 1200w, https:\/\/falket.com\/wp-content\/uploads\/2019\/04\/fodero-portaforbici-in-pelle-a-cono-00904-100x100.jpg 100w, https:\/\/falket.com\/wp-content\/uploads\/2019\/04\/fodero-portaforbici-in-pelle-a-cono-00904-150x150.jpg 150w, https:\/\/falket.com\/wp-content\/uploads\/2019\/04\/fodero-portaforbici-in-pelle-a-cono-00904-300x300.jpg 300w, https:\/\/falket.com\/wp-content\/uploads\/2019\/04\/fodero-portaforbici-in-pelle-a-cono-00904-768x768.jpg 768w, https:\/\/falket.com\/wp-content\/uploads\/2019\/04\/fodero-portaforbici-in-pelle-a-cono-00904-1024x1024.jpg 1024w, https:\/\/falket.com\/wp-content\/uploads\/2019\/04\/fodero-portaforbici-in-pelle-a-cono-00904-570x570.jpg 570w, https:\/\/falket.com\/wp-content\/uploads\/2019\/04\/fodero-portaforbici-in-pelle-a-cono-00904-500x500.jpg 500w, https:\/\/falket.com\/wp-content\/uploads\/2019\/04\/fodero-portaforbici-in-pelle-a-cono-00904-1000x1000.jpg 1000w, https:\/\/falket.com\/wp-content\/uploads\/2019\/04\/fodero-portaforbici-in-pelle-a-cono-00904-700x700.jpg 700w, https:\/\/falket.com\/wp-content\/uploads\/2019\/04\/fodero-portaforbici-in-pelle-a-cono-00904-900x900.jpg 900w\" sizes=\"(max-width: 1200px) 100vw, 1200px\" \/>            <\/span>\n        <\/a>\n\n\t\t<span class=\"add-to-cart-button-outer\"><span class=\"add-to-cart-button-inner\"><a href=\"\/fr\/wp-json\/wp\/v2\/product\/8127?add-to-cart=8121\" aria-describedby=\"woocommerce_loop_add_to_cart_link_describedby_8121\" data-quantity=\"1\" class=\"button product_type_simple add_to_cart_button ajax_add_to_cart qbutton add-to-cart-button\" data-product_id=\"8121\" data-product_sku=\"00904\" aria-label=\"Ajouter au panier\u00a0: &ldquo;Porte-ciseauxc\u00f4ne en cuir 00904&rdquo;\" rel=\"nofollow\" data-success_message=\"\u00ab\u00a0Porte-ciseaux&lt;br&gt;c\u00f4ne en cuir 00904\u00a0\u00bb a \u00e9t\u00e9 ajout\u00e9 \u00e0 votre panier\" role=\"button\">Ajouter au panier<\/a><\/span><\/span>\t<span id=\"woocommerce_loop_add_to_cart_link_describedby_8121\" class=\"screen-reader-text\">\n\t\t\t<\/span>\n\n    <\/div>\n        <a itemprop=\"url\" href=\"https:\/\/falket.com\/fr\/Produit\/porte-ciseaux-cone-en-cuir-00904\/\" class=\"product-category product-info\">\n        <h6 itemprop=\"name\">Porte-ciseaux<br>c\u00f4ne en cuir 00904<\/h6>\n\t    \n\t    \n        \n\t<span class=\"price\"><span class=\"woocommerce-Price-amount amount\"><bdi>12,74<span class=\"woocommerce-Price-currencySymbol\">&euro;<\/span><\/bdi><\/span><\/span>\n    <\/a>\n    <span class=\"add-to-cart-button-outer\"><span class=\"add-to-cart-button-inner\"><a href=\"\/fr\/wp-json\/wp\/v2\/product\/8127?add-to-cart=8121\" aria-describedby=\"woocommerce_loop_add_to_cart_link_describedby_8121\" data-quantity=\"1\" class=\"button product_type_simple add_to_cart_button ajax_add_to_cart qbutton add-to-cart-button\" data-product_id=\"8121\" data-product_sku=\"00904\" aria-label=\"Ajouter au panier\u00a0: &ldquo;Porte-ciseauxc\u00f4ne en cuir 00904&rdquo;\" rel=\"nofollow\" data-success_message=\"\u00ab\u00a0Porte-ciseaux&lt;br&gt;c\u00f4ne en cuir 00904\u00a0\u00bb a \u00e9t\u00e9 ajout\u00e9 \u00e0 votre panier\" role=\"button\">Ajouter au panier<\/a><\/span><\/span>\t<span id=\"woocommerce_loop_add_to_cart_link_describedby_8121\" class=\"screen-reader-text\">\n\t\t\t<\/span>\n<\/li><\/ul>\n<\/div><a  itemprop=\"url\" href=\"https:\/\/falket.com\/fr\/produits\/accessoires\/\" target=\"_self\" data-hover-background-color=\"#dbdbdb\" data-hover-border-color=\"#dbdbdb\" data-hover-color=\"#b80e26\" class=\"qbutton  big_large_full_width center default button-catalogo\" style=\"color: #afafaf; border-color: #26201e; background-color:#26201e;\">TOUS LES ACCESSOIRES<\/a>[\/vc_column][\/vc_row]<\/p>\n<\/div>","protected":false},"excerpt":{"rendered":"<h1 style=\"padding-bottom: 15px;\">GAINE POTRE S\u00c9CATEURS<\/h1>\n<h3 style=\"font-weight: 600; padding-bottom: 15px; color: #da2628; letter-spacing: 4px;\">POUR S\u00c9CATEURS \u00c9LECTRIQUES<\/h3>\n<p style=\"padding-bottom: 45px;\">Art.00905: Porte s\u00e9cateurs pour <a href=\"https:\/\/falket.com\/fr\/Produit\/secateurs-electriques-pour-taille-3000t-e-power\/\"><strong>s\u00e9cateurs electrique 3000T E-Power<\/strong><\/a>. Fabriqu\u00e9 en cuir v\u00e9ritable, avec possibilit\u00e9 d&rsquo;attacher \u00e0 la ceinture.<\/p>\n","protected":false},"featured_media":6634,"template":"","meta":[],"product_brand":[],"product_cat":[285],"product_tag":[],"class_list":{"0":"post-8127","1":"product","2":"type-product","3":"status-publish","4":"has-post-thumbnail","6":"product_cat-accessoires","8":"first","9":"instock","10":"taxable","11":"shipping-taxable","12":"purchasable","13":"product-type-simple"},"yoast_head":"<!-- This site is optimized with the Yoast SEO plugin v25.8 - https:\/\/yoast.com\/wordpress\/plugins\/seo\/ -->\n<title>Gaine pour s\u00e9cateurs\u00e9lectrique 00905 - Falket<\/title>\n<meta name=\"robots\" content=\"index, follow, max-snippet:-1, max-image-preview:large, max-video-preview:-1\" \/>\n<link rel=\"canonical\" href=\"https:\/\/falket.com\/fr\/Produit\/gaine-pour-secateurs-electrique-pour-taille-00905\/\" \/>\n<meta property=\"og:locale\" content=\"fr_FR\" \/>\n<meta property=\"og:type\" content=\"article\" \/>\n<meta property=\"og:title\" content=\"Gaine pour s\u00e9cateurs\u00e9lectrique 00905 - Falket\" \/>\n<meta property=\"og:description\" content=\"GAINE POTRE S\u00c9CATEURS POUR S\u00c9CATEURS \u00c9LECTRIQUES Art.00905: Porte s\u00e9cateurs pour s\u00e9cateurs electrique 3000T E-Power. Fabriqu\u00e9 en cuir v\u00e9ritable, avec possibilit\u00e9 d&#039;attacher \u00e0 la ceinture.\" \/>\n<meta property=\"og:url\" content=\"https:\/\/falket.com\/fr\/Produit\/gaine-pour-secateurs-electrique-pour-taille-00905\/\" \/>\n<meta property=\"og:site_name\" content=\"Falket\" \/>\n<meta property=\"article:publisher\" content=\"https:\/\/www.facebook.com\/Falket-197602493678529\/\" \/>\n<meta property=\"article:modified_time\" content=\"2021-07-30T13:27:11+00:00\" \/>\n<meta property=\"og:image\" content=\"https:\/\/falket.com\/wp-content\/uploads\/2020\/05\/00905-01.jpg\" \/>\n\t<meta property=\"og:image:width\" content=\"1200\" \/>\n\t<meta property=\"og:image:height\" content=\"1200\" \/>\n\t<meta property=\"og:image:type\" content=\"image\/jpeg\" \/>\n<meta name=\"twitter:card\" content=\"summary_large_image\" \/>\n<meta name=\"twitter:label1\" content=\"Dur\u00e9e de lecture estim\u00e9e\" \/>\n\t<meta name=\"twitter:data1\" content=\"1 minute\" \/>\n<script type=\"application\/ld+json\" class=\"yoast-schema-graph\">{\"@context\":\"https:\/\/schema.org\",\"@graph\":[{\"@type\":\"WebPage\",\"@id\":\"https:\/\/falket.com\/fr\/Produit\/gaine-pour-secateurs-electrique-pour-taille-00905\/\",\"url\":\"https:\/\/falket.com\/fr\/Produit\/gaine-pour-secateurs-electrique-pour-taille-00905\/\",\"name\":\"Gaine pour s\u00e9cateurs \u00e9lectrique 00905 - Falket\",\"isPartOf\":{\"@id\":\"https:\/\/falket.com\/fr\/#website\"},\"primaryImageOfPage\":{\"@id\":\"https:\/\/falket.com\/fr\/Produit\/gaine-pour-secateurs-electrique-pour-taille-00905\/#primaryimage\"},\"image\":{\"@id\":\"https:\/\/falket.com\/fr\/Produit\/gaine-pour-secateurs-electrique-pour-taille-00905\/#primaryimage\"},\"thumbnailUrl\":\"https:\/\/falket.com\/wp-content\/uploads\/2020\/05\/00905-01.jpg\",\"datePublished\":\"2020-05-26T15:20:23+00:00\",\"dateModified\":\"2021-07-30T13:27:11+00:00\",\"breadcrumb\":{\"@id\":\"https:\/\/falket.com\/fr\/Produit\/gaine-pour-secateurs-electrique-pour-taille-00905\/#breadcrumb\"},\"inLanguage\":\"fr-FR\",\"potentialAction\":[{\"@type\":\"ReadAction\",\"target\":[\"https:\/\/falket.com\/fr\/Produit\/gaine-pour-secateurs-electrique-pour-taille-00905\/\"]}]},{\"@type\":\"ImageObject\",\"inLanguage\":\"fr-FR\",\"@id\":\"https:\/\/falket.com\/fr\/Produit\/gaine-pour-secateurs-electrique-pour-taille-00905\/#primaryimage\",\"url\":\"https:\/\/falket.com\/wp-content\/uploads\/2020\/05\/00905-01.jpg\",\"contentUrl\":\"https:\/\/falket.com\/wp-content\/uploads\/2020\/05\/00905-01.jpg\",\"width\":1200,\"height\":1200,\"caption\":\"porte S\u00e9cateurs \u00e9lectriques en cuir\"},{\"@type\":\"BreadcrumbList\",\"@id\":\"https:\/\/falket.com\/fr\/Produit\/gaine-pour-secateurs-electrique-pour-taille-00905\/#breadcrumb\",\"itemListElement\":[{\"@type\":\"ListItem\",\"position\":1,\"name\":\"Produits\",\"item\":\"https:\/\/falket.com\/fr\/produits\/\"},{\"@type\":\"ListItem\",\"position\":2,\"name\":\"Gaine pour s\u00e9cateurs\u00e9lectrique 00905\"}]},{\"@type\":\"WebSite\",\"@id\":\"https:\/\/falket.com\/fr\/#website\",\"url\":\"https:\/\/falket.com\/fr\/\",\"name\":\"Falket\",\"description\":\"Attrezzature per la potatura e il giardinaggio\",\"publisher\":{\"@id\":\"https:\/\/falket.com\/fr\/#organization\"},\"potentialAction\":[{\"@type\":\"SearchAction\",\"target\":{\"@type\":\"EntryPoint\",\"urlTemplate\":\"https:\/\/falket.com\/fr\/?s={search_term_string}\"},\"query-input\":{\"@type\":\"PropertyValueSpecification\",\"valueRequired\":true,\"valueName\":\"search_term_string\"}}],\"inLanguage\":\"fr-FR\"},{\"@type\":\"Organization\",\"@id\":\"https:\/\/falket.com\/fr\/#organization\",\"name\":\"Falket\",\"url\":\"https:\/\/falket.com\/fr\/\",\"logo\":{\"@type\":\"ImageObject\",\"inLanguage\":\"fr-FR\",\"@id\":\"https:\/\/falket.com\/fr\/#\/schema\/logo\/image\/\",\"url\":\"https:\/\/falket.com\/wp-content\/uploads\/2021\/07\/falket-logo-invoice.png\",\"contentUrl\":\"https:\/\/falket.com\/wp-content\/uploads\/2021\/07\/falket-logo-invoice.png\",\"width\":300,\"height\":80,\"caption\":\"Falket\"},\"image\":{\"@id\":\"https:\/\/falket.com\/fr\/#\/schema\/logo\/image\/\"},\"sameAs\":[\"https:\/\/www.facebook.com\/Falket-197602493678529\/\",\"https:\/\/www.instagram.com\/falket_professional\/\",\"https:\/\/www.linkedin.com\/company\/falket\/about\/\"]}]}<\/script>\n<!-- \/ Yoast SEO plugin. -->","yoast_head_json":{"title":"Gaine pour s\u00e9cateurs\u00e9lectrique 00905 - Falket","robots":{"index":"index","follow":"follow","max-snippet":"max-snippet:-1","max-image-preview":"max-image-preview:large","max-video-preview":"max-video-preview:-1"},"canonical":"https:\/\/falket.com\/fr\/Produit\/gaine-pour-secateurs-electrique-pour-taille-00905\/","og_locale":"fr_FR","og_type":"article","og_title":"Gaine pour s\u00e9cateurs\u00e9lectrique 00905 - Falket","og_description":"GAINE POTRE S\u00c9CATEURS POUR S\u00c9CATEURS \u00c9LECTRIQUES Art.00905: Porte s\u00e9cateurs pour s\u00e9cateurs electrique 3000T E-Power. Fabriqu\u00e9 en cuir v\u00e9ritable, avec possibilit\u00e9 d'attacher \u00e0 la ceinture.","og_url":"https:\/\/falket.com\/fr\/Produit\/gaine-pour-secateurs-electrique-pour-taille-00905\/","og_site_name":"Falket","article_publisher":"https:\/\/www.facebook.com\/Falket-197602493678529\/","article_modified_time":"2021-07-30T13:27:11+00:00","og_image":[{"width":1200,"height":1200,"url":"https:\/\/falket.com\/wp-content\/uploads\/2020\/05\/00905-01.jpg","type":"image\/jpeg"}],"twitter_card":"summary_large_image","twitter_misc":{"Dur\u00e9e de lecture estim\u00e9e":"1 minute"},"schema":{"@context":"https:\/\/schema.org","@graph":[{"@type":"WebPage","@id":"https:\/\/falket.com\/fr\/Produit\/gaine-pour-secateurs-electrique-pour-taille-00905\/","url":"https:\/\/falket.com\/fr\/Produit\/gaine-pour-secateurs-electrique-pour-taille-00905\/","name":"Gaine pour s\u00e9cateurs \u00e9lectrique 00905 - Falket","isPartOf":{"@id":"https:\/\/falket.com\/fr\/#website"},"primaryImageOfPage":{"@id":"https:\/\/falket.com\/fr\/Produit\/gaine-pour-secateurs-electrique-pour-taille-00905\/#primaryimage"},"image":{"@id":"https:\/\/falket.com\/fr\/Produit\/gaine-pour-secateurs-electrique-pour-taille-00905\/#primaryimage"},"thumbnailUrl":"https:\/\/falket.com\/wp-content\/uploads\/2020\/05\/00905-01.jpg","datePublished":"2020-05-26T15:20:23+00:00","dateModified":"2021-07-30T13:27:11+00:00","breadcrumb":{"@id":"https:\/\/falket.com\/fr\/Produit\/gaine-pour-secateurs-electrique-pour-taille-00905\/#breadcrumb"},"inLanguage":"fr-FR","potentialAction":[{"@type":"ReadAction","target":["https:\/\/falket.com\/fr\/Produit\/gaine-pour-secateurs-electrique-pour-taille-00905\/"]}]},{"@type":"ImageObject","inLanguage":"fr-FR","@id":"https:\/\/falket.com\/fr\/Produit\/gaine-pour-secateurs-electrique-pour-taille-00905\/#primaryimage","url":"https:\/\/falket.com\/wp-content\/uploads\/2020\/05\/00905-01.jpg","contentUrl":"https:\/\/falket.com\/wp-content\/uploads\/2020\/05\/00905-01.jpg","width":1200,"height":1200,"caption":"porte S\u00e9cateurs \u00e9lectriques en cuir"},{"@type":"BreadcrumbList","@id":"https:\/\/falket.com\/fr\/Produit\/gaine-pour-secateurs-electrique-pour-taille-00905\/#breadcrumb","itemListElement":[{"@type":"ListItem","position":1,"name":"Produits","item":"https:\/\/falket.com\/fr\/produits\/"},{"@type":"ListItem","position":2,"name":"Gaine pour s\u00e9cateurs\u00e9lectrique 00905"}]},{"@type":"WebSite","@id":"https:\/\/falket.com\/fr\/#website","url":"https:\/\/falket.com\/fr\/","name":"Falket","description":"Attrezzature per la potatura e il giardinaggio","publisher":{"@id":"https:\/\/falket.com\/fr\/#organization"},"potentialAction":[{"@type":"SearchAction","target":{"@type":"EntryPoint","urlTemplate":"https:\/\/falket.com\/fr\/?s={search_term_string}"},"query-input":{"@type":"PropertyValueSpecification","valueRequired":true,"valueName":"search_term_string"}}],"inLanguage":"fr-FR"},{"@type":"Organization","@id":"https:\/\/falket.com\/fr\/#organization","name":"Falket","url":"https:\/\/falket.com\/fr\/","logo":{"@type":"ImageObject","inLanguage":"fr-FR","@id":"https:\/\/falket.com\/fr\/#\/schema\/logo\/image\/","url":"https:\/\/falket.com\/wp-content\/uploads\/2021\/07\/falket-logo-invoice.png","contentUrl":"https:\/\/falket.com\/wp-content\/uploads\/2021\/07\/falket-logo-invoice.png","width":300,"height":80,"caption":"Falket"},"image":{"@id":"https:\/\/falket.com\/fr\/#\/schema\/logo\/image\/"},"sameAs":["https:\/\/www.facebook.com\/Falket-197602493678529\/","https:\/\/www.instagram.com\/falket_professional\/","https:\/\/www.linkedin.com\/company\/falket\/about\/"]}]}},"_links":{"self":[{"href":"https:\/\/falket.com\/fr\/wp-json\/wp\/v2\/product\/8127","targetHints":{"allow":["GET"]}}],"collection":[{"href":"https:\/\/falket.com\/fr\/wp-json\/wp\/v2\/product"}],"about":[{"href":"https:\/\/falket.com\/fr\/wp-json\/wp\/v2\/types\/product"}],"wp:featuredmedia":[{"embeddable":true,"href":"https:\/\/falket.com\/fr\/wp-json\/wp\/v2\/media\/6634"}],"wp:attachment":[{"href":"https:\/\/falket.com\/fr\/wp-json\/wp\/v2\/media?parent=8127"}],"wp:term":[{"taxonomy":"product_brand","embeddable":true,"href":"https:\/\/falket.com\/fr\/wp-json\/wp\/v2\/product_brand?post=8127"},{"taxonomy":"product_cat","embeddable":true,"href":"https:\/\/falket.com\/fr\/wp-json\/wp\/v2\/product_cat?post=8127"},{"taxonomy":"product_tag","embeddable":true,"href":"https:\/\/falket.com\/fr\/wp-json\/wp\/v2\/product_tag?post=8127"}],"curies":[{"name":"wp","href":"https:\/\/api.w.org\/{rel}","templated":true}]}}