{"id":7900,"date":"2021-06-29T09:23:53","date_gmt":"2021-06-29T07:23:53","guid":{"rendered":"https:\/\/falket.com\/prodotto\/rechanges-fb30-scies-pour-taille\/"},"modified":"2021-07-26T10:30:46","modified_gmt":"2021-07-26T08:30:46","slug":"rechanges-fb30-scies-pour-taille","status":"publish","type":"product","link":"https:\/\/falket.com\/fr\/Produit\/rechanges-fb30-scies-pour-taille\/","title":{"rendered":"Rechanges FB30<br>Scies pour taille"},"content":{"rendered":"<div class=\"wpb-content-wrapper\"><p>[vc_row css_animation=\u00a0\u00bb\u00a0\u00bb row_type=\u00a0\u00bbrow\u00a0\u00bb use_row_as_full_screen_section=\u00a0\u00bbno\u00a0\u00bb type=\u00a0\u00bbfull_width\u00a0\u00bb angled_section=\u00a0\u00bbno\u00a0\u00bb text_align=\u00a0\u00bbleft\u00a0\u00bb background_image_as_pattern=\u00a0\u00bbwithout_pattern\u00a0\u00bb z_index=\u00a0\u00bb\u00a0\u00bb][vc_column][vc_empty_space height=\u00a0\u00bb90px\u00a0\u00bb][\/vc_column][\/vc_row][vc_row css_animation=\u00a0\u00bb\u00a0\u00bb row_type=\u00a0\u00bbrow\u00a0\u00bb use_row_as_full_screen_section=\u00a0\u00bbno\u00a0\u00bb type=\u00a0\u00bbgrid\u00a0\u00bb angled_section=\u00a0\u00bbno\u00a0\u00bb text_align=\u00a0\u00bbcenter\u00a0\u00bb background_image_as_pattern=\u00a0\u00bbwithout_pattern\u00a0\u00bb css=\u00a0\u00bb.vc_custom_1624462096668{background-color: #f2f2f2 !important;}\u00a0\u00bb z_index=\u00a0\u00bb\u00a0\u00bb][vc_column][vc_empty_space height=\u00a0\u00bb80px\u00a0\u00bb][vc_column_text el_class=\u00a0\u00bbdark-text\u00a0\u00bb]<\/p>\n<h3>CE REMPLACEMENT EST VALABLE POUR LES ARTICLES SUIVANTS<\/h3>\n<p>[\/vc_column_text][vc_empty_space height=\u00a0\u00bb35px\u00a0\u00bb][\/vc_column][\/vc_row][vc_row css_animation=\u00a0\u00bb\u00a0\u00bb row_type=\u00a0\u00bbrow\u00a0\u00bb use_row_as_full_screen_section=\u00a0\u00bbno\u00a0\u00bb type=\u00a0\u00bbgrid\u00a0\u00bb angled_section=\u00a0\u00bbno\u00a0\u00bb text_align=\u00a0\u00bbleft\u00a0\u00bb background_image_as_pattern=\u00a0\u00bbwithout_pattern\u00a0\u00bb css=\u00a0\u00bb.vc_custom_1624462015253{background-color: #f2f2f2 !important;}\u00a0\u00bb z_index=\u00a0\u00bb\u00a0\u00bb][vc_column offset=\u00a0\u00bbvc_col-lg-6 vc_col-md-12&Prime; el_class=\u00a0\u00bbproduct-column-border-responsive\u00a0\u00bb][vc_row_inner row_type=\u00a0\u00bbrow\u00a0\u00bb type=\u00a0\u00bbfull_width\u00a0\u00bb text_align=\u00a0\u00bbleft\u00a0\u00bb css_animation=\u00a0\u00bb\u00a0\u00bb css=\u00a0\u00bb.vc_custom_1624458949887{background-color: #ffffff !important;}\u00a0\u00bb el_class=\u00a0\u00bbprodotti-associati-riga\u00a0\u00bb][vc_column_inner][vc_empty_space height=\u00a0\u00bb15px\u00a0\u00bb][qode_elements_holder number_of_columns=\u00a0\u00bbtwo_columns\u00a0\u00bb columns_proportion=\u00a0\u00bb66_33&Prime; switch_to_one_column=\u00a0\u00bb600&Prime; alignment_one_column=\u00a0\u00bbcenter\u00a0\u00bb][qode_elements_holder_item vertical_alignment=\u00a0\u00bbmiddle\u00a0\u00bb advanced_animations=\u00a0\u00bbno\u00a0\u00bb custom_class=\u00a0\u00bbfirst-column-responsive\u00a0\u00bb]<div class=\"woocommerce columns-1 \"><ul class=\"products\">\n<li class=\"product type-product post-8044 status-publish first instock product_cat-scies-pour-taille-pliable-et-telescope has-post-thumbnail taxable shipping-taxable purchasable product-type-simple\">\n\t\n\t\t\n    <div class=\"top-product-section\">\n\n        <a itemprop=\"url\" href=\"https:\/\/falket.com\/fr\/Produit\/scie-para-podar-avec-gaine-lame-30-cm-fsa30\/\" class=\"product-category\">\n            <span class=\"image-wrapper\">\n            <img decoding=\"async\" width=\"1200\" height=\"1200\" src=\"https:\/\/falket.com\/wp-content\/uploads\/2019\/04\/segaccio-serramanico-fsa30-01.jpg\" class=\"attachment-woocommerce_thumbnail size-woocommerce_thumbnail\" alt=\"Scie pour taille\" srcset=\"https:\/\/falket.com\/wp-content\/uploads\/2019\/04\/segaccio-serramanico-fsa30-01.jpg 1200w, https:\/\/falket.com\/wp-content\/uploads\/2019\/04\/segaccio-serramanico-fsa30-01-100x100.jpg 100w, https:\/\/falket.com\/wp-content\/uploads\/2019\/04\/segaccio-serramanico-fsa30-01-150x150.jpg 150w, https:\/\/falket.com\/wp-content\/uploads\/2019\/04\/segaccio-serramanico-fsa30-01-300x300.jpg 300w, https:\/\/falket.com\/wp-content\/uploads\/2019\/04\/segaccio-serramanico-fsa30-01-768x768.jpg 768w, https:\/\/falket.com\/wp-content\/uploads\/2019\/04\/segaccio-serramanico-fsa30-01-1024x1024.jpg 1024w, https:\/\/falket.com\/wp-content\/uploads\/2019\/04\/segaccio-serramanico-fsa30-01-570x570.jpg 570w, https:\/\/falket.com\/wp-content\/uploads\/2019\/04\/segaccio-serramanico-fsa30-01-500x500.jpg 500w, https:\/\/falket.com\/wp-content\/uploads\/2019\/04\/segaccio-serramanico-fsa30-01-1000x1000.jpg 1000w, https:\/\/falket.com\/wp-content\/uploads\/2019\/04\/segaccio-serramanico-fsa30-01-700x700.jpg 700w, https:\/\/falket.com\/wp-content\/uploads\/2019\/04\/segaccio-serramanico-fsa30-01-900x900.jpg 900w\" sizes=\"(max-width: 1200px) 100vw, 1200px\" \/>            <\/span>\n        <\/a>\n\n\t\t<span class=\"add-to-cart-button-outer\"><span class=\"add-to-cart-button-inner\"><a href=\"\/fr\/wp-json\/wp\/v2\/product\/7900?add-to-cart=8044\" aria-describedby=\"woocommerce_loop_add_to_cart_link_describedby_8044\" data-quantity=\"1\" class=\"button product_type_simple add_to_cart_button ajax_add_to_cart qbutton add-to-cart-button\" data-product_id=\"8044\" data-product_sku=\"FSA30\" aria-label=\"Ajouter au panier\u00a0: &ldquo;Scie avec gaineFSA30 lame 30 cm&rdquo;\" rel=\"nofollow\" data-success_message=\"\u00ab\u00a0Scie avec gaine&lt;br&gt;FSA30 lame 30 cm\u00a0\u00bb a \u00e9t\u00e9 ajout\u00e9 \u00e0 votre panier\" role=\"button\">Ajouter au panier<\/a><\/span><\/span>\t<span id=\"woocommerce_loop_add_to_cart_link_describedby_8044\" class=\"screen-reader-text\">\n\t\t\t<\/span>\n\n    <\/div>\n        <a itemprop=\"url\" href=\"https:\/\/falket.com\/fr\/Produit\/scie-para-podar-avec-gaine-lame-30-cm-fsa30\/\" class=\"product-category product-info\">\n        <h6 itemprop=\"name\">Scie avec gaine<br>FSA30 lame 30 cm<\/h6>\n\t    \n\t    \n        \n\t<span class=\"price\"><span class=\"woocommerce-Price-amount amount\"><bdi>35,82<span class=\"woocommerce-Price-currencySymbol\">&euro;<\/span><\/bdi><\/span><\/span>\n    <\/a>\n    <span class=\"add-to-cart-button-outer\"><span class=\"add-to-cart-button-inner\"><a href=\"\/fr\/wp-json\/wp\/v2\/product\/7900?add-to-cart=8044\" aria-describedby=\"woocommerce_loop_add_to_cart_link_describedby_8044\" data-quantity=\"1\" class=\"button product_type_simple add_to_cart_button ajax_add_to_cart qbutton add-to-cart-button\" data-product_id=\"8044\" data-product_sku=\"FSA30\" aria-label=\"Ajouter au panier\u00a0: &ldquo;Scie avec gaineFSA30 lame 30 cm&rdquo;\" rel=\"nofollow\" data-success_message=\"\u00ab\u00a0Scie avec gaine&lt;br&gt;FSA30 lame 30 cm\u00a0\u00bb a \u00e9t\u00e9 ajout\u00e9 \u00e0 votre panier\" role=\"button\">Ajouter au panier<\/a><\/span><\/span>\t<span id=\"woocommerce_loop_add_to_cart_link_describedby_8044\" class=\"screen-reader-text\">\n\t\t\t<\/span>\n<\/li><\/ul>\n<\/div>[\/qode_elements_holder_item][qode_elements_holder_item vertical_alignment=\u00a0\u00bbmiddle\u00a0\u00bb advanced_animations=\u00a0\u00bbno\u00a0\u00bb]<a  itemprop=\"url\" href=\"https:\/\/falket.com\/fr\/produit-tag\/pieces-rechange-fsa30\/\" target=\"_self\" data-hover-background-color=\"#dbdbdb\" data-hover-border-color=\"#dbdbdb\" data-hover-color=\"#ffffff\" class=\"qbutton  center default button-ricambi\" style=\"color: #ffffff; border-color: #b80e26; background-color:#b80e26;\">RECHANGE<\/a>[\/qode_elements_holder_item][\/qode_elements_holder][vc_empty_space height=\u00a0\u00bb15px\u00a0\u00bb][\/vc_column_inner][\/vc_row_inner][\/vc_column][vc_column offset=\u00a0\u00bbvc_col-lg-6 vc_col-md-12&Prime; el_class=\u00a0\u00bbproduct-column-border-responsive\u00a0\u00bb][\/vc_column][\/vc_row][vc_row css_animation=\u00a0\u00bb\u00a0\u00bb row_type=\u00a0\u00bbrow\u00a0\u00bb use_row_as_full_screen_section=\u00a0\u00bbno\u00a0\u00bb type=\u00a0\u00bbgrid\u00a0\u00bb angled_section=\u00a0\u00bbno\u00a0\u00bb text_align=\u00a0\u00bbleft\u00a0\u00bb background_image_as_pattern=\u00a0\u00bbwithout_pattern\u00a0\u00bb css=\u00a0\u00bb.vc_custom_1624461695734{background-color: #f2f2f2 !important;}\u00a0\u00bb z_index=\u00a0\u00bb\u00a0\u00bb][vc_column el_class=\u00a0\u00bbproduct-column-border-responsive\u00a0\u00bb][vc_empty_space height=\u00a0\u00bb80px\u00a0\u00bb][\/vc_column][\/vc_row][vc_row css_animation=\u00a0\u00bb\u00a0\u00bb row_type=\u00a0\u00bbrow\u00a0\u00bb use_row_as_full_screen_section=\u00a0\u00bbno\u00a0\u00bb type=\u00a0\u00bbfull_width\u00a0\u00bb angled_section=\u00a0\u00bbno\u00a0\u00bb text_align=\u00a0\u00bbleft\u00a0\u00bb background_image_as_pattern=\u00a0\u00bbwithout_pattern\u00a0\u00bb][vc_column]<a  itemprop=\"url\" href=\"https:\/\/falket.com\/fr\/rechanges\/\" target=\"_self\" data-hover-background-color=\"#dbdbdb\" data-hover-border-color=\"#dbdbdb\" data-hover-color=\"#b80e26\" class=\"qbutton  big_large_full_width center default button-catalogo\" style=\"color: #afafaf; border-color: #26201e; background-color:#26201e;\">TOUTES LES PI\u00c8CES DE RECHANGE<\/a>[\/vc_column][\/vc_row]<\/p>\n<\/div>","protected":false},"excerpt":{"rendered":"<h1 style=\"padding-bottom: 15px;\">RECHANGES FB30<\/h1>\n<h3 style=\"font-weight: 600; padding-bottom: 15px; color: #da2628; letter-spacing: 4px;\">POUR SCIES POUR TAILLE FSA30<\/h3>\n<p style=\"padding-bottom: 25px;\">Lame de rechange<\/p>\n","protected":false},"featured_media":7184,"template":"","meta":[],"product_brand":[],"product_cat":[310],"product_tag":[354],"class_list":{"0":"post-7900","1":"product","2":"type-product","3":"status-publish","4":"has-post-thumbnail","6":"product_cat-rechanges-scies-pour-taille-pliable-et-telescope","7":"product_tag-pieces-rechange-fsa30","9":"first","10":"instock","11":"taxable","12":"shipping-taxable","13":"purchasable","14":"product-type-simple"},"yoast_head":"<!-- This site is optimized with the Yoast SEO plugin v25.8 - https:\/\/yoast.com\/wordpress\/plugins\/seo\/ -->\n<title>Rechanges FB30Scies pour taille - Falket<\/title>\n<meta name=\"robots\" content=\"index, follow, max-snippet:-1, max-image-preview:large, max-video-preview:-1\" \/>\n<link rel=\"canonical\" href=\"https:\/\/falket.com\/fr\/Produit\/rechanges-fb30-scies-pour-taille\/\" \/>\n<meta property=\"og:locale\" content=\"fr_FR\" \/>\n<meta property=\"og:type\" content=\"article\" \/>\n<meta property=\"og:title\" content=\"Rechanges FB30Scies pour taille - Falket\" \/>\n<meta property=\"og:description\" content=\"RECHANGES FB30 POUR SCIES POUR TAILLE FSA30 Lame de rechange\" \/>\n<meta property=\"og:url\" content=\"https:\/\/falket.com\/fr\/Produit\/rechanges-fb30-scies-pour-taille\/\" \/>\n<meta property=\"og:site_name\" content=\"Falket\" \/>\n<meta property=\"article:publisher\" content=\"https:\/\/www.facebook.com\/Falket-197602493678529\/\" \/>\n<meta property=\"article:modified_time\" content=\"2021-07-26T08:30:46+00:00\" \/>\n<meta property=\"og:image\" content=\"https:\/\/falket.com\/wp-content\/uploads\/2021\/06\/Ricambio-fb30.jpg\" \/>\n\t<meta property=\"og:image:width\" content=\"1200\" \/>\n\t<meta property=\"og:image:height\" content=\"1200\" \/>\n\t<meta property=\"og:image:type\" content=\"image\/jpeg\" \/>\n<meta name=\"twitter:card\" content=\"summary_large_image\" \/>\n<meta name=\"twitter:label1\" content=\"Dur\u00e9e de lecture estim\u00e9e\" \/>\n\t<meta name=\"twitter:data1\" content=\"2 minutes\" \/>\n<script type=\"application\/ld+json\" class=\"yoast-schema-graph\">{\"@context\":\"https:\/\/schema.org\",\"@graph\":[{\"@type\":\"WebPage\",\"@id\":\"https:\/\/falket.com\/fr\/Produit\/rechanges-fb30-scies-pour-taille\/\",\"url\":\"https:\/\/falket.com\/fr\/Produit\/rechanges-fb30-scies-pour-taille\/\",\"name\":\"Rechanges FB30 Scies pour taille - Falket\",\"isPartOf\":{\"@id\":\"https:\/\/falket.com\/fr\/#website\"},\"primaryImageOfPage\":{\"@id\":\"https:\/\/falket.com\/fr\/Produit\/rechanges-fb30-scies-pour-taille\/#primaryimage\"},\"image\":{\"@id\":\"https:\/\/falket.com\/fr\/Produit\/rechanges-fb30-scies-pour-taille\/#primaryimage\"},\"thumbnailUrl\":\"https:\/\/falket.com\/wp-content\/uploads\/2021\/06\/Ricambio-fb30.jpg\",\"datePublished\":\"2021-06-29T07:23:53+00:00\",\"dateModified\":\"2021-07-26T08:30:46+00:00\",\"breadcrumb\":{\"@id\":\"https:\/\/falket.com\/fr\/Produit\/rechanges-fb30-scies-pour-taille\/#breadcrumb\"},\"inLanguage\":\"fr-FR\",\"potentialAction\":[{\"@type\":\"ReadAction\",\"target\":[\"https:\/\/falket.com\/fr\/Produit\/rechanges-fb30-scies-pour-taille\/\"]}]},{\"@type\":\"ImageObject\",\"inLanguage\":\"fr-FR\",\"@id\":\"https:\/\/falket.com\/fr\/Produit\/rechanges-fb30-scies-pour-taille\/#primaryimage\",\"url\":\"https:\/\/falket.com\/wp-content\/uploads\/2021\/06\/Ricambio-fb30.jpg\",\"contentUrl\":\"https:\/\/falket.com\/wp-content\/uploads\/2021\/06\/Ricambio-fb30.jpg\",\"width\":1200,\"height\":1200,\"caption\":\"rechange scie fb30\"},{\"@type\":\"BreadcrumbList\",\"@id\":\"https:\/\/falket.com\/fr\/Produit\/rechanges-fb30-scies-pour-taille\/#breadcrumb\",\"itemListElement\":[{\"@type\":\"ListItem\",\"position\":1,\"name\":\"Produits\",\"item\":\"https:\/\/falket.com\/fr\/produits\/\"},{\"@type\":\"ListItem\",\"position\":2,\"name\":\"Rechanges FB30Scies pour taille\"}]},{\"@type\":\"WebSite\",\"@id\":\"https:\/\/falket.com\/fr\/#website\",\"url\":\"https:\/\/falket.com\/fr\/\",\"name\":\"Falket\",\"description\":\"Attrezzature per la potatura e il giardinaggio\",\"publisher\":{\"@id\":\"https:\/\/falket.com\/fr\/#organization\"},\"potentialAction\":[{\"@type\":\"SearchAction\",\"target\":{\"@type\":\"EntryPoint\",\"urlTemplate\":\"https:\/\/falket.com\/fr\/?s={search_term_string}\"},\"query-input\":{\"@type\":\"PropertyValueSpecification\",\"valueRequired\":true,\"valueName\":\"search_term_string\"}}],\"inLanguage\":\"fr-FR\"},{\"@type\":\"Organization\",\"@id\":\"https:\/\/falket.com\/fr\/#organization\",\"name\":\"Falket\",\"url\":\"https:\/\/falket.com\/fr\/\",\"logo\":{\"@type\":\"ImageObject\",\"inLanguage\":\"fr-FR\",\"@id\":\"https:\/\/falket.com\/fr\/#\/schema\/logo\/image\/\",\"url\":\"https:\/\/falket.com\/wp-content\/uploads\/2021\/07\/falket-logo-invoice.png\",\"contentUrl\":\"https:\/\/falket.com\/wp-content\/uploads\/2021\/07\/falket-logo-invoice.png\",\"width\":300,\"height\":80,\"caption\":\"Falket\"},\"image\":{\"@id\":\"https:\/\/falket.com\/fr\/#\/schema\/logo\/image\/\"},\"sameAs\":[\"https:\/\/www.facebook.com\/Falket-197602493678529\/\",\"https:\/\/www.instagram.com\/falket_professional\/\",\"https:\/\/www.linkedin.com\/company\/falket\/about\/\"]}]}<\/script>\n<!-- \/ Yoast SEO plugin. -->","yoast_head_json":{"title":"Rechanges FB30Scies pour taille - Falket","robots":{"index":"index","follow":"follow","max-snippet":"max-snippet:-1","max-image-preview":"max-image-preview:large","max-video-preview":"max-video-preview:-1"},"canonical":"https:\/\/falket.com\/fr\/Produit\/rechanges-fb30-scies-pour-taille\/","og_locale":"fr_FR","og_type":"article","og_title":"Rechanges FB30Scies pour taille - Falket","og_description":"RECHANGES FB30 POUR SCIES POUR TAILLE FSA30 Lame de rechange","og_url":"https:\/\/falket.com\/fr\/Produit\/rechanges-fb30-scies-pour-taille\/","og_site_name":"Falket","article_publisher":"https:\/\/www.facebook.com\/Falket-197602493678529\/","article_modified_time":"2021-07-26T08:30:46+00:00","og_image":[{"width":1200,"height":1200,"url":"https:\/\/falket.com\/wp-content\/uploads\/2021\/06\/Ricambio-fb30.jpg","type":"image\/jpeg"}],"twitter_card":"summary_large_image","twitter_misc":{"Dur\u00e9e de lecture estim\u00e9e":"2 minutes"},"schema":{"@context":"https:\/\/schema.org","@graph":[{"@type":"WebPage","@id":"https:\/\/falket.com\/fr\/Produit\/rechanges-fb30-scies-pour-taille\/","url":"https:\/\/falket.com\/fr\/Produit\/rechanges-fb30-scies-pour-taille\/","name":"Rechanges FB30 Scies pour taille - Falket","isPartOf":{"@id":"https:\/\/falket.com\/fr\/#website"},"primaryImageOfPage":{"@id":"https:\/\/falket.com\/fr\/Produit\/rechanges-fb30-scies-pour-taille\/#primaryimage"},"image":{"@id":"https:\/\/falket.com\/fr\/Produit\/rechanges-fb30-scies-pour-taille\/#primaryimage"},"thumbnailUrl":"https:\/\/falket.com\/wp-content\/uploads\/2021\/06\/Ricambio-fb30.jpg","datePublished":"2021-06-29T07:23:53+00:00","dateModified":"2021-07-26T08:30:46+00:00","breadcrumb":{"@id":"https:\/\/falket.com\/fr\/Produit\/rechanges-fb30-scies-pour-taille\/#breadcrumb"},"inLanguage":"fr-FR","potentialAction":[{"@type":"ReadAction","target":["https:\/\/falket.com\/fr\/Produit\/rechanges-fb30-scies-pour-taille\/"]}]},{"@type":"ImageObject","inLanguage":"fr-FR","@id":"https:\/\/falket.com\/fr\/Produit\/rechanges-fb30-scies-pour-taille\/#primaryimage","url":"https:\/\/falket.com\/wp-content\/uploads\/2021\/06\/Ricambio-fb30.jpg","contentUrl":"https:\/\/falket.com\/wp-content\/uploads\/2021\/06\/Ricambio-fb30.jpg","width":1200,"height":1200,"caption":"rechange scie fb30"},{"@type":"BreadcrumbList","@id":"https:\/\/falket.com\/fr\/Produit\/rechanges-fb30-scies-pour-taille\/#breadcrumb","itemListElement":[{"@type":"ListItem","position":1,"name":"Produits","item":"https:\/\/falket.com\/fr\/produits\/"},{"@type":"ListItem","position":2,"name":"Rechanges FB30Scies pour taille"}]},{"@type":"WebSite","@id":"https:\/\/falket.com\/fr\/#website","url":"https:\/\/falket.com\/fr\/","name":"Falket","description":"Attrezzature per la potatura e il giardinaggio","publisher":{"@id":"https:\/\/falket.com\/fr\/#organization"},"potentialAction":[{"@type":"SearchAction","target":{"@type":"EntryPoint","urlTemplate":"https:\/\/falket.com\/fr\/?s={search_term_string}"},"query-input":{"@type":"PropertyValueSpecification","valueRequired":true,"valueName":"search_term_string"}}],"inLanguage":"fr-FR"},{"@type":"Organization","@id":"https:\/\/falket.com\/fr\/#organization","name":"Falket","url":"https:\/\/falket.com\/fr\/","logo":{"@type":"ImageObject","inLanguage":"fr-FR","@id":"https:\/\/falket.com\/fr\/#\/schema\/logo\/image\/","url":"https:\/\/falket.com\/wp-content\/uploads\/2021\/07\/falket-logo-invoice.png","contentUrl":"https:\/\/falket.com\/wp-content\/uploads\/2021\/07\/falket-logo-invoice.png","width":300,"height":80,"caption":"Falket"},"image":{"@id":"https:\/\/falket.com\/fr\/#\/schema\/logo\/image\/"},"sameAs":["https:\/\/www.facebook.com\/Falket-197602493678529\/","https:\/\/www.instagram.com\/falket_professional\/","https:\/\/www.linkedin.com\/company\/falket\/about\/"]}]}},"_links":{"self":[{"href":"https:\/\/falket.com\/fr\/wp-json\/wp\/v2\/product\/7900","targetHints":{"allow":["GET"]}}],"collection":[{"href":"https:\/\/falket.com\/fr\/wp-json\/wp\/v2\/product"}],"about":[{"href":"https:\/\/falket.com\/fr\/wp-json\/wp\/v2\/types\/product"}],"wp:featuredmedia":[{"embeddable":true,"href":"https:\/\/falket.com\/fr\/wp-json\/wp\/v2\/media\/7184"}],"wp:attachment":[{"href":"https:\/\/falket.com\/fr\/wp-json\/wp\/v2\/media?parent=7900"}],"wp:term":[{"taxonomy":"product_brand","embeddable":true,"href":"https:\/\/falket.com\/fr\/wp-json\/wp\/v2\/product_brand?post=7900"},{"taxonomy":"product_cat","embeddable":true,"href":"https:\/\/falket.com\/fr\/wp-json\/wp\/v2\/product_cat?post=7900"},{"taxonomy":"product_tag","embeddable":true,"href":"https:\/\/falket.com\/fr\/wp-json\/wp\/v2\/product_tag?post=7900"}],"curies":[{"name":"wp","href":"https:\/\/api.w.org\/{rel}","templated":true}]}}