{"id":7989,"date":"2021-07-26T15:14:59","date_gmt":"2021-07-26T13:14:59","guid":{"rendered":"https:\/\/falket.com\/produits\/taille-haie-manuel-professionnels\/"},"modified":"2021-09-14T14:30:29","modified_gmt":"2021-09-14T12:30:29","slug":"taille-haie-manuel","status":"publish","type":"page","link":"https:\/\/falket.com\/fr\/produits\/taille-haie-manuel\/","title":{"rendered":"Taille haie manuel professionnels"},"content":{"rendered":"<div class=\"wpb-content-wrapper\"><p>[vc_row css_animation=\u00a0\u00bb\u00a0\u00bb row_type=\u00a0\u00bbrow\u00a0\u00bb use_row_as_full_screen_section=\u00a0\u00bbno\u00a0\u00bb type=\u00a0\u00bbfull_width\u00a0\u00bb angled_section=\u00a0\u00bbno\u00a0\u00bb text_align=\u00a0\u00bbleft\u00a0\u00bb background_image_as_pattern=\u00a0\u00bbwithout_pattern\u00a0\u00bb][vc_column offset=\u00a0\u00bbvc_col-lg-6 vc_col-md-7&Prime;][vc_row_inner row_type=\u00a0\u00bbrow\u00a0\u00bb type=\u00a0\u00bbfull_width\u00a0\u00bb text_align=\u00a0\u00bbleft\u00a0\u00bb css_animation=\u00a0\u00bb\u00a0\u00bb][vc_column_inner offset=\u00a0\u00bbvc_hidden-lg vc_hidden-sm vc_hidden-xs\u00a0\u00bb][vc_empty_space height=\u00a0\u00bb100px\u00a0\u00bb][\/vc_column_inner][\/vc_row_inner][vc_single_image image=\u00a0\u00bb6830&Prime; img_size=\u00a0\u00bb1170 x 1300&Prime; qode_css_animation=\u00a0\u00bb\u00a0\u00bb][\/vc_column][vc_column offset=\u00a0\u00bbvc_col-lg-5 vc_col-md-12&Prime;][vc_row_inner row_type=\u00a0\u00bbrow\u00a0\u00bb type=\u00a0\u00bbfull_width\u00a0\u00bb text_align=\u00a0\u00bbleft\u00a0\u00bb css_animation=\u00a0\u00bb\u00a0\u00bb][vc_column_inner offset=\u00a0\u00bbvc_hidden-md vc_hidden-sm vc_hidden-xs\u00a0\u00bb][vc_empty_space height=\u00a0\u00bb250px\u00a0\u00bb][\/vc_column_inner][\/vc_row_inner][vc_row_inner row_type=\u00a0\u00bbrow\u00a0\u00bb type=\u00a0\u00bbfull_width\u00a0\u00bb text_align=\u00a0\u00bbleft\u00a0\u00bb css_animation=\u00a0\u00bb\u00a0\u00bb][vc_column_inner offset=\u00a0\u00bbvc_hidden-lg\u00a0\u00bb][vc_empty_space height=\u00a0\u00bb60px\u00a0\u00bb][\/vc_column_inner][\/vc_row_inner][vc_row_inner row_type=\u00a0\u00bbrow\u00a0\u00bb type=\u00a0\u00bbfull_width\u00a0\u00bb text_align=\u00a0\u00bbleft\u00a0\u00bb css_animation=\u00a0\u00bb\u00a0\u00bb side_padding=\u00a0\u00bb5&Prime;][vc_column_inner][vc_column_text]<\/p>\n<h1>TAILLE HAIE MANUEL PROFESSIONNELLES<\/h1>\n<p>[\/vc_column_text][vc_empty_space height=\u00a0\u00bb30px\u00a0\u00bb][vc_column_text]Les taille haie manuel produites par FALKET et destin\u00e9es \u00e0 un usage professionnel, ont \u00e9t\u00e9 con\u00e7ues et fabriqu\u00e9es pour r\u00e9pondre aux besoins des utilisateurs les plus exigeants.[\/vc_column_text][vc_empty_space height=\u00a0\u00bb15px\u00a0\u00bb][vc_column_text]En acier C70 enrichi en carbone, lames enti\u00e8rement tremp\u00e9es avec des m\u00e9thodes sp\u00e9ciales HRC 57-59, aff\u00fbtage de pr\u00e9cision effectu\u00e9 avec des machines CNC, boulon central rectifi\u00e9 et tremp\u00e9 avec filetage interne et contre-\u00e9crou qui emp\u00eache le d\u00e9vissage, micro-denture sp\u00e9ciale r\u00e9alis\u00e9e sur l&rsquo;une des lames qui permet de retenir les branches et qui en m\u00eame temps effectue la coupe, amortisseurs en caoutchouc pour une absorption douce de la coupe, manches super l\u00e9gers en alliage d&rsquo;aluminium forg\u00e9 \u00e0 haute r\u00e9sistance, poign\u00e9es en bi-mati\u00e8re non toxique qui permettent une excellente transmission de puissance gr\u00e2ce au composant rigide et le confort assur\u00e9 par le composant souple.[\/vc_column_text][vc_empty_space height=\u00a0\u00bb15px\u00a0\u00bb][vc_column_text]La solidit\u00e9 de ces outils permet des coupes sur n&rsquo;importe quel type de haie ; la l\u00e9g\u00e8ret\u00e9 et l&rsquo;utilisation pratique ne fatiguent pas l&rsquo;utilisateur m\u00eame apr\u00e8s de nombreuses heures de travail.[\/vc_column_text][\/vc_column_inner][\/vc_row_inner][vc_empty_space height=\u00a0\u00bb30px\u00a0\u00bb][vc_row_inner row_type=\u00a0\u00bbrow\u00a0\u00bb type=\u00a0\u00bbfull_width\u00a0\u00bb text_align=\u00a0\u00bbcenter\u00a0\u00bb css_animation=\u00a0\u00bb\u00a0\u00bb][vc_column_inner]<div class=\"qode_video_box disabled_hover_overlay disabled_hover_zoom\">\n\t<a itemprop=\"image\" class=\"qode_video_image\" href=\"https:\/\/youtu.be\/xyPndCHRG9o?rel=0\" data-rel=\"prettyPhoto\">\n\t\t\t\t\t<img decoding=\"async\" width=\"100\" height=\"100\" src=\"https:\/\/falket.com\/wp-content\/uploads\/2020\/09\/play.png\" class=\"attachment-full size-full\" alt=\"play video\" \/>\t\t\t<span class=\"qode_video_box_button_holder\">\n\t\t\t\t<span class=\"qode_video_box_button\">\n\t\t\t\t\t<span class=\"qode_video_box_button_arrow\">\n\t\t\t\t\t<\/span>\n\t\t\t\t<\/span>\n\t\t\t<\/span>\n\t\t\t<\/a>\n<\/div>[vc_empty_space height=\u00a0\u00bb10px\u00a0\u00bb][vc_column_text]<\/p>\n<h6>REGARDEZ LA VID\u00c9O<\/h6>\n<p>[\/vc_column_text][\/vc_column_inner][\/vc_row_inner][vc_empty_space height=\u00a0\u00bb60px\u00a0\u00bb][\/vc_column][\/vc_row][vc_row css_animation=\u00a0\u00bb\u00a0\u00bb row_type=\u00a0\u00bbrow\u00a0\u00bb use_row_as_full_screen_section=\u00a0\u00bbno\u00a0\u00bb type=\u00a0\u00bbfull_width\u00a0\u00bb angled_section=\u00a0\u00bbno\u00a0\u00bb text_align=\u00a0\u00bbleft\u00a0\u00bb background_image_as_pattern=\u00a0\u00bbwithout_pattern\u00a0\u00bb][vc_column][vc_single_image image=\u00a0\u00bb6386&Prime; img_size=\u00a0\u00bb1370 x 50&Prime; alignment=\u00a0\u00bbcenter\u00a0\u00bb qode_css_animation=\u00a0\u00bb\u00a0\u00bb][vc_empty_space height=\u00a0\u00bb40px\u00a0\u00bb][\/vc_column][\/vc_row][vc_row css_animation=\u00a0\u00bb\u00a0\u00bb row_type=\u00a0\u00bbrow\u00a0\u00bb use_row_as_full_screen_section=\u00a0\u00bbno\u00a0\u00bb type=\u00a0\u00bbfull_width\u00a0\u00bb angled_section=\u00a0\u00bbno\u00a0\u00bb text_align=\u00a0\u00bbleft\u00a0\u00bb background_image_as_pattern=\u00a0\u00bbwithout_pattern\u00a0\u00bb][vc_column]<div class=\"woocommerce columns-4 \"><ul class=\"products\">\n<li class=\"product type-product post-7666 status-publish first instock product_cat-taille-haie-manuel-professionnels has-post-thumbnail taxable shipping-taxable purchasable product-type-simple\">\n\t\n\t\t\n    <div class=\"top-product-section\">\n\n        <a itemprop=\"url\" href=\"https:\/\/falket.com\/fr\/Produit\/taille-haie-manuel-professionnelles-60-cm-6022\/\" class=\"product-category\">\n            <span class=\"image-wrapper\">\n            <img decoding=\"async\" width=\"1200\" height=\"1200\" src=\"https:\/\/falket.com\/wp-content\/uploads\/2019\/04\/tagliasiepi-professionale-6022-01.jpg\" class=\"attachment-woocommerce_thumbnail size-woocommerce_thumbnail\" alt=\"taille haie manuel professionnels\" srcset=\"https:\/\/falket.com\/wp-content\/uploads\/2019\/04\/tagliasiepi-professionale-6022-01.jpg 1200w, https:\/\/falket.com\/wp-content\/uploads\/2019\/04\/tagliasiepi-professionale-6022-01-100x100.jpg 100w, https:\/\/falket.com\/wp-content\/uploads\/2019\/04\/tagliasiepi-professionale-6022-01-150x150.jpg 150w, https:\/\/falket.com\/wp-content\/uploads\/2019\/04\/tagliasiepi-professionale-6022-01-300x300.jpg 300w, https:\/\/falket.com\/wp-content\/uploads\/2019\/04\/tagliasiepi-professionale-6022-01-768x768.jpg 768w, https:\/\/falket.com\/wp-content\/uploads\/2019\/04\/tagliasiepi-professionale-6022-01-1024x1024.jpg 1024w, https:\/\/falket.com\/wp-content\/uploads\/2019\/04\/tagliasiepi-professionale-6022-01-570x570.jpg 570w, https:\/\/falket.com\/wp-content\/uploads\/2019\/04\/tagliasiepi-professionale-6022-01-500x500.jpg 500w, https:\/\/falket.com\/wp-content\/uploads\/2019\/04\/tagliasiepi-professionale-6022-01-1000x1000.jpg 1000w, https:\/\/falket.com\/wp-content\/uploads\/2019\/04\/tagliasiepi-professionale-6022-01-700x700.jpg 700w, https:\/\/falket.com\/wp-content\/uploads\/2019\/04\/tagliasiepi-professionale-6022-01-900x900.jpg 900w\" sizes=\"(max-width: 1200px) 100vw, 1200px\" \/>            <\/span>\n        <\/a>\n\n\t\t<span class=\"add-to-cart-button-outer\"><span class=\"add-to-cart-button-inner\"><a href=\"\/fr\/wp-json\/wp\/v2\/pages\/7989?add-to-cart=7666\" aria-describedby=\"woocommerce_loop_add_to_cart_link_describedby_7666\" data-quantity=\"1\" class=\"button product_type_simple add_to_cart_button ajax_add_to_cart qbutton add-to-cart-button\" data-product_id=\"7666\" data-product_sku=\"6022\" aria-label=\"Ajouter au panier\u00a0: &ldquo;Taille haie manuel 60cm6022&rdquo;\" rel=\"nofollow\" data-success_message=\"\u00ab\u00a0Taille haie manuel 60cm&lt;br&gt;6022\u00a0\u00bb a \u00e9t\u00e9 ajout\u00e9 \u00e0 votre panier\" role=\"button\">Ajouter au panier<\/a><\/span><\/span>\t<span id=\"woocommerce_loop_add_to_cart_link_describedby_7666\" class=\"screen-reader-text\">\n\t\t\t<\/span>\n\n    <\/div>\n        <a itemprop=\"url\" href=\"https:\/\/falket.com\/fr\/Produit\/taille-haie-manuel-professionnelles-60-cm-6022\/\" class=\"product-category product-info\">\n        <h6 itemprop=\"name\">Taille haie manuel 60cm<br>6022<\/h6>\n\t    \n\t    \n        \n\t<span class=\"price\"><span class=\"woocommerce-Price-amount amount\"><bdi>62,56<span class=\"woocommerce-Price-currencySymbol\">&euro;<\/span><\/bdi><\/span><\/span>\n    <\/a>\n    <span class=\"add-to-cart-button-outer\"><span class=\"add-to-cart-button-inner\"><a href=\"\/fr\/wp-json\/wp\/v2\/pages\/7989?add-to-cart=7666\" aria-describedby=\"woocommerce_loop_add_to_cart_link_describedby_7666\" data-quantity=\"1\" class=\"button product_type_simple add_to_cart_button ajax_add_to_cart qbutton add-to-cart-button\" data-product_id=\"7666\" data-product_sku=\"6022\" aria-label=\"Ajouter au panier\u00a0: &ldquo;Taille haie manuel 60cm6022&rdquo;\" rel=\"nofollow\" data-success_message=\"\u00ab\u00a0Taille haie manuel 60cm&lt;br&gt;6022\u00a0\u00bb a \u00e9t\u00e9 ajout\u00e9 \u00e0 votre panier\" role=\"button\">Ajouter au panier<\/a><\/span><\/span>\t<span id=\"woocommerce_loop_add_to_cart_link_describedby_7666\" class=\"screen-reader-text\">\n\t\t\t<\/span>\n<\/li>\n<li class=\"product type-product post-7697 status-publish instock product_cat-taille-haie-manuel-professionnels has-post-thumbnail taxable shipping-taxable purchasable product-type-simple\">\n\t\n\t\t\n    <div class=\"top-product-section\">\n\n        <a itemprop=\"url\" href=\"https:\/\/falket.com\/fr\/Produit\/taille-haie-manuel-professionnelles-75-cm-7522\/\" class=\"product-category\">\n            <span class=\"image-wrapper\">\n            <img decoding=\"async\" width=\"1200\" height=\"1200\" src=\"https:\/\/falket.com\/wp-content\/uploads\/2019\/04\/tagliasiepi-professionale-7522-01.jpg\" class=\"attachment-woocommerce_thumbnail size-woocommerce_thumbnail\" alt=\"Taille haie manuel professionnels\" srcset=\"https:\/\/falket.com\/wp-content\/uploads\/2019\/04\/tagliasiepi-professionale-7522-01.jpg 1200w, https:\/\/falket.com\/wp-content\/uploads\/2019\/04\/tagliasiepi-professionale-7522-01-100x100.jpg 100w, https:\/\/falket.com\/wp-content\/uploads\/2019\/04\/tagliasiepi-professionale-7522-01-150x150.jpg 150w, https:\/\/falket.com\/wp-content\/uploads\/2019\/04\/tagliasiepi-professionale-7522-01-300x300.jpg 300w, https:\/\/falket.com\/wp-content\/uploads\/2019\/04\/tagliasiepi-professionale-7522-01-768x768.jpg 768w, https:\/\/falket.com\/wp-content\/uploads\/2019\/04\/tagliasiepi-professionale-7522-01-1024x1024.jpg 1024w, https:\/\/falket.com\/wp-content\/uploads\/2019\/04\/tagliasiepi-professionale-7522-01-570x570.jpg 570w, https:\/\/falket.com\/wp-content\/uploads\/2019\/04\/tagliasiepi-professionale-7522-01-500x500.jpg 500w, https:\/\/falket.com\/wp-content\/uploads\/2019\/04\/tagliasiepi-professionale-7522-01-1000x1000.jpg 1000w, https:\/\/falket.com\/wp-content\/uploads\/2019\/04\/tagliasiepi-professionale-7522-01-700x700.jpg 700w, https:\/\/falket.com\/wp-content\/uploads\/2019\/04\/tagliasiepi-professionale-7522-01-900x900.jpg 900w\" sizes=\"(max-width: 1200px) 100vw, 1200px\" \/>            <\/span>\n        <\/a>\n\n\t\t<span class=\"add-to-cart-button-outer\"><span class=\"add-to-cart-button-inner\"><a href=\"\/fr\/wp-json\/wp\/v2\/pages\/7989?add-to-cart=7697\" aria-describedby=\"woocommerce_loop_add_to_cart_link_describedby_7697\" data-quantity=\"1\" class=\"button product_type_simple add_to_cart_button ajax_add_to_cart qbutton add-to-cart-button\" data-product_id=\"7697\" data-product_sku=\"7522\" aria-label=\"Ajouter au panier\u00a0: &ldquo;Taille haie manuel 75cm7522&rdquo;\" rel=\"nofollow\" data-success_message=\"\u00ab\u00a0Taille haie manuel 75cm&lt;br&gt;7522\u00a0\u00bb a \u00e9t\u00e9 ajout\u00e9 \u00e0 votre panier\" role=\"button\">Ajouter au panier<\/a><\/span><\/span>\t<span id=\"woocommerce_loop_add_to_cart_link_describedby_7697\" class=\"screen-reader-text\">\n\t\t\t<\/span>\n\n    <\/div>\n        <a itemprop=\"url\" href=\"https:\/\/falket.com\/fr\/Produit\/taille-haie-manuel-professionnelles-75-cm-7522\/\" class=\"product-category product-info\">\n        <h6 itemprop=\"name\">Taille haie manuel 75cm<br>7522<\/h6>\n\t    \n\t    \n        \n\t<span class=\"price\"><span class=\"woocommerce-Price-amount amount\"><bdi>66,27<span class=\"woocommerce-Price-currencySymbol\">&euro;<\/span><\/bdi><\/span><\/span>\n    <\/a>\n    <span class=\"add-to-cart-button-outer\"><span class=\"add-to-cart-button-inner\"><a href=\"\/fr\/wp-json\/wp\/v2\/pages\/7989?add-to-cart=7697\" aria-describedby=\"woocommerce_loop_add_to_cart_link_describedby_7697\" data-quantity=\"1\" class=\"button product_type_simple add_to_cart_button ajax_add_to_cart qbutton add-to-cart-button\" data-product_id=\"7697\" data-product_sku=\"7522\" aria-label=\"Ajouter au panier\u00a0: &ldquo;Taille haie manuel 75cm7522&rdquo;\" rel=\"nofollow\" data-success_message=\"\u00ab\u00a0Taille haie manuel 75cm&lt;br&gt;7522\u00a0\u00bb a \u00e9t\u00e9 ajout\u00e9 \u00e0 votre panier\" role=\"button\">Ajouter au panier<\/a><\/span><\/span>\t<span id=\"woocommerce_loop_add_to_cart_link_describedby_7697\" class=\"screen-reader-text\">\n\t\t\t<\/span>\n<\/li><\/ul>\n<\/div>[\/vc_column][\/vc_row]<\/p>\n<\/div>","protected":false},"excerpt":{"rendered":"<p>[vc_row css_animation=\u00a0\u00bb\u00a0\u00bb row_type=\u00a0\u00bbrow\u00a0\u00bb use_row_as_full_screen_section=\u00a0\u00bbno\u00a0\u00bb type=\u00a0\u00bbfull_width\u00a0\u00bb angled_section=\u00a0\u00bbno\u00a0\u00bb text_align=\u00a0\u00bbleft\u00a0\u00bb background_image_as_pattern=\u00a0\u00bbwithout_pattern\u00a0\u00bb][vc_column offset=\u00a0\u00bbvc_col-lg-6 vc_col-md-7&Prime;][vc_row_inner row_type=\u00a0\u00bbrow\u00a0\u00bb type=\u00a0\u00bbfull_width\u00a0\u00bb text_align=\u00a0\u00bbleft\u00a0\u00bb css_animation=\u00a0\u00bb\u00a0\u00bb][vc_column_inner offset=\u00a0\u00bbvc_hidden-lg vc_hidden-sm vc_hidden-xs\u00a0\u00bb][vc_empty_space height=\u00a0\u00bb100px\u00a0\u00bb][\/vc_column_inner][\/vc_row_inner][vc_single_image image=\u00a0\u00bb6830&Prime; img_size=\u00a0\u00bb1170 x 1300&Prime; qode_css_animation=\u00a0\u00bb\u00a0\u00bb][\/vc_column][vc_column offset=\u00a0\u00bbvc_col-lg-5 vc_col-md-12&Prime;][vc_row_inner row_type=\u00a0\u00bbrow\u00a0\u00bb type=\u00a0\u00bbfull_width\u00a0\u00bb text_align=\u00a0\u00bbleft\u00a0\u00bb css_animation=\u00a0\u00bb\u00a0\u00bb][vc_column_inner offset=\u00a0\u00bbvc_hidden-md vc_hidden-sm vc_hidden-xs\u00a0\u00bb][vc_empty_space height=\u00a0\u00bb250px\u00a0\u00bb][\/vc_column_inner][\/vc_row_inner][vc_row_inner row_type=\u00a0\u00bbrow\u00a0\u00bb type=\u00a0\u00bbfull_width\u00a0\u00bb text_align=\u00a0\u00bbleft\u00a0\u00bb css_animation=\u00a0\u00bb\u00a0\u00bb][vc_column_inner offset=\u00a0\u00bbvc_hidden-lg\u00a0\u00bb][vc_empty_space height=\u00a0\u00bb60px\u00a0\u00bb][\/vc_column_inner][\/vc_row_inner][vc_row_inner row_type=\u00a0\u00bbrow\u00a0\u00bb type=\u00a0\u00bbfull_width\u00a0\u00bb text_align=\u00a0\u00bbleft\u00a0\u00bb css_animation=\u00a0\u00bb\u00a0\u00bb side_padding=\u00a0\u00bb5&Prime;][vc_column_inner][vc_column_text] TAILLE&#8230;<\/p>\n","protected":false},"author":1,"featured_media":0,"parent":6866,"menu_order":0,"comment_status":"closed","ping_status":"closed","template":"full_width.php","meta":{"footnotes":""},"class_list":["post-7989","page","type-page","status-publish","hentry"],"yoast_head":"<!-- This site is optimized with the Yoast SEO plugin v25.8 - https:\/\/yoast.com\/wordpress\/plugins\/seo\/ -->\n<title>Taille haie manuel professionnels - Falket<\/title>\n<meta name=\"description\" content=\"Taille haie manuel d&#039;\u00e9lagage Falket ont \u00e9t\u00e9 con\u00e7ues et fabriqu\u00e9es pour r\u00e9pondre aux besoins des utilisateurs les plus exigeants.\" \/>\n<meta name=\"robots\" content=\"index, follow, max-snippet:-1, max-image-preview:large, max-video-preview:-1\" \/>\n<link rel=\"canonical\" href=\"https:\/\/falket.com\/fr\/produits\/taille-haie-manuel\/\" \/>\n<meta property=\"og:locale\" content=\"fr_FR\" \/>\n<meta property=\"og:type\" content=\"article\" \/>\n<meta property=\"og:title\" content=\"Taille haie manuel professionnels - Falket\" \/>\n<meta property=\"og:description\" content=\"Taille haie manuel d&#039;\u00e9lagage Falket ont \u00e9t\u00e9 con\u00e7ues et fabriqu\u00e9es pour r\u00e9pondre aux besoins des utilisateurs les plus exigeants.\" \/>\n<meta property=\"og:url\" content=\"https:\/\/falket.com\/fr\/produits\/taille-haie-manuel\/\" \/>\n<meta property=\"og:site_name\" content=\"Falket\" \/>\n<meta property=\"article:publisher\" content=\"https:\/\/www.facebook.com\/Falket-197602493678529\/\" \/>\n<meta property=\"article:modified_time\" content=\"2021-09-14T12:30:29+00:00\" \/>\n<meta name=\"twitter:card\" content=\"summary_large_image\" \/>\n<meta name=\"twitter:label1\" content=\"Dur\u00e9e de lecture estim\u00e9e\" \/>\n\t<meta name=\"twitter:data1\" content=\"2 minutes\" \/>\n<script type=\"application\/ld+json\" class=\"yoast-schema-graph\">{\"@context\":\"https:\/\/schema.org\",\"@graph\":[{\"@type\":\"WebPage\",\"@id\":\"https:\/\/falket.com\/fr\/produits\/taille-haie-manuel\/\",\"url\":\"https:\/\/falket.com\/fr\/produits\/taille-haie-manuel\/\",\"name\":\"Taille haie manuel professionnels - Falket\",\"isPartOf\":{\"@id\":\"https:\/\/falket.com\/fr\/#website\"},\"datePublished\":\"2021-07-26T13:14:59+00:00\",\"dateModified\":\"2021-09-14T12:30:29+00:00\",\"description\":\"Taille haie manuel d'\u00e9lagage Falket ont \u00e9t\u00e9 con\u00e7ues et fabriqu\u00e9es pour r\u00e9pondre aux besoins des utilisateurs les plus exigeants.\",\"breadcrumb\":{\"@id\":\"https:\/\/falket.com\/fr\/produits\/taille-haie-manuel\/#breadcrumb\"},\"inLanguage\":\"fr-FR\",\"potentialAction\":[{\"@type\":\"ReadAction\",\"target\":[\"https:\/\/falket.com\/fr\/produits\/taille-haie-manuel\/\"]}]},{\"@type\":\"BreadcrumbList\",\"@id\":\"https:\/\/falket.com\/fr\/produits\/taille-haie-manuel\/#breadcrumb\",\"itemListElement\":[{\"@type\":\"ListItem\",\"position\":1,\"name\":\"Produits\",\"item\":\"https:\/\/falket.com\/fr\/produits\/\"},{\"@type\":\"ListItem\",\"position\":2,\"name\":\"Taille haie manuel professionnels\"}]},{\"@type\":\"WebSite\",\"@id\":\"https:\/\/falket.com\/fr\/#website\",\"url\":\"https:\/\/falket.com\/fr\/\",\"name\":\"Falket\",\"description\":\"Attrezzature per la potatura e il giardinaggio\",\"publisher\":{\"@id\":\"https:\/\/falket.com\/fr\/#organization\"},\"potentialAction\":[{\"@type\":\"SearchAction\",\"target\":{\"@type\":\"EntryPoint\",\"urlTemplate\":\"https:\/\/falket.com\/fr\/?s={search_term_string}\"},\"query-input\":{\"@type\":\"PropertyValueSpecification\",\"valueRequired\":true,\"valueName\":\"search_term_string\"}}],\"inLanguage\":\"fr-FR\"},{\"@type\":\"Organization\",\"@id\":\"https:\/\/falket.com\/fr\/#organization\",\"name\":\"Falket\",\"url\":\"https:\/\/falket.com\/fr\/\",\"logo\":{\"@type\":\"ImageObject\",\"inLanguage\":\"fr-FR\",\"@id\":\"https:\/\/falket.com\/fr\/#\/schema\/logo\/image\/\",\"url\":\"https:\/\/falket.com\/wp-content\/uploads\/2021\/07\/falket-logo-invoice.png\",\"contentUrl\":\"https:\/\/falket.com\/wp-content\/uploads\/2021\/07\/falket-logo-invoice.png\",\"width\":300,\"height\":80,\"caption\":\"Falket\"},\"image\":{\"@id\":\"https:\/\/falket.com\/fr\/#\/schema\/logo\/image\/\"},\"sameAs\":[\"https:\/\/www.facebook.com\/Falket-197602493678529\/\",\"https:\/\/www.instagram.com\/falket_professional\/\",\"https:\/\/www.linkedin.com\/company\/falket\/about\/\"]}]}<\/script>\n<!-- \/ Yoast SEO plugin. -->","yoast_head_json":{"title":"Taille haie manuel professionnels - Falket","description":"Taille haie manuel d'\u00e9lagage Falket ont \u00e9t\u00e9 con\u00e7ues et fabriqu\u00e9es pour r\u00e9pondre aux besoins des utilisateurs les plus exigeants.","robots":{"index":"index","follow":"follow","max-snippet":"max-snippet:-1","max-image-preview":"max-image-preview:large","max-video-preview":"max-video-preview:-1"},"canonical":"https:\/\/falket.com\/fr\/produits\/taille-haie-manuel\/","og_locale":"fr_FR","og_type":"article","og_title":"Taille haie manuel professionnels - Falket","og_description":"Taille haie manuel d'\u00e9lagage Falket ont \u00e9t\u00e9 con\u00e7ues et fabriqu\u00e9es pour r\u00e9pondre aux besoins des utilisateurs les plus exigeants.","og_url":"https:\/\/falket.com\/fr\/produits\/taille-haie-manuel\/","og_site_name":"Falket","article_publisher":"https:\/\/www.facebook.com\/Falket-197602493678529\/","article_modified_time":"2021-09-14T12:30:29+00:00","twitter_card":"summary_large_image","twitter_misc":{"Dur\u00e9e de lecture estim\u00e9e":"2 minutes"},"schema":{"@context":"https:\/\/schema.org","@graph":[{"@type":"WebPage","@id":"https:\/\/falket.com\/fr\/produits\/taille-haie-manuel\/","url":"https:\/\/falket.com\/fr\/produits\/taille-haie-manuel\/","name":"Taille haie manuel professionnels - Falket","isPartOf":{"@id":"https:\/\/falket.com\/fr\/#website"},"datePublished":"2021-07-26T13:14:59+00:00","dateModified":"2021-09-14T12:30:29+00:00","description":"Taille haie manuel d'\u00e9lagage Falket ont \u00e9t\u00e9 con\u00e7ues et fabriqu\u00e9es pour r\u00e9pondre aux besoins des utilisateurs les plus exigeants.","breadcrumb":{"@id":"https:\/\/falket.com\/fr\/produits\/taille-haie-manuel\/#breadcrumb"},"inLanguage":"fr-FR","potentialAction":[{"@type":"ReadAction","target":["https:\/\/falket.com\/fr\/produits\/taille-haie-manuel\/"]}]},{"@type":"BreadcrumbList","@id":"https:\/\/falket.com\/fr\/produits\/taille-haie-manuel\/#breadcrumb","itemListElement":[{"@type":"ListItem","position":1,"name":"Produits","item":"https:\/\/falket.com\/fr\/produits\/"},{"@type":"ListItem","position":2,"name":"Taille haie manuel professionnels"}]},{"@type":"WebSite","@id":"https:\/\/falket.com\/fr\/#website","url":"https:\/\/falket.com\/fr\/","name":"Falket","description":"Attrezzature per la potatura e il giardinaggio","publisher":{"@id":"https:\/\/falket.com\/fr\/#organization"},"potentialAction":[{"@type":"SearchAction","target":{"@type":"EntryPoint","urlTemplate":"https:\/\/falket.com\/fr\/?s={search_term_string}"},"query-input":{"@type":"PropertyValueSpecification","valueRequired":true,"valueName":"search_term_string"}}],"inLanguage":"fr-FR"},{"@type":"Organization","@id":"https:\/\/falket.com\/fr\/#organization","name":"Falket","url":"https:\/\/falket.com\/fr\/","logo":{"@type":"ImageObject","inLanguage":"fr-FR","@id":"https:\/\/falket.com\/fr\/#\/schema\/logo\/image\/","url":"https:\/\/falket.com\/wp-content\/uploads\/2021\/07\/falket-logo-invoice.png","contentUrl":"https:\/\/falket.com\/wp-content\/uploads\/2021\/07\/falket-logo-invoice.png","width":300,"height":80,"caption":"Falket"},"image":{"@id":"https:\/\/falket.com\/fr\/#\/schema\/logo\/image\/"},"sameAs":["https:\/\/www.facebook.com\/Falket-197602493678529\/","https:\/\/www.instagram.com\/falket_professional\/","https:\/\/www.linkedin.com\/company\/falket\/about\/"]}]}},"_links":{"self":[{"href":"https:\/\/falket.com\/fr\/wp-json\/wp\/v2\/pages\/7989","targetHints":{"allow":["GET"]}}],"collection":[{"href":"https:\/\/falket.com\/fr\/wp-json\/wp\/v2\/pages"}],"about":[{"href":"https:\/\/falket.com\/fr\/wp-json\/wp\/v2\/types\/page"}],"author":[{"embeddable":true,"href":"https:\/\/falket.com\/fr\/wp-json\/wp\/v2\/users\/1"}],"replies":[{"embeddable":true,"href":"https:\/\/falket.com\/fr\/wp-json\/wp\/v2\/comments?post=7989"}],"version-history":[{"count":1,"href":"https:\/\/falket.com\/fr\/wp-json\/wp\/v2\/pages\/7989\/revisions"}],"predecessor-version":[{"id":8652,"href":"https:\/\/falket.com\/fr\/wp-json\/wp\/v2\/pages\/7989\/revisions\/8652"}],"up":[{"embeddable":true,"href":"https:\/\/falket.com\/fr\/wp-json\/wp\/v2\/pages\/6866"}],"wp:attachment":[{"href":"https:\/\/falket.com\/fr\/wp-json\/wp\/v2\/media?parent=7989"}],"curies":[{"name":"wp","href":"https:\/\/api.w.org\/{rel}","templated":true}]}}