{"id":6423,"date":"2021-07-21T12:39:34","date_gmt":"2021-07-21T10:39:34","guid":{"rendered":"https:\/\/falket.com\/entreprise\/"},"modified":"2021-09-14T14:26:59","modified_gmt":"2021-09-14T12:26:59","slug":"entreprise","status":"publish","type":"page","link":"https:\/\/falket.com\/fr\/entreprise\/","title":{"rendered":"Entreprise"},"content":{"rendered":"<div class=\"wpb-content-wrapper\"><p>[vc_row css_animation=\u00a0\u00bb\u00a0\u00bb row_type=\u00a0\u00bbrow\u00a0\u00bb use_row_as_full_screen_section=\u00a0\u00bbno\u00a0\u00bb type=\u00a0\u00bbfull_width\u00a0\u00bb angled_section=\u00a0\u00bbno\u00a0\u00bb text_align=\u00a0\u00bbleft\u00a0\u00bb background_image_as_pattern=\u00a0\u00bbwithout_pattern\u00a0\u00bb css=\u00a0\u00bb.vc_custom_1555684658428{background-color: #26201e !important;}\u00a0\u00bb z_index=\u00a0\u00bb\u00a0\u00bb el_class=\u00a0\u00bbbg-azienda-01&Prime;][vc_column offset=\u00a0\u00bbvc_hidden-md vc_hidden-sm vc_hidden-xs\u00a0\u00bb][vc_empty_space height=\u00a0\u00bb300px\u00a0\u00bb][vc_row_inner row_type=\u00a0\u00bbrow\u00a0\u00bb type=\u00a0\u00bbfull_width\u00a0\u00bb text_align=\u00a0\u00bbcenter\u00a0\u00bb css_animation=\u00a0\u00bb\u00a0\u00bb side_padding=\u00a0\u00bb5&Prime;][vc_column_inner offset=\u00a0\u00bbvc_col-lg-offset-1 vc_col-lg-5 vc_col-md-offset-0 vc_col-md-10&Prime;][vc_column_text]<\/p>\n<h1 style=\"color: #fff; text-align: left;\">NOTRE ENTREPRISE<\/h1>\n<h3 style=\"color: #fff; padding-bottom: 20px; text-align: left;\">NOTRE SAVOIR-FAIRE<\/h3>\n<p style=\"color: #fff; text-align: left;\">Notre entreprise a \u00e9t\u00e9 fond\u00e9e en 1972 \u00e0 Premana dans le nord de l&rsquo;Italie.<br \/>\nLe village, situ\u00e9 dans la province de Lecco, est nich\u00e9 dans l&rsquo;Alta Valsassina, zone connue depuis des si\u00e8cles pour l&rsquo;extraction et la transformation du fer.<br \/>\nAujourd&rsquo;hui, cette zone est c\u00e9l\u00e8bre dans le monde entier en raison de son intense activit\u00e9 de production d&rsquo;articles de coupe. L&rsquo;entreprise a su conserver son caract\u00e8re artisanal tout en se d\u00e9veloppant sur le march\u00e9 des articles manuels professionnels pour la taille et le jardinage. La gamme FALKET comprend : \u00e9brancheurs, cisailles \u00e0 haies, s\u00e9cateurs professionnels avec poign\u00e9es en aluminium, \u00e0 double coupe, professionnels pour la vigne, \u00e9pinettes de jardinage, scies \u00e0 m\u00e9taux et couteaux \u00e0 greffer. Tous les produits peuvent \u00eatre utilis\u00e9s pour diff\u00e9rentes activit\u00e9s : taille professionnelle, coupe d&rsquo;arbustes, \u00e9claircissage de bois et d&rsquo;all\u00e9es, petits travaux d&rsquo;amateur ou entretien du jardin.<br \/>\nUtiliser des produits FALKET, c&rsquo;est la garantie d&rsquo;une coupe puissante, nette et pr\u00e9cise, sans le moindre \u00e9crasement de la branche. Les produits sont remarquables par leur l\u00e9g\u00e8ret\u00e9, une qualit\u00e9 de plus en plus recherch\u00e9e et appr\u00e9ci\u00e9e par chaque utilisateur, leur robustesse, une qualit\u00e9 n\u00e9cessaire pour faire des coupes de grande taille, et leur durabilit\u00e9 garantie dans le temps.<br \/>\nDes pi\u00e8ces d\u00e9tach\u00e9es sont disponibles pour chaque produit, pour un remplacement rapide et facile et une restauration aux performances d&rsquo;origine. FALKET garantit ses produits \u00e0 vie contre les d\u00e9fauts de fabrication pour une utilisation conforme \u00e0 l&rsquo;usage pr\u00e9vu du produit.<\/p>\n<p>\u00a0[\/vc_column_text][\/vc_column_inner][vc_column_inner offset=\u00a0\u00bbvc_col-lg-6 vc_col-md-12&Prime;][vc_empty_space height=\u00a0\u00bb60px\u00a0\u00bb el_class=\u00a0\u00bbempty-space-video-azienda\u00a0\u00bb]<div class=\"qode_video_box disabled_hover_overlay\">\n\t<a itemprop=\"image\" class=\"qode_video_image\" href=\"https:\/\/youtu.be\/3Yk6O0V2IW0\" data-rel=\"prettyPhoto\">\n\t\t\t\t\t<img decoding=\"async\" width=\"126\" height=\"126\" src=\"https:\/\/falket.com\/wp-content\/uploads\/2020\/11\/play_circle_red.png\" class=\"attachment-full size-full\" alt=\"\" srcset=\"https:\/\/falket.com\/wp-content\/uploads\/2020\/11\/play_circle_red.png 126w, https:\/\/falket.com\/wp-content\/uploads\/2020\/11\/play_circle_red-100x100.png 100w\" sizes=\"(max-width: 126px) 100vw, 126px\" \/>\t\t\t<span class=\"qode_video_box_button_holder\">\n\t\t\t\t<span class=\"qode_video_box_button\">\n\t\t\t\t\t<span class=\"qode_video_box_button_arrow\">\n\t\t\t\t\t<\/span>\n\t\t\t\t<\/span>\n\t\t\t<\/span>\n\t\t\t<\/a>\n<\/div>[vc_empty_space height=\u00a0\u00bb12px\u00a0\u00bb][vc_column_text]<\/p>\n<p style=\"font-size: 12px; letter-spacing: 4px; color: #fff; text-align: center; font-weight: 600;\">Regardez la vid\u00e9o<\/p>\n<p style=\"color: #fff; text-align: center;\">D\u00c9COUVREZ NOTRE PRODUCTION ARTISANALE<\/p>\n<p>\u00a0[\/vc_column_text][\/vc_column_inner][\/vc_row_inner][vc_empty_space height=\u00a0\u00bb300px\u00a0\u00bb][vc_row_inner row_type=\u00a0\u00bbrow\u00a0\u00bb type=\u00a0\u00bbfull_width\u00a0\u00bb text_align=\u00a0\u00bbleft\u00a0\u00bb css_animation=\u00a0\u00bb\u00a0\u00bb el_class=\u00a0\u00bbbg-azienda-02&Prime;][vc_column_inner width=\u00a0\u00bb1\/2&Prime; offset=\u00a0\u00bbvc_col-lg-6 vc_col-md-5&Prime; css=\u00a0\u00bb.vc_custom_1556880745472{margin-top: -150px !important;}\u00a0\u00bb][vc_single_image image=\u00a0\u00bb6442&Prime; img_size=\u00a0\u00bb946 x 946&Prime; qode_css_animation=\u00a0\u00bb\u00a0\u00bb][vc_empty_space height=\u00a0\u00bb250px\u00a0\u00bb][\/vc_column_inner][vc_column_inner width=\u00a0\u00bb1\/2&Prime; offset=\u00a0\u00bbvc_col-lg-5 vc_col-md-6&Prime;][vc_empty_space height=\u00a0\u00bb15px\u00a0\u00bb][vc_column_text]<\/p>\n<h1 style=\"color: #fff;\">RECHERCHE ET INNOVATION<\/h1>\n<h3 style=\"color: #fff; padding-bottom: 20px;\">UNE HISTOIRE DE PLUS DE 40 ANS<\/h3>\n<p style=\"color: #fff;\">L&rsquo;usine produit une gamme compl\u00e8te d&rsquo;outils manuels et professionnels pour la taille et le jardinage, distingu\u00e9s par la marque FALKET\u00ae, qui au fil des ans est devenue synonyme de qualit\u00e9 pour des performances, une fonctionnalit\u00e9 et une fiabilit\u00e9 \u00e9lev\u00e9es. La qualit\u00e9 constante de nos produits est garantie par une recherche continue de mat\u00e9riaux nouveaux et de plus en plus fiables sur le plan qualitatif, l&rsquo;ensemble du processus de production, de la conception \u00e0 l&#8217;emballage, r\u00e9alis\u00e9 au sein de l&rsquo;entreprise, les contr\u00f4les rigoureux et nombreux effectu\u00e9s dans le respect des r\u00e9glementations internes strictes, les m\u00e9thodes de production modernes et innovantes et le savoir-faire technologique et des employ\u00e9s, unis \u00e0 l&rsquo;exp\u00e9rience artisanale acquise au fil des ans.<br \/>\nPour \u00e9largir et consolider son offre de produits, FALKET\u00ae porte une attention particuli\u00e8re aux besoins du march\u00e9 et de ses clients. C&rsquo;est pourquoi nous nous engageons \u00e0 rechercher en continu des solutions nouvelles et innovantes.<\/p>\n<p>\u00a0[\/vc_column_text][\/vc_column_inner][\/vc_row_inner][\/vc_column][\/vc_row][vc_row css_animation=\u00a0\u00bb\u00a0\u00bb row_type=\u00a0\u00bbrow\u00a0\u00bb use_row_as_full_screen_section=\u00a0\u00bbno\u00a0\u00bb type=\u00a0\u00bbfull_width\u00a0\u00bb angled_section=\u00a0\u00bbno\u00a0\u00bb text_align=\u00a0\u00bbleft\u00a0\u00bb background_image_as_pattern=\u00a0\u00bbwithout_pattern\u00a0\u00bb css=\u00a0\u00bb.vc_custom_1555684879864{background-color: #26201e !important;}\u00a0\u00bb z_index=\u00a0\u00bb\u00a0\u00bb][vc_column offset=\u00a0\u00bbvc_hidden-lg\u00a0\u00bb][vc_single_image image=\u00a0\u00bb6841&Prime; img_size=\u00a0\u00bb1920 x 1055&Prime; alignment=\u00a0\u00bbcenter\u00a0\u00bb qode_css_animation=\u00a0\u00bb\u00a0\u00bb][vc_row_inner row_type=\u00a0\u00bbrow\u00a0\u00bb type=\u00a0\u00bbfull_width\u00a0\u00bb text_align=\u00a0\u00bbleft\u00a0\u00bb css_animation=\u00a0\u00bb\u00a0\u00bb side_padding=\u00a0\u00bb5&Prime;][vc_column_inner css=\u00a0\u00bb.vc_custom_1555684932300{margin-top: -80px !important;}\u00a0\u00bb][vc_column_text]<\/p>\n<h1 style=\"color: #fff; text-align: left;\">NOTRE ENTREPRISE<\/h1>\n<h3 style=\"color: #fff; padding-bottom: 20px; text-align: left;\">NOTRE SAVOIR-FAIRE<\/h3>\n<p style=\"color: #fff; text-align: left;\">Notre entreprise a \u00e9t\u00e9 fond\u00e9e en 1972 \u00e0 Premana dans le nord de l&rsquo;Italie.<\/p>\n<p>Le village, situ\u00e9 dans la province de Lecco, est nich\u00e9 dans l&rsquo;Alta Valsassina, zone connue depuis des si\u00e8cles pour l&rsquo;extraction et la transformation du fer.<\/p>\n<p>Aujourd&rsquo;hui, cette zone est c\u00e9l\u00e8bre dans le monde entier en raison de son intense activit\u00e9 de production d&rsquo;articles de coupe. L&rsquo;entreprise a su conserver son caract\u00e8re artisanal tout en se d\u00e9veloppant sur le march\u00e9 des articles manuels professionnels pour la taille et le jardinage. La gamme FALKET comprend : \u00e9brancheurs, cisailles \u00e0 haies, s\u00e9cateurs professionnels avec poign\u00e9es en aluminium, \u00e0 double coupe, professionnels pour la vigne, \u00e9pinettes de jardinage, scies \u00e0 m\u00e9taux et couteaux \u00e0 greffer. Tous les produits peuvent \u00eatre utilis\u00e9s pour diff\u00e9rentes activit\u00e9s : taille professionnelle, coupe d&rsquo;arbustes, \u00e9claircissage de bois et d&rsquo;all\u00e9es, petits travaux d&rsquo;amateur ou entretien du jardin.<br \/>\nUtiliser des produits FALKET, c&rsquo;est la garantie d&rsquo;une coupe puissante, nette et pr\u00e9cise, sans le moindre \u00e9crasement de la branche. Les produits sont remarquables par leur l\u00e9g\u00e8ret\u00e9, une qualit\u00e9 de plus en plus recherch\u00e9e et appr\u00e9ci\u00e9e par chaque utilisateur, leur robustesse, une qualit\u00e9 n\u00e9cessaire pour faire des coupes de grande taille, et leur durabilit\u00e9 garantie dans le temps.<br \/>\nDes pi\u00e8ces d\u00e9tach\u00e9es sont disponibles pour chaque produit, pour un remplacement rapide et facile et une restauration aux performances d&rsquo;origine. FALKET garantit ses produits \u00e0 vie contre les d\u00e9fauts de fabrication pour une utilisation conforme \u00e0 l&rsquo;usage pr\u00e9vu du produit.<\/p>\n<p>[\/vc_column_text][\/vc_column_inner][\/vc_row_inner][vc_row_inner row_type=\u00a0\u00bbrow\u00a0\u00bb type=\u00a0\u00bbfull_width\u00a0\u00bb text_align=\u00a0\u00bbcenter\u00a0\u00bb css_animation=\u00a0\u00bb\u00a0\u00bb side_padding=\u00a0\u00bb5&Prime;][vc_column_inner][vc_empty_space height=\u00a0\u00bb50px\u00a0\u00bb]<div class=\"qode_video_box disabled_hover_overlay\">\n\t<a itemprop=\"image\" class=\"qode_video_image\" href=\"https:\/\/youtu.be\/3Yk6O0V2IW0\" data-rel=\"prettyPhoto\">\n\t\t\t\t\t<img decoding=\"async\" width=\"126\" height=\"126\" src=\"https:\/\/falket.com\/wp-content\/uploads\/2020\/11\/play_circle_red.png\" class=\"attachment-full size-full\" alt=\"\" srcset=\"https:\/\/falket.com\/wp-content\/uploads\/2020\/11\/play_circle_red.png 126w, https:\/\/falket.com\/wp-content\/uploads\/2020\/11\/play_circle_red-100x100.png 100w\" sizes=\"(max-width: 126px) 100vw, 126px\" \/>\t\t\t<span class=\"qode_video_box_button_holder\">\n\t\t\t\t<span class=\"qode_video_box_button\">\n\t\t\t\t\t<span class=\"qode_video_box_button_arrow\">\n\t\t\t\t\t<\/span>\n\t\t\t\t<\/span>\n\t\t\t<\/span>\n\t\t\t<\/a>\n<\/div>[vc_empty_space height=\u00a0\u00bb12px\u00a0\u00bb][vc_column_text]<\/p>\n<p style=\"font-size: 12px; letter-spacing: 4px; color: #fff; text-align: center; font-weight: 600;\">play video<\/p>\n<p style=\"color: #fff; text-align: center;\">D\u00c9COUVREZ NOTRE PRODUCTION ARTISANALE<\/p>\n<p>\u00a0[\/vc_column_text][\/vc_column_inner][\/vc_row_inner][vc_empty_space height=\u00a0\u00bb60px\u00a0\u00bb][vc_row_inner row_type=\u00a0\u00bbrow\u00a0\u00bb type=\u00a0\u00bbfull_width\u00a0\u00bb text_align=\u00a0\u00bbleft\u00a0\u00bb css_animation=\u00a0\u00bb\u00a0\u00bb side_padding=\u00a0\u00bb5&Prime;][vc_column_inner css=\u00a0\u00bb.vc_custom_1555685057784{margin-bottom: -100px !important;}\u00a0\u00bb][vc_column_text]<\/p>\n<h1 style=\"color: #fff;\">RECHERCHE ET INNOVATION<\/h1>\n<h3 style=\"color: #fff; padding-bottom: 20px;\">UNE HISTOIRE DE PLUS DE 40 ANS<\/h3>\n<p style=\"color: #fff;\">L&rsquo;usine produit une gamme compl\u00e8te d&rsquo;outils manuels et professionnels pour la taille et le jardinage, distingu\u00e9s par la marque FALKET\u00ae, qui au fil des ans est devenue synonyme de qualit\u00e9 pour des performances, une fonctionnalit\u00e9 et une fiabilit\u00e9 \u00e9lev\u00e9es. La qualit\u00e9 constante de nos produits est garantie par une recherche continue de mat\u00e9riaux nouveaux et de plus en plus fiables sur le plan qualitatif, l&rsquo;ensemble du processus de production, de la conception \u00e0 l&#8217;emballage, r\u00e9alis\u00e9 au sein de l&rsquo;entreprise, les contr\u00f4les rigoureux et nombreux effectu\u00e9s dans le respect des r\u00e9glementations internes strictes, les m\u00e9thodes de production modernes et innovantes et le savoir-faire technologique et des employ\u00e9s, unis \u00e0 l&rsquo;exp\u00e9rience artisanale acquise au fil des ans.<br \/>\nPour \u00e9largir et consolider son offre de produits, FALKET\u00ae porte une attention particuli\u00e8re aux besoins du march\u00e9 et de ses clients. C&rsquo;est pourquoi nous nous engageons \u00e0 rechercher en continu des solutions nouvelles et innovantes.<\/p>\n<p>\u00a0[\/vc_column_text][\/vc_column_inner][\/vc_row_inner][vc_single_image image=\u00a0\u00bb6840&Prime; img_size=\u00a0\u00bb1920 x 910&Prime; alignment=\u00a0\u00bbcenter\u00a0\u00bb qode_css_animation=\u00a0\u00bb\u00a0\u00bb][vc_row_inner row_type=\u00a0\u00bbrow\u00a0\u00bb type=\u00a0\u00bbfull_width\u00a0\u00bb text_align=\u00a0\u00bbleft\u00a0\u00bb css_animation=\u00a0\u00bb\u00a0\u00bb][vc_column_inner offset=\u00a0\u00bbvc_hidden-lg vc_hidden-md vc_hidden-sm\u00a0\u00bb][vc_empty_space height=\u00a0\u00bb160px\u00a0\u00bb][\/vc_column_inner][\/vc_row_inner][\/vc_column][\/vc_row][vc_row css_animation=\u00a0\u00bb\u00a0\u00bb row_type=\u00a0\u00bbrow\u00a0\u00bb use_row_as_full_screen_section=\u00a0\u00bbno\u00a0\u00bb type=\u00a0\u00bbfull_width\u00a0\u00bb angled_section=\u00a0\u00bbno\u00a0\u00bb text_align=\u00a0\u00bbleft\u00a0\u00bb background_image_as_pattern=\u00a0\u00bbwithout_pattern\u00a0\u00bb css=\u00a0\u00bb.vc_custom_1555685502445{background-color: #ffffff !important;}\u00a0\u00bb z_index=\u00a0\u00bb\u00a0\u00bb][vc_column width=\u00a0\u00bb5\/6&Prime; offset=\u00a0\u00bbvc_col-lg-offset-2 vc_col-lg-8 vc_col-md-offset-1 vc_col-md-10 vc_col-sm-offset-1 vc_col-xs-12&Prime; css=\u00a0\u00bb.vc_custom_1555686477936{margin-top: -160px !important;padding-right: 0px !important;padding-left: 0px !important;background-color: #0095c9 !important;}\u00a0\u00bb][vc_empty_space height=\u00a0\u00bb30px\u00a0\u00bb][vc_single_image image=\u00a0\u00bb6443&Prime; img_size=\u00a0\u00bb201 x 171&Prime; alignment=\u00a0\u00bbcenter\u00a0\u00bb qode_css_animation=\u00a0\u00bb\u00a0\u00bb][vc_empty_space height=\u00a0\u00bb30px\u00a0\u00bb][vc_row_inner row_type=\u00a0\u00bbrow\u00a0\u00bb type=\u00a0\u00bbfull_width\u00a0\u00bb text_align=\u00a0\u00bbcenter\u00a0\u00bb css_animation=\u00a0\u00bb\u00a0\u00bb side_padding=\u00a0\u00bb5&Prime;][vc_column_inner css=\u00a0\u00bb.vc_custom_1555686903536{padding-right: 30px !important;padding-left: 30px !important;}\u00a0\u00bb][vc_column_text]<\/p>\n<h1 style=\"color: #fff;\">LA QUALIT\u00c9 PAR TRADITION<\/h1>\n<h3 style=\"color: #fff; padding-bottom: 20px;\">Marque collective de qualit\u00e9 premana<\/h3>\n<p style=\"color: #fff;\">L&rsquo;entreprise FALKET est affili\u00e9e \u00e0 la marque collective de qualit\u00e9 PREMANA, une marque d\u00e9livr\u00e9e par la Chambre de Commerce de Lecco, qui est l&rsquo;organe de gestion charg\u00e9 d&rsquo;\u00e9valuer les demandes de licences d&rsquo;utilisation et d&rsquo;attribuer la marque aux entreprises produisant des articles de coupe, conform\u00e9ment aux exigences de technique et de production \u00e9tablies dans le r\u00e8glement d&rsquo;utilisation de la marque. Pour que le produit porte la marque PREMANA, le respect du processus de production mentionn\u00e9 dans le r\u00e8glement de production doit \u00eatre garanti. La fonction de la marque collective PREMANA est de garantir l&rsquo;origine, la qualit\u00e9 et la nature d&rsquo;un produit ou d&rsquo;un service.<\/p>\n<p>\u00a0[\/vc_column_text][\/vc_column_inner][\/vc_row_inner][vc_separator type=\u00a0\u00bbsmall\u00a0\u00bb position=\u00a0\u00bbcenter\u00a0\u00bb width_in_percentages=\u00a0\u00bbyes\u00a0\u00bb color=\u00a0\u00bb#ffffff\u00a0\u00bb transparency=\u00a0\u00bb0.2&Prime; thickness=\u00a0\u00bb1&Prime; up=\u00a0\u00bb60&Prime; down=\u00a0\u00bb60&Prime; width=\u00a0\u00bb80&Prime;][vc_row_inner row_type=\u00a0\u00bbrow\u00a0\u00bb type=\u00a0\u00bbfull_width\u00a0\u00bb text_align=\u00a0\u00bbcenter\u00a0\u00bb css_animation=\u00a0\u00bb\u00a0\u00bb side_padding=\u00a0\u00bb5&Prime;][vc_column_inner css=\u00a0\u00bb.vc_custom_1555686897955{padding-right: 30px !important;padding-left: 30px !important;}\u00a0\u00bb][vc_column_text]<\/p>\n<h1 style=\"color: #fff;\">CULTURE ENVIRONNEMENTALE<\/h1>\n<h3 style=\"color: #fff; padding-bottom: 20px;\">le respect de la nature est un patrimoine du territoire<\/h3>\n<p style=\"color: #fff;\">Confirmant sa valeur environnementale, FALKET a install\u00e9 sur le toit de son usine un syst\u00e8me photovolta\u00efque, enti\u00e8rement int\u00e9gr\u00e9, de 16,65KWP pour produire de l&rsquo;\u00e9lectricit\u00e9. L&rsquo;usine, capable de produire environ 18 000 kWh par an, permet \u00e0 l&rsquo;entreprise de r\u00e9duire ses \u00e9missions annuelles de CO2 d&rsquo;environ 20 000 kg et une \u00e9conomie d&rsquo;huile d&rsquo;environ 7 000 kg. Les produits FALKET sont ainsi fabriqu\u00e9s en respectant l&rsquo;environnement dans lequel nous vivons et travaillons, contribuant ainsi \u00e0 la protection des ressources environnementales.<\/p>\n<p>\u00a0[\/vc_column_text][\/vc_column_inner][\/vc_row_inner][vc_single_image image=\u00a0\u00bb6444&Prime; img_size=\u00a0\u00bb1500 x 1000&Prime; alignment=\u00a0\u00bbcenter\u00a0\u00bb qode_css_animation=\u00a0\u00bb\u00a0\u00bb][\/vc_column][\/vc_row][vc_row css_animation=\u00a0\u00bb\u00a0\u00bb row_type=\u00a0\u00bbrow\u00a0\u00bb use_row_as_full_screen_section=\u00a0\u00bbno\u00a0\u00bb type=\u00a0\u00bbfull_width\u00a0\u00bb angled_section=\u00a0\u00bbno\u00a0\u00bb text_align=\u00a0\u00bbleft\u00a0\u00bb background_image_as_pattern=\u00a0\u00bbwithout_pattern\u00a0\u00bb][vc_column offset=\u00a0\u00bbvc_hidden-xs\u00a0\u00bb][vc_empty_space height=\u00a0\u00bb40px\u00a0\u00bb][vc_gallery type=\u00a0\u00bbimage_grid\u00a0\u00bb images=\u00a0\u00bb6438,6441,6440,6439&Prime; img_size=\u00a0\u00bb1200 x 750&Prime; column_number=\u00a0\u00bb4&Prime; grayscale=\u00a0\u00bbno\u00a0\u00bb images_space=\u00a0\u00bbgallery_without_space\u00a0\u00bb][\/vc_column][\/vc_row]<\/p>\n<\/div>","protected":false},"excerpt":{"rendered":"<p>[vc_row css_animation=\u00a0\u00bb\u00a0\u00bb row_type=\u00a0\u00bbrow\u00a0\u00bb use_row_as_full_screen_section=\u00a0\u00bbno\u00a0\u00bb type=\u00a0\u00bbfull_width\u00a0\u00bb angled_section=\u00a0\u00bbno\u00a0\u00bb text_align=\u00a0\u00bbleft\u00a0\u00bb background_image_as_pattern=\u00a0\u00bbwithout_pattern\u00a0\u00bb css=\u00a0\u00bb.vc_custom_1555684658428{background-color: #26201e !important;}\u00a0\u00bb z_index=\u00a0\u00bb\u00a0\u00bb el_class=\u00a0\u00bbbg-azienda-01&Prime;][vc_column offset=\u00a0\u00bbvc_hidden-md vc_hidden-sm vc_hidden-xs\u00a0\u00bb][vc_empty_space height=\u00a0\u00bb300px\u00a0\u00bb][vc_row_inner row_type=\u00a0\u00bbrow\u00a0\u00bb type=\u00a0\u00bbfull_width\u00a0\u00bb text_align=\u00a0\u00bbcenter\u00a0\u00bb css_animation=\u00a0\u00bb\u00a0\u00bb side_padding=\u00a0\u00bb5&Prime;][vc_column_inner offset=\u00a0\u00bbvc_col-lg-offset-1 vc_col-lg-5 vc_col-md-offset-0 vc_col-md-10&Prime;][vc_column_text] NOTRE ENTREPRISE NOTRE SAVOIR-FAIRE Notre entreprise a \u00e9t\u00e9 fond\u00e9e en 1972 \u00e0 Premana dans le nord de l&rsquo;Italie. Le&#8230;<\/p>\n","protected":false},"author":1,"featured_media":0,"parent":0,"menu_order":0,"comment_status":"closed","ping_status":"closed","template":"full_width.php","meta":{"footnotes":""},"class_list":["post-6423","page","type-page","status-publish","hentry"],"yoast_head":"<!-- This site is optimized with the Yoast SEO plugin v25.8 - https:\/\/yoast.com\/wordpress\/plugins\/seo\/ -->\n<title>Falket attrezzature per la potatura e il giardinaggio<\/title>\n<meta name=\"description\" content=\"I prodotti sono apprezzati per la potatura professionale, taglio di arbusti, diradamento boschi e sentieri, hobbysta e manutenzione giardino.\" \/>\n<meta name=\"robots\" content=\"index, follow, max-snippet:-1, max-image-preview:large, max-video-preview:-1\" \/>\n<link rel=\"canonical\" href=\"https:\/\/falket.com\/fr\/entreprise\/\" \/>\n<meta property=\"og:locale\" content=\"fr_FR\" \/>\n<meta property=\"og:type\" content=\"article\" \/>\n<meta property=\"og:title\" content=\"Falket attrezzature per la potatura e il giardinaggio\" \/>\n<meta property=\"og:description\" content=\"I prodotti sono apprezzati per la potatura professionale, taglio di arbusti, diradamento boschi e sentieri, hobbysta e manutenzione giardino.\" \/>\n<meta property=\"og:url\" content=\"https:\/\/falket.com\/fr\/entreprise\/\" \/>\n<meta property=\"og:site_name\" content=\"Falket\" \/>\n<meta property=\"article:publisher\" content=\"https:\/\/www.facebook.com\/Falket-197602493678529\/\" \/>\n<meta property=\"article:modified_time\" content=\"2021-09-14T12:26:59+00:00\" \/>\n<meta name=\"twitter:card\" content=\"summary_large_image\" \/>\n<meta name=\"twitter:label1\" content=\"Dur\u00e9e de lecture estim\u00e9e\" \/>\n\t<meta name=\"twitter:data1\" content=\"6 minutes\" \/>\n<script type=\"application\/ld+json\" class=\"yoast-schema-graph\">{\"@context\":\"https:\/\/schema.org\",\"@graph\":[{\"@type\":\"WebPage\",\"@id\":\"https:\/\/falket.com\/fr\/entreprise\/\",\"url\":\"https:\/\/falket.com\/fr\/entreprise\/\",\"name\":\"Falket attrezzature per la potatura e il giardinaggio\",\"isPartOf\":{\"@id\":\"https:\/\/falket.com\/fr\/#website\"},\"datePublished\":\"2021-07-21T10:39:34+00:00\",\"dateModified\":\"2021-09-14T12:26:59+00:00\",\"description\":\"I prodotti sono apprezzati per la potatura professionale, taglio di arbusti, diradamento boschi e sentieri, hobbysta e manutenzione giardino.\",\"inLanguage\":\"fr-FR\",\"potentialAction\":[{\"@type\":\"ReadAction\",\"target\":[\"https:\/\/falket.com\/fr\/entreprise\/\"]}]},{\"@type\":\"WebSite\",\"@id\":\"https:\/\/falket.com\/fr\/#website\",\"url\":\"https:\/\/falket.com\/fr\/\",\"name\":\"Falket\",\"description\":\"Attrezzature per la potatura e il giardinaggio\",\"publisher\":{\"@id\":\"https:\/\/falket.com\/fr\/#organization\"},\"potentialAction\":[{\"@type\":\"SearchAction\",\"target\":{\"@type\":\"EntryPoint\",\"urlTemplate\":\"https:\/\/falket.com\/fr\/?s={search_term_string}\"},\"query-input\":{\"@type\":\"PropertyValueSpecification\",\"valueRequired\":true,\"valueName\":\"search_term_string\"}}],\"inLanguage\":\"fr-FR\"},{\"@type\":\"Organization\",\"@id\":\"https:\/\/falket.com\/fr\/#organization\",\"name\":\"Falket\",\"url\":\"https:\/\/falket.com\/fr\/\",\"logo\":{\"@type\":\"ImageObject\",\"inLanguage\":\"fr-FR\",\"@id\":\"https:\/\/falket.com\/fr\/#\/schema\/logo\/image\/\",\"url\":\"https:\/\/falket.com\/wp-content\/uploads\/2021\/07\/falket-logo-invoice.png\",\"contentUrl\":\"https:\/\/falket.com\/wp-content\/uploads\/2021\/07\/falket-logo-invoice.png\",\"width\":300,\"height\":80,\"caption\":\"Falket\"},\"image\":{\"@id\":\"https:\/\/falket.com\/fr\/#\/schema\/logo\/image\/\"},\"sameAs\":[\"https:\/\/www.facebook.com\/Falket-197602493678529\/\",\"https:\/\/www.instagram.com\/falket_professional\/\",\"https:\/\/www.linkedin.com\/company\/falket\/about\/\"]}]}<\/script>\n<!-- \/ Yoast SEO plugin. -->","yoast_head_json":{"title":"Falket attrezzature per la potatura e il giardinaggio","description":"I prodotti sono apprezzati per la potatura professionale, taglio di arbusti, diradamento boschi e sentieri, hobbysta e manutenzione giardino.","robots":{"index":"index","follow":"follow","max-snippet":"max-snippet:-1","max-image-preview":"max-image-preview:large","max-video-preview":"max-video-preview:-1"},"canonical":"https:\/\/falket.com\/fr\/entreprise\/","og_locale":"fr_FR","og_type":"article","og_title":"Falket attrezzature per la potatura e il giardinaggio","og_description":"I prodotti sono apprezzati per la potatura professionale, taglio di arbusti, diradamento boschi e sentieri, hobbysta e manutenzione giardino.","og_url":"https:\/\/falket.com\/fr\/entreprise\/","og_site_name":"Falket","article_publisher":"https:\/\/www.facebook.com\/Falket-197602493678529\/","article_modified_time":"2021-09-14T12:26:59+00:00","twitter_card":"summary_large_image","twitter_misc":{"Dur\u00e9e de lecture estim\u00e9e":"6 minutes"},"schema":{"@context":"https:\/\/schema.org","@graph":[{"@type":"WebPage","@id":"https:\/\/falket.com\/fr\/entreprise\/","url":"https:\/\/falket.com\/fr\/entreprise\/","name":"Falket attrezzature per la potatura e il giardinaggio","isPartOf":{"@id":"https:\/\/falket.com\/fr\/#website"},"datePublished":"2021-07-21T10:39:34+00:00","dateModified":"2021-09-14T12:26:59+00:00","description":"I prodotti sono apprezzati per la potatura professionale, taglio di arbusti, diradamento boschi e sentieri, hobbysta e manutenzione giardino.","inLanguage":"fr-FR","potentialAction":[{"@type":"ReadAction","target":["https:\/\/falket.com\/fr\/entreprise\/"]}]},{"@type":"WebSite","@id":"https:\/\/falket.com\/fr\/#website","url":"https:\/\/falket.com\/fr\/","name":"Falket","description":"Attrezzature per la potatura e il giardinaggio","publisher":{"@id":"https:\/\/falket.com\/fr\/#organization"},"potentialAction":[{"@type":"SearchAction","target":{"@type":"EntryPoint","urlTemplate":"https:\/\/falket.com\/fr\/?s={search_term_string}"},"query-input":{"@type":"PropertyValueSpecification","valueRequired":true,"valueName":"search_term_string"}}],"inLanguage":"fr-FR"},{"@type":"Organization","@id":"https:\/\/falket.com\/fr\/#organization","name":"Falket","url":"https:\/\/falket.com\/fr\/","logo":{"@type":"ImageObject","inLanguage":"fr-FR","@id":"https:\/\/falket.com\/fr\/#\/schema\/logo\/image\/","url":"https:\/\/falket.com\/wp-content\/uploads\/2021\/07\/falket-logo-invoice.png","contentUrl":"https:\/\/falket.com\/wp-content\/uploads\/2021\/07\/falket-logo-invoice.png","width":300,"height":80,"caption":"Falket"},"image":{"@id":"https:\/\/falket.com\/fr\/#\/schema\/logo\/image\/"},"sameAs":["https:\/\/www.facebook.com\/Falket-197602493678529\/","https:\/\/www.instagram.com\/falket_professional\/","https:\/\/www.linkedin.com\/company\/falket\/about\/"]}]}},"_links":{"self":[{"href":"https:\/\/falket.com\/fr\/wp-json\/wp\/v2\/pages\/6423","targetHints":{"allow":["GET"]}}],"collection":[{"href":"https:\/\/falket.com\/fr\/wp-json\/wp\/v2\/pages"}],"about":[{"href":"https:\/\/falket.com\/fr\/wp-json\/wp\/v2\/types\/page"}],"author":[{"embeddable":true,"href":"https:\/\/falket.com\/fr\/wp-json\/wp\/v2\/users\/1"}],"replies":[{"embeddable":true,"href":"https:\/\/falket.com\/fr\/wp-json\/wp\/v2\/comments?post=6423"}],"version-history":[{"count":1,"href":"https:\/\/falket.com\/fr\/wp-json\/wp\/v2\/pages\/6423\/revisions"}],"predecessor-version":[{"id":8650,"href":"https:\/\/falket.com\/fr\/wp-json\/wp\/v2\/pages\/6423\/revisions\/8650"}],"wp:attachment":[{"href":"https:\/\/falket.com\/fr\/wp-json\/wp\/v2\/media?parent=6423"}],"curies":[{"name":"wp","href":"https:\/\/api.w.org\/{rel}","templated":true}]}}