{"id":7994,"date":"2021-07-26T15:17:47","date_gmt":"2021-07-26T13:17:47","guid":{"rendered":"https:\/\/falket.com\/productos\/tijeras-cortasetos-de-podar-profesionales\/"},"modified":"2025-01-24T11:22:13","modified_gmt":"2025-01-24T10:22:13","slug":"tijeras-cortasetos-de-podar","status":"publish","type":"page","link":"https:\/\/falket.com\/es\/productos\/tijeras-cortasetos-de-podar\/","title":{"rendered":"Tijeras cortasetos de podar profesionales"},"content":{"rendered":"<div class=\"wpb-content-wrapper\"><p>[vc_row css_animation=\u00bb\u00bb row_type=\u00bbrow\u00bb use_row_as_full_screen_section=\u00bbno\u00bb type=\u00bbfull_width\u00bb angled_section=\u00bbno\u00bb text_align=\u00bbleft\u00bb background_image_as_pattern=\u00bbwithout_pattern\u00bb][vc_column offset=\u00bbvc_col-lg-6 vc_col-md-7&#8243;][vc_row_inner row_type=\u00bbrow\u00bb type=\u00bbfull_width\u00bb text_align=\u00bbleft\u00bb css_animation=\u00bb\u00bb][vc_column_inner offset=\u00bbvc_hidden-lg vc_hidden-sm vc_hidden-xs\u00bb][vc_empty_space height=\u00bb100px\u00bb][\/vc_column_inner][\/vc_row_inner][vc_single_image image=\u00bb7150&#8243; img_size=\u00bb1170 x 1300&#8243; qode_css_animation=\u00bb\u00bb][\/vc_column][vc_column offset=\u00bbvc_col-lg-5 vc_col-md-12&#8243;][vc_row_inner row_type=\u00bbrow\u00bb type=\u00bbfull_width\u00bb text_align=\u00bbleft\u00bb css_animation=\u00bb\u00bb][vc_column_inner offset=\u00bbvc_hidden-md vc_hidden-sm vc_hidden-xs\u00bb][vc_empty_space height=\u00bb250px\u00bb][\/vc_column_inner][\/vc_row_inner][vc_row_inner row_type=\u00bbrow\u00bb type=\u00bbfull_width\u00bb text_align=\u00bbleft\u00bb css_animation=\u00bb\u00bb][vc_column_inner offset=\u00bbvc_hidden-lg\u00bb][vc_empty_space height=\u00bb60px\u00bb][\/vc_column_inner][\/vc_row_inner][vc_row_inner row_type=\u00bbrow\u00bb type=\u00bbfull_width\u00bb text_align=\u00bbleft\u00bb css_animation=\u00bb\u00bb side_padding=\u00bb5&#8243;][vc_column_inner][vc_column_text]<\/p>\n<h1>TIJERA CORTASETOS DE PODAR PROFESIONALES<\/h1>\n<p>[\/vc_column_text][vc_empty_space height=\u00bb30px\u00bb][vc_column_text]Los tijeras cortasetos de podar producidos por FALKET, de uso profesional, se han proyectado y realizado para responder a las demandas de los usuarios m\u00e1s exigentes.[\/vc_column_text][vc_empty_space height=\u00bb15px\u00bb][vc_column_text css=\u00bb\u00bb]Realizadas con acero C70 enriquecido con carbono, cuchillas totalmente templadas con m\u00e9todos especiales HRC 57-59, afilado de precisi\u00f3n realizado con m\u00e1quinas CNC, perno central rectificado y templado con roscado interno y contratuerca, que impide que se afloje, microdientes especiales en una de las cuchillas, que permite retener la rama a la vez que se efect\u00faa el corte, almohadillas amortiguadoras para una suave absorci\u00f3n del corte, mangos superligeros de aleaci\u00f3n de aluminio forjado de alta resistencia, asas de bimaterial at\u00f3xico que permiten una \u00f3ptima transmisi\u00f3n de la fuerza gracias al componente r\u00edgido y a la comodidad asegurada por el componente blando.[\/vc_column_text][vc_empty_space height=\u00bb15px\u00bb][vc_column_text]La solidez de tijeras cortasetos de podar permite realizar cortes en cualquier tipo de arbusto; la ligereza y la practicidad contribuyen a que el cliente no se sienta cansado incluso al cabo de muchas horas de trabajo.[\/vc_column_text][\/vc_column_inner][\/vc_row_inner][vc_empty_space height=\u00bb30px\u00bb][vc_row_inner row_type=\u00bbrow\u00bb type=\u00bbfull_width\u00bb text_align=\u00bbcenter\u00bb css_animation=\u00bb\u00bb][vc_column_inner]<div class=\"qode_video_box disabled_hover_overlay disabled_hover_zoom\">\n\t<a itemprop=\"image\" class=\"qode_video_image\" href=\"https:\/\/youtu.be\/xyPndCHRG9o?rel=0\" data-rel=\"prettyPhoto\">\n\t\t\t\t\t<img decoding=\"async\" width=\"100\" height=\"100\" src=\"https:\/\/falket.com\/wp-content\/uploads\/2020\/09\/play.png\" class=\"attachment-full size-full\" alt=\"play video\" \/>\t\t\t<span class=\"qode_video_box_button_holder\">\n\t\t\t\t<span class=\"qode_video_box_button\">\n\t\t\t\t\t<span class=\"qode_video_box_button_arrow\">\n\t\t\t\t\t<\/span>\n\t\t\t\t<\/span>\n\t\t\t<\/span>\n\t\t\t<\/a>\n<\/div>[vc_empty_space height=\u00bb10px\u00bb][vc_column_text]<\/p>\n<h6>REPRODUCE EL VIDEO<\/h6>\n<p>[\/vc_column_text][\/vc_column_inner][\/vc_row_inner][vc_empty_space height=\u00bb60px\u00bb][\/vc_column][\/vc_row][vc_row css_animation=\u00bb\u00bb row_type=\u00bbrow\u00bb use_row_as_full_screen_section=\u00bbno\u00bb type=\u00bbfull_width\u00bb angled_section=\u00bbno\u00bb text_align=\u00bbleft\u00bb background_image_as_pattern=\u00bbwithout_pattern\u00bb][vc_column][vc_single_image image=\u00bb6387&#8243; img_size=\u00bb1370 x 50&#8243; alignment=\u00bbcenter\u00bb qode_css_animation=\u00bb\u00bb][vc_empty_space height=\u00bb40px\u00bb][\/vc_column][\/vc_row][vc_row css_animation=\u00bb\u00bb row_type=\u00bbrow\u00bb use_row_as_full_screen_section=\u00bbno\u00bb type=\u00bbfull_width\u00bb angled_section=\u00bbno\u00bb text_align=\u00bbleft\u00bb background_image_as_pattern=\u00bbwithout_pattern\u00bb][vc_column]<div class=\"woocommerce columns-4 \"><ul class=\"products\">\n<li class=\"product type-product post-7694 status-publish first instock product_cat-tijeras-cortasetos-de-podar-profesionales has-post-thumbnail taxable shipping-taxable purchasable product-type-simple\">\n\t\n\t\t\n    <div class=\"top-product-section\">\n\n        <a itemprop=\"url\" href=\"https:\/\/falket.com\/es\/producto\/tijeras-cortasetos-profesionales-60-cm-6022\/\" class=\"product-category\">\n            <span class=\"image-wrapper\">\n            <img decoding=\"async\" width=\"1200\" height=\"1200\" src=\"https:\/\/falket.com\/wp-content\/uploads\/2019\/04\/tagliasiepi-professionale-6022-01.jpg\" class=\"attachment-woocommerce_thumbnail size-woocommerce_thumbnail\" alt=\"Tijeras cortasetos de podar profesionales\" srcset=\"https:\/\/falket.com\/wp-content\/uploads\/2019\/04\/tagliasiepi-professionale-6022-01.jpg 1200w, https:\/\/falket.com\/wp-content\/uploads\/2019\/04\/tagliasiepi-professionale-6022-01-100x100.jpg 100w, https:\/\/falket.com\/wp-content\/uploads\/2019\/04\/tagliasiepi-professionale-6022-01-150x150.jpg 150w, https:\/\/falket.com\/wp-content\/uploads\/2019\/04\/tagliasiepi-professionale-6022-01-300x300.jpg 300w, https:\/\/falket.com\/wp-content\/uploads\/2019\/04\/tagliasiepi-professionale-6022-01-768x768.jpg 768w, https:\/\/falket.com\/wp-content\/uploads\/2019\/04\/tagliasiepi-professionale-6022-01-1024x1024.jpg 1024w, https:\/\/falket.com\/wp-content\/uploads\/2019\/04\/tagliasiepi-professionale-6022-01-570x570.jpg 570w, https:\/\/falket.com\/wp-content\/uploads\/2019\/04\/tagliasiepi-professionale-6022-01-500x500.jpg 500w, https:\/\/falket.com\/wp-content\/uploads\/2019\/04\/tagliasiepi-professionale-6022-01-1000x1000.jpg 1000w, https:\/\/falket.com\/wp-content\/uploads\/2019\/04\/tagliasiepi-professionale-6022-01-700x700.jpg 700w, https:\/\/falket.com\/wp-content\/uploads\/2019\/04\/tagliasiepi-professionale-6022-01-900x900.jpg 900w\" sizes=\"(max-width: 1200px) 100vw, 1200px\" \/>            <\/span>\n        <\/a>\n\n\t\t<span class=\"add-to-cart-button-outer\"><span class=\"add-to-cart-button-inner\"><a href=\"\/es\/wp-json\/wp\/v2\/pages\/7994?add-to-cart=7694\" aria-describedby=\"woocommerce_loop_add_to_cart_link_describedby_7694\" data-quantity=\"1\" class=\"button product_type_simple add_to_cart_button ajax_add_to_cart qbutton add-to-cart-button\" data-product_id=\"7694\" data-product_sku=\"6022\" aria-label=\"A\u00f1adir al carrito: &ldquo;Tijeras cortasetos 60cm6022&rdquo;\" rel=\"nofollow\" data-success_message=\"\u00abTijeras cortasetos 60cm&lt;br&gt;6022\u00bb se ha a\u00f1adido a tu carrito\" role=\"button\">A\u00f1adir al carrito<\/a><\/span><\/span>\t<span id=\"woocommerce_loop_add_to_cart_link_describedby_7694\" class=\"screen-reader-text\">\n\t\t\t<\/span>\n\n    <\/div>\n        <a itemprop=\"url\" href=\"https:\/\/falket.com\/es\/producto\/tijeras-cortasetos-profesionales-60-cm-6022\/\" class=\"product-category product-info\">\n        <h6 itemprop=\"name\">Tijeras cortasetos 60cm<br>6022<\/h6>\n\t    \n\t    \n        \n\t<span class=\"price\"><span class=\"woocommerce-Price-amount amount\"><bdi>62,56<span class=\"woocommerce-Price-currencySymbol\">&euro;<\/span><\/bdi><\/span><\/span>\n    <\/a>\n    <span class=\"add-to-cart-button-outer\"><span class=\"add-to-cart-button-inner\"><a href=\"\/es\/wp-json\/wp\/v2\/pages\/7994?add-to-cart=7694\" aria-describedby=\"woocommerce_loop_add_to_cart_link_describedby_7694\" data-quantity=\"1\" class=\"button product_type_simple add_to_cart_button ajax_add_to_cart qbutton add-to-cart-button\" data-product_id=\"7694\" data-product_sku=\"6022\" aria-label=\"A\u00f1adir al carrito: &ldquo;Tijeras cortasetos 60cm6022&rdquo;\" rel=\"nofollow\" data-success_message=\"\u00abTijeras cortasetos 60cm&lt;br&gt;6022\u00bb se ha a\u00f1adido a tu carrito\" role=\"button\">A\u00f1adir al carrito<\/a><\/span><\/span>\t<span id=\"woocommerce_loop_add_to_cart_link_describedby_7694\" class=\"screen-reader-text\">\n\t\t\t<\/span>\n<\/li>\n<li class=\"product type-product post-7707 status-publish instock product_cat-tijeras-cortasetos-de-podar-profesionales has-post-thumbnail taxable shipping-taxable purchasable product-type-simple\">\n\t\n\t\t\n    <div class=\"top-product-section\">\n\n        <a itemprop=\"url\" href=\"https:\/\/falket.com\/es\/producto\/tijeras-cortasetos-profesionales-75cm7522\/\" class=\"product-category\">\n            <span class=\"image-wrapper\">\n            <img decoding=\"async\" width=\"1200\" height=\"1200\" src=\"https:\/\/falket.com\/wp-content\/uploads\/2019\/04\/tagliasiepi-professionale-7522-01.jpg\" class=\"attachment-woocommerce_thumbnail size-woocommerce_thumbnail\" alt=\"Tijeras cortasetos de podar profesionales\" srcset=\"https:\/\/falket.com\/wp-content\/uploads\/2019\/04\/tagliasiepi-professionale-7522-01.jpg 1200w, https:\/\/falket.com\/wp-content\/uploads\/2019\/04\/tagliasiepi-professionale-7522-01-100x100.jpg 100w, https:\/\/falket.com\/wp-content\/uploads\/2019\/04\/tagliasiepi-professionale-7522-01-150x150.jpg 150w, https:\/\/falket.com\/wp-content\/uploads\/2019\/04\/tagliasiepi-professionale-7522-01-300x300.jpg 300w, https:\/\/falket.com\/wp-content\/uploads\/2019\/04\/tagliasiepi-professionale-7522-01-768x768.jpg 768w, https:\/\/falket.com\/wp-content\/uploads\/2019\/04\/tagliasiepi-professionale-7522-01-1024x1024.jpg 1024w, https:\/\/falket.com\/wp-content\/uploads\/2019\/04\/tagliasiepi-professionale-7522-01-570x570.jpg 570w, https:\/\/falket.com\/wp-content\/uploads\/2019\/04\/tagliasiepi-professionale-7522-01-500x500.jpg 500w, https:\/\/falket.com\/wp-content\/uploads\/2019\/04\/tagliasiepi-professionale-7522-01-1000x1000.jpg 1000w, https:\/\/falket.com\/wp-content\/uploads\/2019\/04\/tagliasiepi-professionale-7522-01-700x700.jpg 700w, https:\/\/falket.com\/wp-content\/uploads\/2019\/04\/tagliasiepi-professionale-7522-01-900x900.jpg 900w\" sizes=\"(max-width: 1200px) 100vw, 1200px\" \/>            <\/span>\n        <\/a>\n\n\t\t<span class=\"add-to-cart-button-outer\"><span class=\"add-to-cart-button-inner\"><a href=\"\/es\/wp-json\/wp\/v2\/pages\/7994?add-to-cart=7707\" aria-describedby=\"woocommerce_loop_add_to_cart_link_describedby_7707\" data-quantity=\"1\" class=\"button product_type_simple add_to_cart_button ajax_add_to_cart qbutton add-to-cart-button\" data-product_id=\"7707\" data-product_sku=\"7522\" aria-label=\"A\u00f1adir al carrito: &ldquo;Tijeras cortasetos 75cm7522&rdquo;\" rel=\"nofollow\" data-success_message=\"\u00abTijeras cortasetos 75cm&lt;br&gt;7522\u00bb se ha a\u00f1adido a tu carrito\" role=\"button\">A\u00f1adir al carrito<\/a><\/span><\/span>\t<span id=\"woocommerce_loop_add_to_cart_link_describedby_7707\" class=\"screen-reader-text\">\n\t\t\t<\/span>\n\n    <\/div>\n        <a itemprop=\"url\" href=\"https:\/\/falket.com\/es\/producto\/tijeras-cortasetos-profesionales-75cm7522\/\" class=\"product-category product-info\">\n        <h6 itemprop=\"name\">Tijeras cortasetos 75cm<br>7522<\/h6>\n\t    \n\t    \n        \n\t<span class=\"price\"><span class=\"woocommerce-Price-amount amount\"><bdi>66,27<span class=\"woocommerce-Price-currencySymbol\">&euro;<\/span><\/bdi><\/span><\/span>\n    <\/a>\n    <span class=\"add-to-cart-button-outer\"><span class=\"add-to-cart-button-inner\"><a href=\"\/es\/wp-json\/wp\/v2\/pages\/7994?add-to-cart=7707\" aria-describedby=\"woocommerce_loop_add_to_cart_link_describedby_7707\" data-quantity=\"1\" class=\"button product_type_simple add_to_cart_button ajax_add_to_cart qbutton add-to-cart-button\" data-product_id=\"7707\" data-product_sku=\"7522\" aria-label=\"A\u00f1adir al carrito: &ldquo;Tijeras cortasetos 75cm7522&rdquo;\" rel=\"nofollow\" data-success_message=\"\u00abTijeras cortasetos 75cm&lt;br&gt;7522\u00bb se ha a\u00f1adido a tu carrito\" role=\"button\">A\u00f1adir al carrito<\/a><\/span><\/span>\t<span id=\"woocommerce_loop_add_to_cart_link_describedby_7707\" class=\"screen-reader-text\">\n\t\t\t<\/span>\n<\/li><\/ul>\n<\/div>[\/vc_column][\/vc_row]<\/p>\n<\/div>","protected":false},"excerpt":{"rendered":"<p>[vc_row css_animation=\u00bb\u00bb row_type=\u00bbrow\u00bb use_row_as_full_screen_section=\u00bbno\u00bb type=\u00bbfull_width\u00bb angled_section=\u00bbno\u00bb text_align=\u00bbleft\u00bb background_image_as_pattern=\u00bbwithout_pattern\u00bb][vc_column offset=\u00bbvc_col-lg-6 vc_col-md-7&#8243;][vc_row_inner row_type=\u00bbrow\u00bb type=\u00bbfull_width\u00bb text_align=\u00bbleft\u00bb css_animation=\u00bb\u00bb][vc_column_inner offset=\u00bbvc_hidden-lg vc_hidden-sm vc_hidden-xs\u00bb][vc_empty_space height=\u00bb100px\u00bb][\/vc_column_inner][\/vc_row_inner][vc_single_image image=\u00bb7150&#8243; img_size=\u00bb1170 x 1300&#8243; qode_css_animation=\u00bb\u00bb][\/vc_column][vc_column offset=\u00bbvc_col-lg-5 vc_col-md-12&#8243;][vc_row_inner row_type=\u00bbrow\u00bb type=\u00bbfull_width\u00bb text_align=\u00bbleft\u00bb css_animation=\u00bb\u00bb][vc_column_inner offset=\u00bbvc_hidden-md vc_hidden-sm vc_hidden-xs\u00bb][vc_empty_space height=\u00bb250px\u00bb][\/vc_column_inner][\/vc_row_inner][vc_row_inner row_type=\u00bbrow\u00bb type=\u00bbfull_width\u00bb text_align=\u00bbleft\u00bb css_animation=\u00bb\u00bb][vc_column_inner offset=\u00bbvc_hidden-lg\u00bb][vc_empty_space height=\u00bb60px\u00bb][\/vc_column_inner][\/vc_row_inner][vc_row_inner row_type=\u00bbrow\u00bb type=\u00bbfull_width\u00bb text_align=\u00bbleft\u00bb css_animation=\u00bb\u00bb side_padding=\u00bb5&#8243;][vc_column_inner][vc_column_text] TIJERA&#8230;<\/p>\n","protected":false},"author":1,"featured_media":0,"parent":6870,"menu_order":0,"comment_status":"closed","ping_status":"closed","template":"full_width.php","meta":{"footnotes":""},"class_list":["post-7994","page","type-page","status-publish","hentry"],"yoast_head":"<!-- This site is optimized with the Yoast SEO plugin v25.8 - https:\/\/yoast.com\/wordpress\/plugins\/seo\/ -->\n<title>Tijeras cortasetos para podar profesionales - Falket<\/title>\n<meta name=\"description\" content=\"Tijeras cortasetos para podar Falket han sido dise\u00f1adas y fabricadas para satisfacer las necesidades de los usuarios m\u00e1s exigentes.\" \/>\n<meta name=\"robots\" content=\"index, follow, max-snippet:-1, max-image-preview:large, max-video-preview:-1\" \/>\n<link rel=\"canonical\" href=\"https:\/\/falket.com\/es\/productos\/tijeras-cortasetos-de-podar\/\" \/>\n<meta property=\"og:locale\" content=\"es_ES\" \/>\n<meta property=\"og:type\" content=\"article\" \/>\n<meta property=\"og:title\" content=\"Tijeras cortasetos para podar profesionales - Falket\" \/>\n<meta property=\"og:description\" content=\"Tijeras cortasetos para podar Falket han sido dise\u00f1adas y fabricadas para satisfacer las necesidades de los usuarios m\u00e1s exigentes.\" \/>\n<meta property=\"og:url\" content=\"https:\/\/falket.com\/es\/productos\/tijeras-cortasetos-de-podar\/\" \/>\n<meta property=\"og:site_name\" content=\"Falket\" \/>\n<meta property=\"article:publisher\" content=\"https:\/\/www.facebook.com\/Falket-197602493678529\/\" \/>\n<meta property=\"article:modified_time\" content=\"2025-01-24T10:22:13+00:00\" \/>\n<meta name=\"twitter:card\" content=\"summary_large_image\" \/>\n<meta name=\"twitter:label1\" content=\"Tiempo de lectura\" \/>\n\t<meta name=\"twitter:data1\" content=\"2 minutos\" \/>\n<script type=\"application\/ld+json\" class=\"yoast-schema-graph\">{\"@context\":\"https:\/\/schema.org\",\"@graph\":[{\"@type\":\"WebPage\",\"@id\":\"https:\/\/falket.com\/es\/productos\/tijeras-cortasetos-de-podar\/\",\"url\":\"https:\/\/falket.com\/es\/productos\/tijeras-cortasetos-de-podar\/\",\"name\":\"Tijeras cortasetos para podar profesionales - Falket\",\"isPartOf\":{\"@id\":\"https:\/\/falket.com\/es\/#website\"},\"datePublished\":\"2021-07-26T13:17:47+00:00\",\"dateModified\":\"2025-01-24T10:22:13+00:00\",\"description\":\"Tijeras cortasetos para podar Falket han sido dise\u00f1adas y fabricadas para satisfacer las necesidades de los usuarios m\u00e1s exigentes.\",\"breadcrumb\":{\"@id\":\"https:\/\/falket.com\/es\/productos\/tijeras-cortasetos-de-podar\/#breadcrumb\"},\"inLanguage\":\"es\",\"potentialAction\":[{\"@type\":\"ReadAction\",\"target\":[\"https:\/\/falket.com\/es\/productos\/tijeras-cortasetos-de-podar\/\"]}]},{\"@type\":\"BreadcrumbList\",\"@id\":\"https:\/\/falket.com\/es\/productos\/tijeras-cortasetos-de-podar\/#breadcrumb\",\"itemListElement\":[{\"@type\":\"ListItem\",\"position\":1,\"name\":\"Productos\",\"item\":\"https:\/\/falket.com\/es\/productos\/\"},{\"@type\":\"ListItem\",\"position\":2,\"name\":\"Tijeras cortasetos de podar profesionales\"}]},{\"@type\":\"WebSite\",\"@id\":\"https:\/\/falket.com\/es\/#website\",\"url\":\"https:\/\/falket.com\/es\/\",\"name\":\"Falket\",\"description\":\"Attrezzature per la potatura e il giardinaggio\",\"publisher\":{\"@id\":\"https:\/\/falket.com\/es\/#organization\"},\"potentialAction\":[{\"@type\":\"SearchAction\",\"target\":{\"@type\":\"EntryPoint\",\"urlTemplate\":\"https:\/\/falket.com\/es\/?s={search_term_string}\"},\"query-input\":{\"@type\":\"PropertyValueSpecification\",\"valueRequired\":true,\"valueName\":\"search_term_string\"}}],\"inLanguage\":\"es\"},{\"@type\":\"Organization\",\"@id\":\"https:\/\/falket.com\/es\/#organization\",\"name\":\"Falket\",\"url\":\"https:\/\/falket.com\/es\/\",\"logo\":{\"@type\":\"ImageObject\",\"inLanguage\":\"es\",\"@id\":\"https:\/\/falket.com\/es\/#\/schema\/logo\/image\/\",\"url\":\"https:\/\/falket.com\/wp-content\/uploads\/2021\/07\/falket-logo-invoice.png\",\"contentUrl\":\"https:\/\/falket.com\/wp-content\/uploads\/2021\/07\/falket-logo-invoice.png\",\"width\":300,\"height\":80,\"caption\":\"Falket\"},\"image\":{\"@id\":\"https:\/\/falket.com\/es\/#\/schema\/logo\/image\/\"},\"sameAs\":[\"https:\/\/www.facebook.com\/Falket-197602493678529\/\",\"https:\/\/www.instagram.com\/falket_professional\/\",\"https:\/\/www.linkedin.com\/company\/falket\/about\/\"]}]}<\/script>\n<!-- \/ Yoast SEO plugin. -->","yoast_head_json":{"title":"Tijeras cortasetos para podar profesionales - Falket","description":"Tijeras cortasetos para podar Falket han sido dise\u00f1adas y fabricadas para satisfacer las necesidades de los usuarios m\u00e1s exigentes.","robots":{"index":"index","follow":"follow","max-snippet":"max-snippet:-1","max-image-preview":"max-image-preview:large","max-video-preview":"max-video-preview:-1"},"canonical":"https:\/\/falket.com\/es\/productos\/tijeras-cortasetos-de-podar\/","og_locale":"es_ES","og_type":"article","og_title":"Tijeras cortasetos para podar profesionales - Falket","og_description":"Tijeras cortasetos para podar Falket han sido dise\u00f1adas y fabricadas para satisfacer las necesidades de los usuarios m\u00e1s exigentes.","og_url":"https:\/\/falket.com\/es\/productos\/tijeras-cortasetos-de-podar\/","og_site_name":"Falket","article_publisher":"https:\/\/www.facebook.com\/Falket-197602493678529\/","article_modified_time":"2025-01-24T10:22:13+00:00","twitter_card":"summary_large_image","twitter_misc":{"Tiempo de lectura":"2 minutos"},"schema":{"@context":"https:\/\/schema.org","@graph":[{"@type":"WebPage","@id":"https:\/\/falket.com\/es\/productos\/tijeras-cortasetos-de-podar\/","url":"https:\/\/falket.com\/es\/productos\/tijeras-cortasetos-de-podar\/","name":"Tijeras cortasetos para podar profesionales - Falket","isPartOf":{"@id":"https:\/\/falket.com\/es\/#website"},"datePublished":"2021-07-26T13:17:47+00:00","dateModified":"2025-01-24T10:22:13+00:00","description":"Tijeras cortasetos para podar Falket han sido dise\u00f1adas y fabricadas para satisfacer las necesidades de los usuarios m\u00e1s exigentes.","breadcrumb":{"@id":"https:\/\/falket.com\/es\/productos\/tijeras-cortasetos-de-podar\/#breadcrumb"},"inLanguage":"es","potentialAction":[{"@type":"ReadAction","target":["https:\/\/falket.com\/es\/productos\/tijeras-cortasetos-de-podar\/"]}]},{"@type":"BreadcrumbList","@id":"https:\/\/falket.com\/es\/productos\/tijeras-cortasetos-de-podar\/#breadcrumb","itemListElement":[{"@type":"ListItem","position":1,"name":"Productos","item":"https:\/\/falket.com\/es\/productos\/"},{"@type":"ListItem","position":2,"name":"Tijeras cortasetos de podar profesionales"}]},{"@type":"WebSite","@id":"https:\/\/falket.com\/es\/#website","url":"https:\/\/falket.com\/es\/","name":"Falket","description":"Attrezzature per la potatura e il giardinaggio","publisher":{"@id":"https:\/\/falket.com\/es\/#organization"},"potentialAction":[{"@type":"SearchAction","target":{"@type":"EntryPoint","urlTemplate":"https:\/\/falket.com\/es\/?s={search_term_string}"},"query-input":{"@type":"PropertyValueSpecification","valueRequired":true,"valueName":"search_term_string"}}],"inLanguage":"es"},{"@type":"Organization","@id":"https:\/\/falket.com\/es\/#organization","name":"Falket","url":"https:\/\/falket.com\/es\/","logo":{"@type":"ImageObject","inLanguage":"es","@id":"https:\/\/falket.com\/es\/#\/schema\/logo\/image\/","url":"https:\/\/falket.com\/wp-content\/uploads\/2021\/07\/falket-logo-invoice.png","contentUrl":"https:\/\/falket.com\/wp-content\/uploads\/2021\/07\/falket-logo-invoice.png","width":300,"height":80,"caption":"Falket"},"image":{"@id":"https:\/\/falket.com\/es\/#\/schema\/logo\/image\/"},"sameAs":["https:\/\/www.facebook.com\/Falket-197602493678529\/","https:\/\/www.instagram.com\/falket_professional\/","https:\/\/www.linkedin.com\/company\/falket\/about\/"]}]}},"_links":{"self":[{"href":"https:\/\/falket.com\/es\/wp-json\/wp\/v2\/pages\/7994","targetHints":{"allow":["GET"]}}],"collection":[{"href":"https:\/\/falket.com\/es\/wp-json\/wp\/v2\/pages"}],"about":[{"href":"https:\/\/falket.com\/es\/wp-json\/wp\/v2\/types\/page"}],"author":[{"embeddable":true,"href":"https:\/\/falket.com\/es\/wp-json\/wp\/v2\/users\/1"}],"replies":[{"embeddable":true,"href":"https:\/\/falket.com\/es\/wp-json\/wp\/v2\/comments?post=7994"}],"version-history":[{"count":4,"href":"https:\/\/falket.com\/es\/wp-json\/wp\/v2\/pages\/7994\/revisions"}],"predecessor-version":[{"id":12497,"href":"https:\/\/falket.com\/es\/wp-json\/wp\/v2\/pages\/7994\/revisions\/12497"}],"up":[{"embeddable":true,"href":"https:\/\/falket.com\/es\/wp-json\/wp\/v2\/pages\/6870"}],"wp:attachment":[{"href":"https:\/\/falket.com\/es\/wp-json\/wp\/v2\/media?parent=7994"}],"curies":[{"name":"wp","href":"https:\/\/api.w.org\/{rel}","templated":true}]}}