{"id":6943,"date":"2021-07-22T10:04:49","date_gmt":"2021-07-22T08:04:49","guid":{"rendered":"https:\/\/falket.com\/gastos-de-envio\/"},"modified":"2025-01-24T09:55:26","modified_gmt":"2025-01-24T08:55:26","slug":"gastos-de-envio","status":"publish","type":"page","link":"https:\/\/falket.com\/es\/gastos-de-envio\/","title":{"rendered":"Gastos de env\u00edo"},"content":{"rendered":"<div class=\"wpb-content-wrapper\"><p>[vc_row css_animation=\u00bb\u00bb row_type=\u00bbrow\u00bb use_row_as_full_screen_section=\u00bbno\u00bb type=\u00bbfull_width\u00bb angled_section=\u00bbno\u00bb text_align=\u00bbleft\u00bb background_image_as_pattern=\u00bbwithout_pattern\u00bb z_index=\u00bb\u00bb][vc_column][vc_row_inner row_type=\u00bbrow\u00bb type=\u00bbfull_width\u00bb text_align=\u00bbleft\u00bb css_animation=\u00bb\u00bb][vc_column_inner offset=\u00bbvc_hidden-sm vc_hidden-xs\u00bb][vc_empty_space height=\u00bb200px\u00bb][\/vc_column_inner][\/vc_row_inner][vc_row_inner row_type=\u00bbrow\u00bb type=\u00bbfull_width\u00bb text_align=\u00bbleft\u00bb css_animation=\u00bb\u00bb][vc_column_inner offset=\u00bbvc_hidden-lg vc_hidden-md\u00bb][vc_empty_space height=\u00bb60px\u00bb][\/vc_column_inner][\/vc_row_inner][\/vc_column][\/vc_row][vc_row css_animation=\u00bb\u00bb row_type=\u00bbrow\u00bb use_row_as_full_screen_section=\u00bbno\u00bb type=\u00bbgrid\u00bb angled_section=\u00bbno\u00bb text_align=\u00bbleft\u00bb background_image_as_pattern=\u00bbwithout_pattern\u00bb z_index=\u00bb\u00bb][vc_column][vc_column_text]<\/p>\n<h1>Gastos de env\u00edo<\/h1>\n<p>[\/vc_column_text][vc_empty_space height=\u00bb50px\u00bb][vc_column_text]<\/p>\n<h4 style=\"text-transform: uppercase;\">M\u00c9TODOS DE ENV\u00cdO<\/h4>\n<p>Nuestros productos se env\u00edan por mensajer\u00eda urgente, seg\u00fan el pa\u00eds de destino.\u2028Falket se encargar\u00e1 de elegir el transportista al que confiar el env\u00edo de la mercanc\u00eda. Los gastos de env\u00edo (que aparecen en las siguientes tablas) se calculan en funci\u00f3n de la direcci\u00f3n de env\u00edo en el momento de la compra y se muestran en el proceso de pedido antes de completar el pago.\u2028Le enviaremos un correo electr\u00f3nico de confirmaci\u00f3n el d\u00eda en que se env\u00ede el paquete. La entrega tardar\u00e1 aproximadamente 3\/5 d\u00edas laborables.\u2028Es posible enviar los productos solicitados a una direcci\u00f3n diferente de la direcci\u00f3n de facturaci\u00f3n introducida durante el registro a\u00f1adiendo los correspondientes datos en el \u00e1rea espec\u00edfica de la p\u00e1gina de pago. Para evitar malentendidos\/retrasos en la entrega, sugerimos indicar una direcci\u00f3n en la que siempre haya alguien presente (por ejemplo, el lugar de trabajo).\u2028Si el cliente est\u00e1 ausente en el momento de la entrega del paquete, el transportista dejar\u00e1 un aviso indicando el plazo de recogida o de posible nueva entrega.[\/vc_column_text][vc_empty_space height=\u00bb50px\u00bb][vc_column_text]<\/p>\n<h4 style=\"text-transform: uppercase;\">GASTOS DE ENV\u00cdO<\/h4>\n<p>A continuaci\u00f3n se muestran los gastos de env\u00edo divididos por cada pa\u00eds de destino disponible.[\/vc_column_text][vc_empty_space height=\u00bb50px\u00bb][\/vc_column][\/vc_row][vc_row css_animation=\u00bb\u00bb row_type=\u00bbrow\u00bb use_row_as_full_screen_section=\u00bbno\u00bb type=\u00bbgrid\u00bb angled_section=\u00bbno\u00bb text_align=\u00bbleft\u00bb background_image_as_pattern=\u00bbwithout_pattern\u00bb z_index=\u00bb\u00bb][vc_column css=\u00bb.vc_custom_1624448694211{border-top-width: 1px !important;border-right-width: 1px !important;border-bottom-width: 1px !important;border-left-width: 1px !important;padding-top: 0px !important;border-left-color: #f2f2f2 !important;border-left-style: solid !important;border-right-color: #f2f2f2 !important;border-right-style: solid !important;border-top-color: #f2f2f2 !important;border-top-style: solid !important;border-bottom-color: #f2f2f2 !important;border-bottom-style: solid !important;}\u00bb][vc_row_inner row_type=\u00bbrow\u00bb type=\u00bbfull_width\u00bb text_align=\u00bbleft\u00bb css_animation=\u00bb\u00bb][vc_column_inner css=\u00bb.vc_custom_1624448812828{border-top-width: 1px !important;border-right-width: 1px !important;border-bottom-width: 1px !important;border-left-width: 1px !important;padding-top: 30px !important;padding-right: 20px !important;padding-bottom: 30px !important;padding-left: 20px !important;border-left-color: #f2f2f2 !important;border-left-style: solid !important;border-right-color: #f2f2f2 !important;border-right-style: solid !important;border-top-color: #f2f2f2 !important;border-top-style: solid !important;border-bottom-color: #f2f2f2 !important;border-bottom-style: solid !important;}\u00bb offset=\u00bbvc_col-lg-6&#8243;][vc_column_text]<strong>Austria \/ Alemania \/ B\u00e9lgica \/ Luxemburgo \/ Holanda<\/strong><br \/>\nLos gastos de env\u00edo son de 9,50 euros.<br \/>\nEnv\u00edo gratuito para compras superiores a 150 euros.[\/vc_column_text][\/vc_column_inner][vc_column_inner css=\u00bb.vc_custom_1624448819911{border-top-width: 1px !important;border-right-width: 1px !important;border-bottom-width: 1px !important;border-left-width: 1px !important;padding-top: 30px !important;padding-right: 20px !important;padding-bottom: 30px !important;padding-left: 20px !important;border-left-color: #f2f2f2 !important;border-left-style: solid !important;border-right-color: #f2f2f2 !important;border-right-style: solid !important;border-top-color: #f2f2f2 !important;border-top-style: solid !important;border-bottom-color: #f2f2f2 !important;border-bottom-style: solid !important;}\u00bb offset=\u00bbvc_col-lg-6&#8243;][vc_column_text]<strong>Francia \/ Espa\u00f1a \/ Islas Baleares<\/strong><br \/>\nLos gastos de env\u00edo son de 12 euros.<br \/>\nEnv\u00edo gratuito para compras superiores a 150 euros.[\/vc_column_text][\/vc_column_inner][\/vc_row_inner][vc_row_inner row_type=\u00bbrow\u00bb type=\u00bbfull_width\u00bb text_align=\u00bbleft\u00bb css_animation=\u00bb\u00bb][vc_column_inner css=\u00bb.vc_custom_1624448812828{border-top-width: 1px !important;border-right-width: 1px !important;border-bottom-width: 1px !important;border-left-width: 1px !important;padding-top: 30px !important;padding-right: 20px !important;padding-bottom: 30px !important;padding-left: 20px !important;border-left-color: #f2f2f2 !important;border-left-style: solid !important;border-right-color: #f2f2f2 !important;border-right-style: solid !important;border-top-color: #f2f2f2 !important;border-top-style: solid !important;border-bottom-color: #f2f2f2 !important;border-bottom-style: solid !important;}\u00bb offset=\u00bbvc_col-lg-6&#8243;][vc_column_text]<strong>Inglaterra \/ Eslovaquia \/ Rep\u00fablica Checa<\/strong><br \/>\nLos gastos de env\u00edo son de 13,50 euros.<br \/>\nEnv\u00edo gratuito para compras superiores a 150 euros.[\/vc_column_text][\/vc_column_inner][vc_column_inner css=\u00bb.vc_custom_1624448819911{border-top-width: 1px !important;border-right-width: 1px !important;border-bottom-width: 1px !important;border-left-width: 1px !important;padding-top: 30px !important;padding-right: 20px !important;padding-bottom: 30px !important;padding-left: 20px !important;border-left-color: #f2f2f2 !important;border-left-style: solid !important;border-right-color: #f2f2f2 !important;border-right-style: solid !important;border-top-color: #f2f2f2 !important;border-top-style: solid !important;border-bottom-color: #f2f2f2 !important;border-bottom-style: solid !important;}\u00bb offset=\u00bbvc_col-lg-6&#8243;][vc_column_text]<strong>Suecia \/ Rumania \/ Polonia<\/strong><br \/>\nLos gastos de env\u00edo son de 14,50 euros.<br \/>\nEnv\u00edo gratuito para compras superiores a 150 euros.[\/vc_column_text][\/vc_column_inner][\/vc_row_inner][vc_row_inner row_type=\u00bbrow\u00bb type=\u00bbfull_width\u00bb text_align=\u00bbleft\u00bb css_animation=\u00bb\u00bb][vc_column_inner css=\u00bb.vc_custom_1624448812828{border-top-width: 1px !important;border-right-width: 1px !important;border-bottom-width: 1px !important;border-left-width: 1px !important;padding-top: 30px !important;padding-right: 20px !important;padding-bottom: 30px !important;padding-left: 20px !important;border-left-color: #f2f2f2 !important;border-left-style: solid !important;border-right-color: #f2f2f2 !important;border-right-style: solid !important;border-top-color: #f2f2f2 !important;border-top-style: solid !important;border-bottom-color: #f2f2f2 !important;border-bottom-style: solid !important;}\u00bb offset=\u00bbvc_col-lg-6&#8243;][vc_column_text]<strong>Estonia \/ Letonia \/ Lituania \/ Hungr\u00eda \/ Eslovenia<\/strong><br \/>\nLos gastos de env\u00edo son de 16,50 euros.<br \/>\nEnv\u00edo gratuito para compras superiores a 150 euros.[\/vc_column_text][\/vc_column_inner][vc_column_inner css=\u00bb.vc_custom_1624448819911{border-top-width: 1px !important;border-right-width: 1px !important;border-bottom-width: 1px !important;border-left-width: 1px !important;padding-top: 30px !important;padding-right: 20px !important;padding-bottom: 30px !important;padding-left: 20px !important;border-left-color: #f2f2f2 !important;border-left-style: solid !important;border-right-color: #f2f2f2 !important;border-right-style: solid !important;border-top-color: #f2f2f2 !important;border-top-style: solid !important;border-bottom-color: #f2f2f2 !important;border-bottom-style: solid !important;}\u00bb offset=\u00bbvc_col-lg-6&#8243;][vc_column_text]<strong>Bulgaria \/ Croacia \/ Portugal \/ Eire \/ Finlandia<\/strong><br \/>\nLos gastos de env\u00edo son de 17,50 euros.<br \/>\nEnv\u00edo gratuito para compras superiores a 150 euros.[\/vc_column_text][\/vc_column_inner][\/vc_row_inner][vc_row_inner row_type=\u00bbrow\u00bb type=\u00bbfull_width\u00bb text_align=\u00bbleft\u00bb css_animation=\u00bb\u00bb][vc_column_inner css=\u00bb.vc_custom_1624448812828{border-top-width: 1px !important;border-right-width: 1px !important;border-bottom-width: 1px !important;border-left-width: 1px !important;padding-top: 30px !important;padding-right: 20px !important;padding-bottom: 30px !important;padding-left: 20px !important;border-left-color: #f2f2f2 !important;border-left-style: solid !important;border-right-color: #f2f2f2 !important;border-right-style: solid !important;border-top-color: #f2f2f2 !important;border-top-style: solid !important;border-bottom-color: #f2f2f2 !important;border-bottom-style: solid !important;}\u00bb offset=\u00bbvc_col-lg-6&#8243;][vc_column_text]<strong>Grecia<\/strong><br \/>\nLos gastos de env\u00edo son de 20,00 euros.<br \/>\nEnv\u00edo gratuito para compras superiores a 150 euros.[\/vc_column_text][\/vc_column_inner][vc_column_inner css=\u00bb.vc_custom_1624448819911{border-top-width: 1px !important;border-right-width: 1px !important;border-bottom-width: 1px !important;border-left-width: 1px !important;padding-top: 30px !important;padding-right: 20px !important;padding-bottom: 30px !important;padding-left: 20px !important;border-left-color: #f2f2f2 !important;border-left-style: solid !important;border-right-color: #f2f2f2 !important;border-right-style: solid !important;border-top-color: #f2f2f2 !important;border-top-style: solid !important;border-bottom-color: #f2f2f2 !important;border-bottom-style: solid !important;}\u00bb offset=\u00bbvc_col-lg-6&#8243;][vc_column_text]<strong>Armenia \/ Azerbaiy\u00e1n \/ Georgia \/ Kazajst\u00e1n<\/strong><br \/>\nLos gastos de env\u00edo son de 81,70 euros.<br \/>\nEnv\u00edo gratuito para compras superiores a 300 euros.[\/vc_column_text][\/vc_column_inner][\/vc_row_inner][vc_row_inner row_type=\u00bbrow\u00bb type=\u00bbfull_width\u00bb text_align=\u00bbleft\u00bb css_animation=\u00bb\u00bb][vc_column_inner css=\u00bb.vc_custom_1624448812828{border-top-width: 1px !important;border-right-width: 1px !important;border-bottom-width: 1px !important;border-left-width: 1px !important;padding-top: 30px !important;padding-right: 20px !important;padding-bottom: 30px !important;padding-left: 20px !important;border-left-color: #f2f2f2 !important;border-left-style: solid !important;border-right-color: #f2f2f2 !important;border-right-style: solid !important;border-top-color: #f2f2f2 !important;border-top-style: solid !important;border-bottom-color: #f2f2f2 !important;border-bottom-style: solid !important;}\u00bb offset=\u00bbvc_col-lg-6&#8243;][vc_column_text]<strong>Chipre \/ Albania \/ Bielorrusia \/ Bosnia Herzegovina \/ Islandia \/ Liechtenstein \/ Macedonia del Norte \/ Malta \/ Montenegro \/ Noruega \/ Rusia \/ Serbia \/ Ucrania<\/strong><br \/>\nLos gastos de env\u00edo son de 61,30 euros.<br \/>\nEnv\u00edo gratuito para compras superiores a 300 euros.[\/vc_column_text][\/vc_column_inner][vc_column_inner el_class=\u00bbmin-height-column-price\u00bb css=\u00bb.vc_custom_1625731697638{border-top-width: 1px !important;border-right-width: 1px !important;border-bottom-width: 1px !important;border-left-width: 1px !important;padding-top: 30px !important;padding-right: 20px !important;padding-bottom: 30px !important;padding-left: 20px !important;border-left-color: #f2f2f2 !important;border-left-style: solid !important;border-right-color: #f2f2f2 !important;border-right-style: solid !important;border-top-color: #f2f2f2 !important;border-top-style: solid !important;border-bottom-color: #f2f2f2 !important;border-bottom-style: solid !important;}\u00bb offset=\u00bbvc_col-lg-6&#8243;][vc_column_text]<strong>Dinamarca \/ Andorra \/ M\u00f3naco<\/strong><br \/>\nLos gastos de env\u00edo son de 29,90 euros.<br \/>\nEnv\u00edo gratuito para compras superiores a 150 euros.[\/vc_column_text][\/vc_column_inner][\/vc_row_inner][\/vc_column][\/vc_row][vc_row css_animation=\u00bb\u00bb row_type=\u00bbrow\u00bb use_row_as_full_screen_section=\u00bbno\u00bb type=\u00bbgrid\u00bb angled_section=\u00bbno\u00bb text_align=\u00bbleft\u00bb background_image_as_pattern=\u00bbwithout_pattern\u00bb z_index=\u00bb\u00bb][vc_column][vc_empty_space height=\u00bb50px\u00bb][vc_column_text]En caso de env\u00edos a destinos distintos de los pa\u00edses de la Uni\u00f3n Europea, puede haber costes e impuestos adicionales, que corren totalmente a cargo del destinatario.\u2028Si es as\u00ed, puede ponerse en contacto con nosotros por correo electr\u00f3nico en <a href=\"https:\/\/falket.com\/es\/contactos\/\">info@falket.com<\/a>[\/vc_column_text][vc_empty_space height=\u00bb20px\u00bb][vc_column_text]En el momento de la entrega, el Cliente se compromete a comprobar la integridad real de los paquetes y que estos no est\u00e1n abiertos, mojados, da\u00f1ados ni manipulados de ninguna manera.\u2028En caso de que haya alg\u00fan problema, firme el recibo con reserva describiendo directamente el motivo en el documento de entrega. \u2028Le recordamos que si firma el documento sin impugnar los da\u00f1os evidentes, exime al transportista de toda responsabilidad por los da\u00f1os ocasionados durante el transporte. Falket no ser\u00e1 responsable ante el comprador en caso de no entrega o de retraso en la entrega, incluso parcial, por causa de fuerza mayor, circunstancias imprevisibles y, en cualquier caso, en todos los supuestos imputables a la responsabilidad del transportista.[\/vc_column_text][vc_empty_space height=\u00bb50px\u00bb][vc_column_text]<\/p>\n<h4 style=\"text-transform: uppercase;\">PLAZOS DE ENTREGA<\/h4>\n<p>Normalmente, la tramitaci\u00f3n de un pedido tarda entre 3 y 10 d\u00edas laborables.\u2028En caso de que no podamos cumplir con este plazo, informaremos r\u00e1pidamente al Cliente por correo electr\u00f3nico indicando el plazo de entrega previsto. En tal caso, el Cliente tendr\u00e1 derecho a desistir del pedido dentro de las 24 horas siguientes a la recepci\u00f3n del mensaje, tambi\u00e9n por correo electr\u00f3nico ordinario. Si Falket no recibe ninguna notificaci\u00f3n por escrito del Cliente dentro de este plazo de la intenci\u00f3n de desistir del Pedido, este se considerar\u00e1 confirmado con las nuevas condiciones de entrega.[\/vc_column_text][vc_empty_space height=\u00bb50px\u00bb][vc_column_text]<\/p>\n<h4 style=\"text-transform: uppercase;\">INFORMACI\u00d3N SOBRE EL PRODUCTO, OBLIGACIONES Y GARANT\u00cdAS<\/h4>\n<p>Los Productos se representan y se hacen visibles en el Sitio de manera precisa y acorde con sus caracter\u00edsticas reales. Sin embargo, al tratarse de productos artesanales sujetos a variaciones debidas a la elaboraci\u00f3n del material, Falket no puede garantizar al 100% la correspondencia exacta con las im\u00e1genes y colores tal y como aparecen en el monitor del Cliente. Por esta raz\u00f3n, la coloraci\u00f3n no ser\u00e1 un problema y Falket puede garantizar una tolerancia dimensional de +\/- 5%.<br \/>\nLas Partes reconocen mutuamente que los productos presentados en el Sitio pueden dejar de estar disponibles o a la venta en el momento en que el Usuario accede al Sitio, en cuyo caso se le notificar\u00e1 mediante la correspondiente informaci\u00f3n en la Ficha de Producto, y que los precios correspondientes pueden estar sujetos a actualizaciones.[\/vc_column_text][\/vc_column][\/vc_row][vc_row css_animation=\u00bb\u00bb row_type=\u00bbrow\u00bb use_row_as_full_screen_section=\u00bbno\u00bb type=\u00bbfull_width\u00bb angled_section=\u00bbno\u00bb text_align=\u00bbleft\u00bb background_image_as_pattern=\u00bbwithout_pattern\u00bb][vc_column][vc_empty_space height=\u00bb100px\u00bb][\/vc_column][\/vc_row]<\/p>\n<\/div>","protected":false},"excerpt":{"rendered":"<p>[vc_row css_animation=\u00bb\u00bb row_type=\u00bbrow\u00bb use_row_as_full_screen_section=\u00bbno\u00bb type=\u00bbfull_width\u00bb angled_section=\u00bbno\u00bb text_align=\u00bbleft\u00bb background_image_as_pattern=\u00bbwithout_pattern\u00bb z_index=\u00bb\u00bb][vc_column][vc_row_inner row_type=\u00bbrow\u00bb type=\u00bbfull_width\u00bb text_align=\u00bbleft\u00bb css_animation=\u00bb\u00bb][vc_column_inner offset=\u00bbvc_hidden-sm vc_hidden-xs\u00bb][vc_empty_space height=\u00bb200px\u00bb][\/vc_column_inner][\/vc_row_inner][vc_row_inner row_type=\u00bbrow\u00bb type=\u00bbfull_width\u00bb text_align=\u00bbleft\u00bb css_animation=\u00bb\u00bb][vc_column_inner offset=\u00bbvc_hidden-lg vc_hidden-md\u00bb][vc_empty_space height=\u00bb60px\u00bb][\/vc_column_inner][\/vc_row_inner][\/vc_column][\/vc_row][vc_row css_animation=\u00bb\u00bb row_type=\u00bbrow\u00bb use_row_as_full_screen_section=\u00bbno\u00bb type=\u00bbgrid\u00bb angled_section=\u00bbno\u00bb text_align=\u00bbleft\u00bb background_image_as_pattern=\u00bbwithout_pattern\u00bb z_index=\u00bb\u00bb][vc_column][vc_column_text] Gastos de env\u00edo [\/vc_column_text][vc_empty_space height=\u00bb50px\u00bb][vc_column_text] M\u00c9TODOS DE ENV\u00cdO Nuestros productos se env\u00edan por mensajer\u00eda&#8230;<\/p>\n","protected":false},"author":1,"featured_media":0,"parent":0,"menu_order":0,"comment_status":"closed","ping_status":"closed","template":"full_width.php","meta":{"footnotes":""},"class_list":["post-6943","page","type-page","status-publish","hentry"],"yoast_head":"<!-- This site is optimized with the Yoast SEO plugin v25.8 - https:\/\/yoast.com\/wordpress\/plugins\/seo\/ -->\n<title>Gastos de env\u00edo - Falket<\/title>\n<meta name=\"description\" content=\"Informaci\u00f3n sobre la compra de productos Falket, costes de env\u00edo y m\u00e9todos de entrega. Lea la informaci\u00f3n completa.\" \/>\n<meta name=\"robots\" content=\"index, follow, max-snippet:-1, max-image-preview:large, max-video-preview:-1\" \/>\n<link rel=\"canonical\" href=\"https:\/\/falket.com\/es\/gastos-de-envio\/\" \/>\n<meta property=\"og:locale\" content=\"es_ES\" \/>\n<meta property=\"og:type\" content=\"article\" \/>\n<meta property=\"og:title\" content=\"Gastos de env\u00edo - Falket\" \/>\n<meta property=\"og:description\" content=\"Informaci\u00f3n sobre la compra de productos Falket, costes de env\u00edo y m\u00e9todos de entrega. Lea la informaci\u00f3n completa.\" \/>\n<meta property=\"og:url\" content=\"https:\/\/falket.com\/es\/gastos-de-envio\/\" \/>\n<meta property=\"og:site_name\" content=\"Falket\" \/>\n<meta property=\"article:publisher\" content=\"https:\/\/www.facebook.com\/Falket-197602493678529\/\" \/>\n<meta property=\"article:modified_time\" content=\"2025-01-24T08:55:26+00:00\" \/>\n<meta name=\"twitter:card\" content=\"summary_large_image\" \/>\n<meta name=\"twitter:label1\" content=\"Tiempo de lectura\" \/>\n\t<meta name=\"twitter:data1\" content=\"7 minutos\" \/>\n<script type=\"application\/ld+json\" class=\"yoast-schema-graph\">{\"@context\":\"https:\/\/schema.org\",\"@graph\":[{\"@type\":\"WebPage\",\"@id\":\"https:\/\/falket.com\/es\/gastos-de-envio\/\",\"url\":\"https:\/\/falket.com\/es\/gastos-de-envio\/\",\"name\":\"Gastos de env\u00edo - Falket\",\"isPartOf\":{\"@id\":\"https:\/\/falket.com\/es\/#website\"},\"datePublished\":\"2021-07-22T08:04:49+00:00\",\"dateModified\":\"2025-01-24T08:55:26+00:00\",\"description\":\"Informaci\u00f3n sobre la compra de productos Falket, costes de env\u00edo y m\u00e9todos de entrega. Lea la informaci\u00f3n completa.\",\"inLanguage\":\"es\",\"potentialAction\":[{\"@type\":\"ReadAction\",\"target\":[\"https:\/\/falket.com\/es\/gastos-de-envio\/\"]}]},{\"@type\":\"WebSite\",\"@id\":\"https:\/\/falket.com\/es\/#website\",\"url\":\"https:\/\/falket.com\/es\/\",\"name\":\"Falket\",\"description\":\"Attrezzature per la potatura e il giardinaggio\",\"publisher\":{\"@id\":\"https:\/\/falket.com\/es\/#organization\"},\"potentialAction\":[{\"@type\":\"SearchAction\",\"target\":{\"@type\":\"EntryPoint\",\"urlTemplate\":\"https:\/\/falket.com\/es\/?s={search_term_string}\"},\"query-input\":{\"@type\":\"PropertyValueSpecification\",\"valueRequired\":true,\"valueName\":\"search_term_string\"}}],\"inLanguage\":\"es\"},{\"@type\":\"Organization\",\"@id\":\"https:\/\/falket.com\/es\/#organization\",\"name\":\"Falket\",\"url\":\"https:\/\/falket.com\/es\/\",\"logo\":{\"@type\":\"ImageObject\",\"inLanguage\":\"es\",\"@id\":\"https:\/\/falket.com\/es\/#\/schema\/logo\/image\/\",\"url\":\"https:\/\/falket.com\/wp-content\/uploads\/2021\/07\/falket-logo-invoice.png\",\"contentUrl\":\"https:\/\/falket.com\/wp-content\/uploads\/2021\/07\/falket-logo-invoice.png\",\"width\":300,\"height\":80,\"caption\":\"Falket\"},\"image\":{\"@id\":\"https:\/\/falket.com\/es\/#\/schema\/logo\/image\/\"},\"sameAs\":[\"https:\/\/www.facebook.com\/Falket-197602493678529\/\",\"https:\/\/www.instagram.com\/falket_professional\/\",\"https:\/\/www.linkedin.com\/company\/falket\/about\/\"]}]}<\/script>\n<!-- \/ Yoast SEO plugin. -->","yoast_head_json":{"title":"Gastos de env\u00edo - Falket","description":"Informaci\u00f3n sobre la compra de productos Falket, costes de env\u00edo y m\u00e9todos de entrega. Lea la informaci\u00f3n completa.","robots":{"index":"index","follow":"follow","max-snippet":"max-snippet:-1","max-image-preview":"max-image-preview:large","max-video-preview":"max-video-preview:-1"},"canonical":"https:\/\/falket.com\/es\/gastos-de-envio\/","og_locale":"es_ES","og_type":"article","og_title":"Gastos de env\u00edo - Falket","og_description":"Informaci\u00f3n sobre la compra de productos Falket, costes de env\u00edo y m\u00e9todos de entrega. Lea la informaci\u00f3n completa.","og_url":"https:\/\/falket.com\/es\/gastos-de-envio\/","og_site_name":"Falket","article_publisher":"https:\/\/www.facebook.com\/Falket-197602493678529\/","article_modified_time":"2025-01-24T08:55:26+00:00","twitter_card":"summary_large_image","twitter_misc":{"Tiempo de lectura":"7 minutos"},"schema":{"@context":"https:\/\/schema.org","@graph":[{"@type":"WebPage","@id":"https:\/\/falket.com\/es\/gastos-de-envio\/","url":"https:\/\/falket.com\/es\/gastos-de-envio\/","name":"Gastos de env\u00edo - Falket","isPartOf":{"@id":"https:\/\/falket.com\/es\/#website"},"datePublished":"2021-07-22T08:04:49+00:00","dateModified":"2025-01-24T08:55:26+00:00","description":"Informaci\u00f3n sobre la compra de productos Falket, costes de env\u00edo y m\u00e9todos de entrega. Lea la informaci\u00f3n completa.","inLanguage":"es","potentialAction":[{"@type":"ReadAction","target":["https:\/\/falket.com\/es\/gastos-de-envio\/"]}]},{"@type":"WebSite","@id":"https:\/\/falket.com\/es\/#website","url":"https:\/\/falket.com\/es\/","name":"Falket","description":"Attrezzature per la potatura e il giardinaggio","publisher":{"@id":"https:\/\/falket.com\/es\/#organization"},"potentialAction":[{"@type":"SearchAction","target":{"@type":"EntryPoint","urlTemplate":"https:\/\/falket.com\/es\/?s={search_term_string}"},"query-input":{"@type":"PropertyValueSpecification","valueRequired":true,"valueName":"search_term_string"}}],"inLanguage":"es"},{"@type":"Organization","@id":"https:\/\/falket.com\/es\/#organization","name":"Falket","url":"https:\/\/falket.com\/es\/","logo":{"@type":"ImageObject","inLanguage":"es","@id":"https:\/\/falket.com\/es\/#\/schema\/logo\/image\/","url":"https:\/\/falket.com\/wp-content\/uploads\/2021\/07\/falket-logo-invoice.png","contentUrl":"https:\/\/falket.com\/wp-content\/uploads\/2021\/07\/falket-logo-invoice.png","width":300,"height":80,"caption":"Falket"},"image":{"@id":"https:\/\/falket.com\/es\/#\/schema\/logo\/image\/"},"sameAs":["https:\/\/www.facebook.com\/Falket-197602493678529\/","https:\/\/www.instagram.com\/falket_professional\/","https:\/\/www.linkedin.com\/company\/falket\/about\/"]}]}},"_links":{"self":[{"href":"https:\/\/falket.com\/es\/wp-json\/wp\/v2\/pages\/6943","targetHints":{"allow":["GET"]}}],"collection":[{"href":"https:\/\/falket.com\/es\/wp-json\/wp\/v2\/pages"}],"about":[{"href":"https:\/\/falket.com\/es\/wp-json\/wp\/v2\/types\/page"}],"author":[{"embeddable":true,"href":"https:\/\/falket.com\/es\/wp-json\/wp\/v2\/users\/1"}],"replies":[{"embeddable":true,"href":"https:\/\/falket.com\/es\/wp-json\/wp\/v2\/comments?post=6943"}],"version-history":[{"count":1,"href":"https:\/\/falket.com\/es\/wp-json\/wp\/v2\/pages\/6943\/revisions"}],"predecessor-version":[{"id":12488,"href":"https:\/\/falket.com\/es\/wp-json\/wp\/v2\/pages\/6943\/revisions\/12488"}],"wp:attachment":[{"href":"https:\/\/falket.com\/es\/wp-json\/wp\/v2\/media?parent=6943"}],"curies":[{"name":"wp","href":"https:\/\/api.w.org\/{rel}","templated":true}]}}