{"id":6913,"date":"2021-07-22T09:52:31","date_gmt":"2021-07-22T07:52:31","guid":{"rendered":"https:\/\/falket.com\/devoluciones-y-cambios\/"},"modified":"2025-01-24T09:46:14","modified_gmt":"2025-01-24T08:46:14","slug":"devoluciones-y-cambios","status":"publish","type":"page","link":"https:\/\/falket.com\/es\/devoluciones-y-cambios\/","title":{"rendered":"Devoluciones y cambios"},"content":{"rendered":"<div class=\"wpb-content-wrapper\"><p>[vc_row css_animation=\u00bb\u00bb row_type=\u00bbrow\u00bb use_row_as_full_screen_section=\u00bbno\u00bb type=\u00bbfull_width\u00bb angled_section=\u00bbno\u00bb text_align=\u00bbleft\u00bb background_image_as_pattern=\u00bbwithout_pattern\u00bb z_index=\u00bb\u00bb][vc_column][vc_row_inner row_type=\u00bbrow\u00bb type=\u00bbfull_width\u00bb text_align=\u00bbleft\u00bb css_animation=\u00bb\u00bb][vc_column_inner offset=\u00bbvc_hidden-sm vc_hidden-xs\u00bb][vc_empty_space height=\u00bb200px\u00bb][\/vc_column_inner][\/vc_row_inner][vc_row_inner row_type=\u00bbrow\u00bb type=\u00bbfull_width\u00bb text_align=\u00bbleft\u00bb css_animation=\u00bb\u00bb][vc_column_inner offset=\u00bbvc_hidden-lg vc_hidden-md\u00bb][vc_empty_space height=\u00bb60px\u00bb][\/vc_column_inner][\/vc_row_inner][\/vc_column][\/vc_row][vc_row css_animation=\u00bb\u00bb row_type=\u00bbrow\u00bb use_row_as_full_screen_section=\u00bbno\u00bb type=\u00bbgrid\u00bb angled_section=\u00bbno\u00bb text_align=\u00bbleft\u00bb background_image_as_pattern=\u00bbwithout_pattern\u00bb z_index=\u00bb\u00bb][vc_column][vc_column_text]<\/p>\n<h1>Devoluciones y sustituciones<\/h1>\n<p>[\/vc_column_text][vc_empty_space height=\u00bb50px\u00bb][vc_column_text css=\u00bb\u00bb]<\/p>\n<h4 style=\"text-transform: uppercase;\">DERECHO DE DESISTIMIENTO<\/h4>\n<p>De conformidad con los art\u00edculos 52 y siguientes del C\u00f3digo del Consumidor, el Cliente persona f\u00edsica que tenga calidad de consumidor puede ejercer el derecho de desistimiento sin tener que motivar su decisi\u00f3n. No obstante, en aras de la mejora continua de nuestros servicios y productos, nos gustar\u00eda recibir un comentario, incluso superficial, sobre lo sucedido. El derecho de desistimiento no est\u00e1 permitido a las personas jur\u00eddicas (por ejemplo, empresas, minoristas, etc.) ni a las personas f\u00edsicas que act\u00faan con fines relacionados con su actividad comercial. El derecho de desistimiento debe ejercitarse expresando esta voluntad por carta certificada con acuse de recibo o por correo electr\u00f3nico a customer@falket.com, en un plazo m\u00e1ximo de 14 d\u00edas a partir de la fecha de recepci\u00f3n de la mercanc\u00eda. Para ejercer el derecho de desistimiento, el Cliente consumidor podr\u00e1 presentar cualquier declaraci\u00f3n expl\u00edcita de su decisi\u00f3n de rescindir el Contrato o utilizar el siguiente formulario est\u00e1ndar de desistimiento dirigido a Falket Via Giabbio zona industriale | 23834 Premana (LC) Italia, o enviarlo a la direcci\u00f3n de correo electr\u00f3nico customer@falket.com.[\/vc_column_text][vc_empty_space height=\u00bb50px\u00bb][vc_row_inner row_type=\u00bbrow\u00bb type=\u00bbfull_width\u00bb text_align=\u00bbleft\u00bb css_animation=\u00bb\u00bb][vc_column_inner offset=\u00bbvc_col-lg-offset-2 vc_col-lg-8 vc_col-md-offset-1 vc_col-md-10&#8243; css=\u00bb.vc_custom_1624459338197{border-top-width: 2px !important;border-right-width: 2px !important;border-bottom-width: 2px !important;border-left-width: 2px !important;padding-top: 40px !important;padding-right: 30px !important;padding-bottom: 40px !important;padding-left: 30px !important;border-left-color: #f2f2f2 !important;border-left-style: solid !important;border-right-color: #f2f2f2 !important;border-right-style: solid !important;border-top-color: #f2f2f2 !important;border-top-style: solid !important;border-bottom-color: #f2f2f2 !important;border-bottom-style: solid !important;border-radius: 30px !important;}\u00bb][vc_column_text]<\/p>\n<h4>FORMULARIO DE CORREO ELECTR\u00d3NICO\/CARTA DE RESOLUCI\u00d3N<\/h4>\n<p>[\/vc_column_text][vc_empty_space height=\u00bb15px\u00bb][vc_column_text]ASUNTO: resoluci\u00f3n del contrato de venta n.\u00ba\u2026\u2026 de \u2026\u2026<br \/>\nEl abajo firmante \u2026\u2026 correo electr\u00f3nico \u2026\u2026 mediante el env\u00edo de esta carta, comunica la resoluci\u00f3n del contrato de venta en cuesti\u00f3n celebrado el \u2026\u2026.<br \/>\nEl producto adquirido fue recibido en \u2026\u2026 y se me devolver\u00e1 a mi cargo, sin demora indebida y, en cualquier caso, en un plazo m\u00e1ximo de 14 d\u00edas a contar desde la fecha en que reciban esta carta.<br \/>\nAdem\u00e1s, solicito que se me devuelva el importe que he pagado, equivalente a \u2026\u2026 en el mismo plazo.<br \/>\nA la espera de su respuesta, les env\u00edo un cordial saludo.<br \/>\nFecha \u2026\u2026<br \/>\nFirma \u2026\u2026[\/vc_column_text][vc_separator type=\u00bbnormal\u00bb color=\u00bb#f2f2f2&#8243; thickness=\u00bb2&#8243; up=\u00bb30&#8243; down=\u00bb30&#8243;][vc_column_text]<\/p>\n<h6 style=\"text-align: center;\">Puede enviar la solicitud de retiro directamente desde el \u00e1rea dedicada<\/h6>\n<p>[\/vc_column_text][\/vc_column_inner][\/vc_row_inner][vc_row_inner row_type=\u00bbrow\u00bb type=\u00bbfull_width\u00bb text_align=\u00bbcenter\u00bb css_animation=\u00bb\u00bb][vc_column_inner css=\u00bb.vc_custom_1624459408399{margin-top: -22px !important;}\u00bb]<a  itemprop=\"url\" href=\"https:\/\/falket.com\/es\/devoluciones-y-cambios\/solicitud-de-devolucion\/\" target=\"_self\"  class=\"qbutton  center white enlarge\" style=\"\">PREGUNTE AQU\u00cd EL RETIRO<\/a>[\/vc_column_inner][\/vc_row_inner][vc_empty_space height=\u00bb50px\u00bb][vc_column_text]Al ejercer este derecho, el Cliente consumidor deber\u00e1 restituir los bienes, a su cargo, asumiendo la responsabilidad por el transporte, sin demora indebida y en todo caso en un plazo m\u00e1ximo de 14 d\u00edas a contar desde la fecha de recepci\u00f3n de la notificaci\u00f3n de resoluci\u00f3n por parte de Falket y tendr\u00e1 derecho al reembolso de la totalidad del importe pagado por los bienes devueltos, incluidos los gastos de env\u00edo (excepto en el caso de pedidos m\u00faltiples para los que el derecho de resoluci\u00f3n solo se ejerce para determinados art\u00edculos).<br \/>\nTenga en cuenta que Falket reembolsar\u00e1 el pago sin demora indebida y, en cualquier caso, en un plazo de 14 d\u00edas a partir del d\u00eda en que haya recibido la notificaci\u00f3n de la intenci\u00f3n de desistir, pero podr\u00e1 retener el reembolso hasta que haya recibido los bienes o hasta que el Cliente consumidor haya demostrado que los ha devuelto.<br \/>\nEl reembolso podr\u00e1 realizarse utilizando el mismo m\u00e9todo de pago que utiliz\u00f3 el cliente consumidor, si el pago se realiz\u00f3 mediante PayPal o transferencia bancaria, o mediante un m\u00e9todo diferente al del pago inicial si el cliente consumidor y Falket lo han acordado expresamente.<br \/>\nA petici\u00f3n de Falket, el cliente consumidor deber\u00e1 aportar los siguientes datos y documentos: prueba de que la mercanc\u00eda ha sido devuelta a Falket (por ejemplo, recibo de entrega de la mercanc\u00eda al transportista, albar\u00e1n de entrega, nota de entrega, etc.), en caso de retirada parcial, el c\u00f3digo o c\u00f3digos de los art\u00edculos que se van a devolver y los datos bancarios correspondientes a la transferencia (c\u00f3digo IBAN de la cuenta corriente del titular de la factura). El derecho de resoluci\u00f3n no se aplica a los productos originalmente precintados y abiertos por el cliente consumidor. La mercanc\u00eda debe ser devuelta intacta y completa, de lo contrario Falket se la rechazar\u00e1 al cliente consumidor.[\/vc_column_text][vc_empty_space height=\u00bb50px\u00bb][vc_column_text]<\/p>\n<h4 style=\"text-transform: uppercase;\">GARANT\u00cdA LEGAL DE CONFORMIDAD<\/h4>\n<p>Todos los Productos vendidos en el Sitio est\u00e1n cubiertos por la garant\u00eda legal de conformidad prevista en los art\u00edculos 128-135 del Decreto Legislativo n.\u00ba 206\/2005 (C\u00f3digo de Consumo). La Garant\u00eda Legal est\u00e1 reservada a los consumidores, mientras que los no consumidores est\u00e1n cubiertos por las garant\u00edas por defectos de los bienes vendidos, la garant\u00eda por defectos en las cualidades prometidas y esenciales y las dem\u00e1s garant\u00edas previstas por el C\u00f3digo Civil italiano.\u2028Falket ser\u00e1 responsable ante el Cliente consumidor de cualquier falta de conformidad que exista en el momento de la entrega del producto y que se manifieste en los dos a\u00f1os siguientes a dicha entrega. La falta de conformidad debe ser comunicada a Falket, bajo pena de p\u00e9rdida de la garant\u00eda, en un plazo de dos meses a partir de la fecha en que fue descubierta. Por lo tanto, para poder beneficiarse de la Garant\u00eda Legal, el cliente consumidor debe probar la fecha de compra y entrega de los bienes. En consecuencia, es aconsejable que el Cliente consumidor conserve el correo electr\u00f3nico de confirmaci\u00f3n del pedido, la factura de compra, el documento de transporte o cualquier otro documento que pueda dar fe de la fecha de la compra (por ejemplo, el extracto de la tarjeta de cr\u00e9dito) y de la entrega.[\/vc_column_text][vc_empty_space height=\u00bb20px\u00bb][vc_column_text]Existe un defecto de conformidad cuando los bienes adquiridos:<br \/>\n1. no es apto para el uso al que normalmente se destinan los bienes del mismo tipo;<br \/>\n2. no se ajusta a la descripci\u00f3n realizada por el vendedor y no posee las cualidades de los bienes que el vendedor ha presentado al consumidor como muestra o modelo;<br \/>\n3. no tiene las cualidades ni las prestaciones habituales de los bienes del mismo tipo, que el consumidor puede esperar razonablemente, teniendo en cuenta tambi\u00e9n las declaraciones hechas en la publicidad o el etiquetado;<br \/>\n4. no es apto para el uso particular previsto por el consumidor, que \u00e9ste ha puesto en conocimiento del vendedor en el momento de la celebraci\u00f3n del contrato y que el vendedor ha aceptado.[\/vc_column_text][vc_empty_space height=\u00bb20px\u00bb][vc_column_text]En caso de que disconformidad debidamente comunicada dentro de los plazos, el cliente consumidor tiene derecho:<br \/>\n&#8211; en primer lugar, a la reparaci\u00f3n o sustituci\u00f3n de los bienes de forma gratuita, a su elecci\u00f3n, salvo que la soluci\u00f3n solicitada sea objetivamente imposible o excesivamente cara en comparaci\u00f3n con la otra soluci\u00f3n;<br \/>\n&#8211; en segundo lugar (es decir, en caso de que la reparaci\u00f3n o la sustituci\u00f3n sean imposibles o excesivamente caras o de que la reparaci\u00f3n o la sustituci\u00f3n no se hayan llevado a cabo en un periodo de tiempo razonable o la reparaci\u00f3n o la sustituci\u00f3n llevadas a cabo con anterioridad hayan causado inconvenientes significativos al consumidor) a una reducci\u00f3n del precio o a la resoluci\u00f3n del Contrato, a su elecci\u00f3n.[\/vc_column_text][vc_empty_space height=\u00bb20px\u00bb][vc_column_text]La subsanaci\u00f3n solicitada es excesivamente costosa si impone al vendedor costes irrazonables en comparaci\u00f3n con las subsanaciones alternativas disponibles, teniendo en cuenta (i) el valor que tendr\u00edan los bienes si no hubiera falta de conformidad; (ii) el alcance de la falta de conformidad; (iii) si la subsanaci\u00f3n alternativa puede realizarse sin inconvenientes significativos para el consumidor.\u2028En caso de que un producto adquirido en el Sitio, durante el per\u00edodo de validez de la Garant\u00eda Legal, manifieste lo que puede ser una falta de conformidad, el consumidor Cliente podr\u00e1 ponerse en contacto con Falket en customer@falket.com[\/vc_column_text][vc_empty_space height=\u00bb50px\u00bb][vc_column_text]<\/p>\n<h4 style=\"text-transform: uppercase;\">LEY APLICABLE Y TRIBUNAL COMPETENTE<\/h4>\n<p>El contrato de venta entre el Cliente y Falket se celebrar\u00e1 en Italia y se regir\u00e1 por la legislaci\u00f3n italiana. Para la resoluci\u00f3n de los litigios relativos a la interpretaci\u00f3n, ejecuci\u00f3n o rescisi\u00f3n de las presentes Condiciones Generales o de los pedidos individuales de compra, si el Cliente es un consumidor seg\u00fan el C\u00f3digo del Consumo, la jurisdicci\u00f3n exclusiva ser\u00e1 el Tribunal de su ciudad de residencia o domicilio si se encuentra en territorio italiano; en todos los dem\u00e1s casos, la jurisdicci\u00f3n territorial ser\u00e1 exclusivamente la del Tribunal de Lecco, quedando excluida cualquier otra jurisdicci\u00f3n.[\/vc_column_text][vc_empty_space height=\u00bb50px\u00bb][vc_column_text]<\/p>\n<h4 style=\"text-transform: uppercase;\">ASISTENCIA AL CLIENTE, RECLAMACIONES, RESOLUCI\u00d3N ALTERNATIVA DE CONFLICTOS ADR\/ODR<\/h4>\n<p>Se informa al Cliente de que es posible solicitar informaci\u00f3n, enviar comunicaciones y remitir reclamaciones a customer@falket.com.\u2028Adem\u00e1s, le informamos como consumidor de que -en caso de que no sea posible resolver una reclamaci\u00f3n- se ha creado una plataforma europea en l\u00ednea que ofrece una herramienta alternativa de resoluci\u00f3n de litigios. Esta herramienta puede ser utilizada por el consumidor europeo para resolver extrajudicialmente cualquier conflicto relacionado con los contratos de venta de bienes y servicios celebrados en l\u00ednea y\/o derivados de ellos y est\u00e1 disponible en el siguiente enlace:http:\/\/ec.europa.eu\/consumers\/odr\/.<br \/>\nA trav\u00e9s de esta plataforma, el consumidor-cliente puede consultar la lista de entidades de RAL, encontrar el enlace a la p\u00e1gina web de cada una de ellas e iniciar un procedimiento de resoluci\u00f3n de conflictos en l\u00ednea.[\/vc_column_text][\/vc_column][\/vc_row][vc_row css_animation=\u00bb\u00bb row_type=\u00bbrow\u00bb use_row_as_full_screen_section=\u00bbno\u00bb type=\u00bbfull_width\u00bb angled_section=\u00bbno\u00bb text_align=\u00bbleft\u00bb background_image_as_pattern=\u00bbwithout_pattern\u00bb][vc_column][vc_empty_space height=\u00bb100px\u00bb][\/vc_column][\/vc_row]<\/p>\n<\/div>","protected":false},"excerpt":{"rendered":"<p>[vc_row css_animation=\u00bb\u00bb row_type=\u00bbrow\u00bb use_row_as_full_screen_section=\u00bbno\u00bb type=\u00bbfull_width\u00bb angled_section=\u00bbno\u00bb text_align=\u00bbleft\u00bb background_image_as_pattern=\u00bbwithout_pattern\u00bb z_index=\u00bb\u00bb][vc_column][vc_row_inner row_type=\u00bbrow\u00bb type=\u00bbfull_width\u00bb text_align=\u00bbleft\u00bb css_animation=\u00bb\u00bb][vc_column_inner offset=\u00bbvc_hidden-sm vc_hidden-xs\u00bb][vc_empty_space height=\u00bb200px\u00bb][\/vc_column_inner][\/vc_row_inner][vc_row_inner row_type=\u00bbrow\u00bb type=\u00bbfull_width\u00bb text_align=\u00bbleft\u00bb css_animation=\u00bb\u00bb][vc_column_inner offset=\u00bbvc_hidden-lg vc_hidden-md\u00bb][vc_empty_space height=\u00bb60px\u00bb][\/vc_column_inner][\/vc_row_inner][\/vc_column][\/vc_row][vc_row css_animation=\u00bb\u00bb row_type=\u00bbrow\u00bb use_row_as_full_screen_section=\u00bbno\u00bb type=\u00bbgrid\u00bb angled_section=\u00bbno\u00bb text_align=\u00bbleft\u00bb background_image_as_pattern=\u00bbwithout_pattern\u00bb z_index=\u00bb\u00bb][vc_column][vc_column_text] Devoluciones y sustituciones [\/vc_column_text][vc_empty_space height=\u00bb50px\u00bb][vc_column_text css=\u00bb\u00bb] DERECHO DE DESISTIMIENTO De conformidad con los art\u00edculos&#8230;<\/p>\n","protected":false},"author":1,"featured_media":0,"parent":0,"menu_order":0,"comment_status":"closed","ping_status":"closed","template":"full_width.php","meta":{"footnotes":""},"class_list":["post-6913","page","type-page","status-publish","hentry"],"yoast_head":"<!-- This site is optimized with the Yoast SEO plugin v25.8 - https:\/\/yoast.com\/wordpress\/plugins\/seo\/ -->\n<title>Devoluciones y cambios - Falket<\/title>\n<meta name=\"description\" content=\"Pol\u00edtica de devoluciones, reembolsos y sustituciones de Falket. Descubra c\u00f3mo devolver los productos que compr\u00f3.\" \/>\n<meta name=\"robots\" content=\"index, follow, max-snippet:-1, max-image-preview:large, max-video-preview:-1\" \/>\n<link rel=\"canonical\" href=\"https:\/\/falket.com\/es\/devoluciones-y-cambios\/\" \/>\n<meta property=\"og:locale\" content=\"es_ES\" \/>\n<meta property=\"og:type\" content=\"article\" \/>\n<meta property=\"og:title\" content=\"Devoluciones y cambios - Falket\" \/>\n<meta property=\"og:description\" content=\"Pol\u00edtica de devoluciones, reembolsos y sustituciones de Falket. Descubra c\u00f3mo devolver los productos que compr\u00f3.\" \/>\n<meta property=\"og:url\" content=\"https:\/\/falket.com\/es\/devoluciones-y-cambios\/\" \/>\n<meta property=\"og:site_name\" content=\"Falket\" \/>\n<meta property=\"article:publisher\" content=\"https:\/\/www.facebook.com\/Falket-197602493678529\/\" \/>\n<meta property=\"article:modified_time\" content=\"2025-01-24T08:46:14+00:00\" \/>\n<meta name=\"twitter:card\" content=\"summary_large_image\" \/>\n<meta name=\"twitter:label1\" content=\"Tiempo de lectura\" \/>\n\t<meta name=\"twitter:data1\" content=\"8 minutos\" \/>\n<script type=\"application\/ld+json\" class=\"yoast-schema-graph\">{\"@context\":\"https:\/\/schema.org\",\"@graph\":[{\"@type\":\"WebPage\",\"@id\":\"https:\/\/falket.com\/es\/devoluciones-y-cambios\/\",\"url\":\"https:\/\/falket.com\/es\/devoluciones-y-cambios\/\",\"name\":\"Devoluciones y cambios - Falket\",\"isPartOf\":{\"@id\":\"https:\/\/falket.com\/es\/#website\"},\"datePublished\":\"2021-07-22T07:52:31+00:00\",\"dateModified\":\"2025-01-24T08:46:14+00:00\",\"description\":\"Pol\u00edtica de devoluciones, reembolsos y sustituciones de Falket. Descubra c\u00f3mo devolver los productos que compr\u00f3.\",\"inLanguage\":\"es\",\"potentialAction\":[{\"@type\":\"ReadAction\",\"target\":[\"https:\/\/falket.com\/es\/devoluciones-y-cambios\/\"]}]},{\"@type\":\"WebSite\",\"@id\":\"https:\/\/falket.com\/es\/#website\",\"url\":\"https:\/\/falket.com\/es\/\",\"name\":\"Falket\",\"description\":\"Attrezzature per la potatura e il giardinaggio\",\"publisher\":{\"@id\":\"https:\/\/falket.com\/es\/#organization\"},\"potentialAction\":[{\"@type\":\"SearchAction\",\"target\":{\"@type\":\"EntryPoint\",\"urlTemplate\":\"https:\/\/falket.com\/es\/?s={search_term_string}\"},\"query-input\":{\"@type\":\"PropertyValueSpecification\",\"valueRequired\":true,\"valueName\":\"search_term_string\"}}],\"inLanguage\":\"es\"},{\"@type\":\"Organization\",\"@id\":\"https:\/\/falket.com\/es\/#organization\",\"name\":\"Falket\",\"url\":\"https:\/\/falket.com\/es\/\",\"logo\":{\"@type\":\"ImageObject\",\"inLanguage\":\"es\",\"@id\":\"https:\/\/falket.com\/es\/#\/schema\/logo\/image\/\",\"url\":\"https:\/\/falket.com\/wp-content\/uploads\/2021\/07\/falket-logo-invoice.png\",\"contentUrl\":\"https:\/\/falket.com\/wp-content\/uploads\/2021\/07\/falket-logo-invoice.png\",\"width\":300,\"height\":80,\"caption\":\"Falket\"},\"image\":{\"@id\":\"https:\/\/falket.com\/es\/#\/schema\/logo\/image\/\"},\"sameAs\":[\"https:\/\/www.facebook.com\/Falket-197602493678529\/\",\"https:\/\/www.instagram.com\/falket_professional\/\",\"https:\/\/www.linkedin.com\/company\/falket\/about\/\"]}]}<\/script>\n<!-- \/ Yoast SEO plugin. -->","yoast_head_json":{"title":"Devoluciones y cambios - Falket","description":"Pol\u00edtica de devoluciones, reembolsos y sustituciones de Falket. Descubra c\u00f3mo devolver los productos que compr\u00f3.","robots":{"index":"index","follow":"follow","max-snippet":"max-snippet:-1","max-image-preview":"max-image-preview:large","max-video-preview":"max-video-preview:-1"},"canonical":"https:\/\/falket.com\/es\/devoluciones-y-cambios\/","og_locale":"es_ES","og_type":"article","og_title":"Devoluciones y cambios - Falket","og_description":"Pol\u00edtica de devoluciones, reembolsos y sustituciones de Falket. Descubra c\u00f3mo devolver los productos que compr\u00f3.","og_url":"https:\/\/falket.com\/es\/devoluciones-y-cambios\/","og_site_name":"Falket","article_publisher":"https:\/\/www.facebook.com\/Falket-197602493678529\/","article_modified_time":"2025-01-24T08:46:14+00:00","twitter_card":"summary_large_image","twitter_misc":{"Tiempo de lectura":"8 minutos"},"schema":{"@context":"https:\/\/schema.org","@graph":[{"@type":"WebPage","@id":"https:\/\/falket.com\/es\/devoluciones-y-cambios\/","url":"https:\/\/falket.com\/es\/devoluciones-y-cambios\/","name":"Devoluciones y cambios - Falket","isPartOf":{"@id":"https:\/\/falket.com\/es\/#website"},"datePublished":"2021-07-22T07:52:31+00:00","dateModified":"2025-01-24T08:46:14+00:00","description":"Pol\u00edtica de devoluciones, reembolsos y sustituciones de Falket. Descubra c\u00f3mo devolver los productos que compr\u00f3.","inLanguage":"es","potentialAction":[{"@type":"ReadAction","target":["https:\/\/falket.com\/es\/devoluciones-y-cambios\/"]}]},{"@type":"WebSite","@id":"https:\/\/falket.com\/es\/#website","url":"https:\/\/falket.com\/es\/","name":"Falket","description":"Attrezzature per la potatura e il giardinaggio","publisher":{"@id":"https:\/\/falket.com\/es\/#organization"},"potentialAction":[{"@type":"SearchAction","target":{"@type":"EntryPoint","urlTemplate":"https:\/\/falket.com\/es\/?s={search_term_string}"},"query-input":{"@type":"PropertyValueSpecification","valueRequired":true,"valueName":"search_term_string"}}],"inLanguage":"es"},{"@type":"Organization","@id":"https:\/\/falket.com\/es\/#organization","name":"Falket","url":"https:\/\/falket.com\/es\/","logo":{"@type":"ImageObject","inLanguage":"es","@id":"https:\/\/falket.com\/es\/#\/schema\/logo\/image\/","url":"https:\/\/falket.com\/wp-content\/uploads\/2021\/07\/falket-logo-invoice.png","contentUrl":"https:\/\/falket.com\/wp-content\/uploads\/2021\/07\/falket-logo-invoice.png","width":300,"height":80,"caption":"Falket"},"image":{"@id":"https:\/\/falket.com\/es\/#\/schema\/logo\/image\/"},"sameAs":["https:\/\/www.facebook.com\/Falket-197602493678529\/","https:\/\/www.instagram.com\/falket_professional\/","https:\/\/www.linkedin.com\/company\/falket\/about\/"]}]}},"_links":{"self":[{"href":"https:\/\/falket.com\/es\/wp-json\/wp\/v2\/pages\/6913","targetHints":{"allow":["GET"]}}],"collection":[{"href":"https:\/\/falket.com\/es\/wp-json\/wp\/v2\/pages"}],"about":[{"href":"https:\/\/falket.com\/es\/wp-json\/wp\/v2\/types\/page"}],"author":[{"embeddable":true,"href":"https:\/\/falket.com\/es\/wp-json\/wp\/v2\/users\/1"}],"replies":[{"embeddable":true,"href":"https:\/\/falket.com\/es\/wp-json\/wp\/v2\/comments?post=6913"}],"version-history":[{"count":2,"href":"https:\/\/falket.com\/es\/wp-json\/wp\/v2\/pages\/6913\/revisions"}],"predecessor-version":[{"id":12486,"href":"https:\/\/falket.com\/es\/wp-json\/wp\/v2\/pages\/6913\/revisions\/12486"}],"wp:attachment":[{"href":"https:\/\/falket.com\/es\/wp-json\/wp\/v2\/media?parent=6913"}],"curies":[{"name":"wp","href":"https:\/\/api.w.org\/{rel}","templated":true}]}}