{"id":6496,"date":"2021-07-21T14:34:41","date_gmt":"2021-07-21T12:34:41","guid":{"rendered":"https:\/\/falket.com\/clidad\/"},"modified":"2025-01-23T15:04:13","modified_gmt":"2025-01-23T14:04:13","slug":"calidad","status":"publish","type":"page","link":"https:\/\/falket.com\/es\/calidad\/","title":{"rendered":"Calidad"},"content":{"rendered":"<div class=\"wpb-content-wrapper\"><p>[vc_row css_animation=\u00bb\u00bb row_type=\u00bbrow\u00bb use_row_as_full_screen_section=\u00bbyes\u00bb type=\u00bbfull_width\u00bb header_style=\u00bblight\u00bb angled_section=\u00bbno\u00bb text_align=\u00bbleft\u00bb background_image_as_pattern=\u00bbwithout_pattern\u00bb z_index=\u00bb\u00bb anchor=\u00bbsistemza-taglio-special-lever\u00bb background_image=\u00bb1317&#8243; side_padding=\u00bb3&#8243;][vc_column width=\u00bb1\/6&#8243; offset=\u00bbvc_col-lg-offset-1 vc_col-lg-3 vc_col-md-offset-1 vc_col-md-3 vc_col-xs-12&#8243;][vc_row_inner row_type=\u00bbrow\u00bb type=\u00bbfull_width\u00bb text_align=\u00bbleft\u00bb css_animation=\u00bb\u00bb][vc_column_inner offset=\u00bbvc_hidden-lg vc_hidden-md vc_hidden-sm\u00bb][vc_empty_space height=\u00bb120px\u00bb][\/vc_column_inner][\/vc_row_inner][vc_single_image image=\u00bb6359&#8243; img_size=\u00bb176 x 176&#8243; alignment=\u00bbcenter\u00bb qode_css_animation=\u00bbelement_from_fade\u00bb qode_hover_animation=\u00bbzoom_in\u00bb][vc_empty_space height=\u00bb40px\u00bb][\/vc_column][vc_column width=\u00bb1\/4&#8243; offset=\u00bbvc_col-lg-1 vc_col-md-1 vc_hidden-sm vc_col-xs-12 vc_hidden-xs\u00bb]<div class=\"qode_vertical_separator\" style=\"height: 200px;width: 2px;background-color: rgba(235,235,235,0.1)\">\n<\/div>[\/vc_column][vc_column offset=\u00bbvc_col-lg-5 vc_col-md-6 vc_col-xs-12&#8243;][vc_column_text]<\/p>\n<h1 style=\"color: #ebebeb;\">SISTEMA DE CORTE SPECIAL LEVER<\/h1>\n<p>[\/vc_column_text][vc_column_text css=\u00bb\u00bb]<\/p>\n<h3 style=\"color: #ebebeb;\">innovaci\u00f3n y comodidad<\/h3>\n<p>[\/vc_column_text][vc_empty_space height=\u00bb25px\u00bb][vc_column_text css=\u00bb\u00bb]<\/p>\n<p style=\"color: #ebebeb;\">El sistema de palanca de doble deslizamiento \u201cSpecial Lever\u201d, ideado, patentado y realizado por FALKET, permite efectuar un corte con una distribuci\u00f3n del esfuerzo regular y homog\u00e9nea, garantizando una progresi\u00f3n m\u00e1s dulce y confortable. \u201cSpecial Lever\u201d elimina totalmente el contragolpe final, cl\u00e1sico del tijeras de dos ramos tradicionales y causa de fuertes esfuerzos en los brazos.<\/p>\n<p>[\/vc_column_text][vc_row_inner row_type=\u00bbrow\u00bb type=\u00bbfull_width\u00bb text_align=\u00bbleft\u00bb css_animation=\u00bb\u00bb][vc_column_inner offset=\u00bbvc_hidden-lg vc_hidden-md vc_hidden-sm\u00bb][vc_empty_space height=\u00bb120px\u00bb][\/vc_column_inner][\/vc_row_inner][\/vc_column][\/vc_row][vc_row css_animation=\u00bb\u00bb row_type=\u00bbrow\u00bb use_row_as_full_screen_section=\u00bbyes\u00bb type=\u00bbfull_width\u00bb header_style=\u00bblight\u00bb angled_section=\u00bbno\u00bb text_align=\u00bbleft\u00bb background_image_as_pattern=\u00bbwithout_pattern\u00bb z_index=\u00bb\u00bb anchor=\u00bbcuchillas-forjadas\u00bb background_image=\u00bb444&#8243; side_padding=\u00bb3&#8243;][vc_column width=\u00bb1\/6&#8243; offset=\u00bbvc_col-lg-offset-1 vc_col-lg-3 vc_col-md-offset-1 vc_col-md-3 vc_col-xs-12&#8243;][vc_row_inner row_type=\u00bbrow\u00bb type=\u00bbfull_width\u00bb text_align=\u00bbleft\u00bb css_animation=\u00bb\u00bb][vc_column_inner offset=\u00bbvc_hidden-lg vc_hidden-md vc_hidden-sm\u00bb][vc_empty_space height=\u00bb120px\u00bb][\/vc_column_inner][\/vc_row_inner][vc_single_image image=\u00bb6363&#8243; img_size=\u00bb176 x 176&#8243; alignment=\u00bbcenter\u00bb qode_css_animation=\u00bbelement_from_fade\u00bb qode_hover_animation=\u00bbzoom_in\u00bb][vc_empty_space height=\u00bb40px\u00bb][\/vc_column][vc_column width=\u00bb1\/4&#8243; offset=\u00bbvc_col-lg-1 vc_col-md-1 vc_hidden-sm vc_col-xs-12 vc_hidden-xs\u00bb]<div class=\"qode_vertical_separator\" style=\"height: 200px;width: 2px;background-color: rgba(235,235,235,0.1)\">\n<\/div>[\/vc_column][vc_column offset=\u00bbvc_col-lg-5 vc_col-md-6 vc_col-xs-12&#8243;][vc_column_text]<\/p>\n<h1 style=\"color: #ebebeb;\">CUCHILLAS FORJADAS EN CALIENTE<\/h1>\n<p>[\/vc_column_text][vc_column_text]<\/p>\n<h3 style=\"color: #ebebeb;\">para un corte de muy alta precisi\u00f3n<\/h3>\n<p>[\/vc_column_text][vc_empty_space height=\u00bb25px\u00bb][vc_column_text css=\u00bb\u00bb]<\/p>\n<p style=\"color: #ebebeb;\">Las cuchillas de los productos FALKET est\u00e1n realizadas con acero enriquecido con unos elevados porcentajes de carbono de primera calidad, forjado en caliente. Este procedimiento confiere a las cuchillas las mejores caracter\u00edsticas, los sucesivos tratamientos t\u00e9rmicos con resultados finales HRC 56-58 en el filo de corte y los afilados con m\u00e1quinas CNC garantizan unos cortes netos en las ramas de grandes dimensiones y la resistencia del filo.<\/p>\n<p>[\/vc_column_text][vc_row_inner row_type=\u00bbrow\u00bb type=\u00bbfull_width\u00bb text_align=\u00bbleft\u00bb css_animation=\u00bb\u00bb][vc_column_inner offset=\u00bbvc_hidden-lg vc_hidden-md vc_hidden-sm\u00bb][vc_empty_space height=\u00bb120px\u00bb][\/vc_column_inner][\/vc_row_inner][\/vc_column][\/vc_row][vc_row css_animation=\u00bb\u00bb row_type=\u00bbrow\u00bb use_row_as_full_screen_section=\u00bbyes\u00bb type=\u00bbfull_width\u00bb header_style=\u00bbdark\u00bb angled_section=\u00bbno\u00bb text_align=\u00bbleft\u00bb background_image_as_pattern=\u00bbwithout_pattern\u00bb z_index=\u00bb\u00bb anchor=\u00bbligereza-y-fuerza\u00bb background_image=\u00bb1341&#8243; side_padding=\u00bb3&#8243;][vc_column width=\u00bb1\/6&#8243; offset=\u00bbvc_col-lg-offset-1 vc_col-lg-3 vc_col-md-offset-1 vc_col-md-3 vc_col-xs-12&#8243;][vc_row_inner row_type=\u00bbrow\u00bb type=\u00bbfull_width\u00bb text_align=\u00bbleft\u00bb css_animation=\u00bb\u00bb][vc_column_inner offset=\u00bbvc_hidden-lg vc_hidden-md vc_hidden-sm\u00bb][vc_empty_space height=\u00bb120px\u00bb][\/vc_column_inner][\/vc_row_inner][vc_single_image image=\u00bb6361&#8243; img_size=\u00bb176 x 176&#8243; alignment=\u00bbcenter\u00bb qode_css_animation=\u00bbelement_from_fade\u00bb qode_hover_animation=\u00bbzoom_in\u00bb][vc_empty_space height=\u00bb40px\u00bb][\/vc_column][vc_column width=\u00bb1\/4&#8243; offset=\u00bbvc_col-lg-1 vc_col-md-1 vc_hidden-sm vc_col-xs-12 vc_hidden-xs\u00bb]<div class=\"qode_vertical_separator\" style=\"height: 200px;width: 2px;background-color: rgba(235,235,235,0.1)\">\n<\/div>[\/vc_column][vc_column offset=\u00bbvc_col-lg-5 vc_col-md-6 vc_col-xs-12&#8243;][vc_column_text]<\/p>\n<h1>LIGEREZA Y RESISTENCIA<\/h1>\n<p>[\/vc_column_text][vc_column_text]<\/p>\n<h3 style=\"color: #332f2d;\">para garantizarte un trabajo de calidad<\/h3>\n<p>[\/vc_column_text][vc_empty_space height=\u00bb25px\u00bb][vc_column_text]La ligereza y la resistencia son dos de las mejores caracter\u00edsticas de todos los productos FALKET. Numerosos estudios y pruebas han permitido identificar los materiales y las aleaciones ideales, que consienten a los usuarios empu\u00f1ar herramientas que no cansan y poseer en todo caso una elevada resistencia a los esfuerzos.[\/vc_column_text][vc_row_inner row_type=\u00bbrow\u00bb type=\u00bbfull_width\u00bb text_align=\u00bbleft\u00bb css_animation=\u00bb\u00bb][vc_column_inner offset=\u00bbvc_hidden-lg vc_hidden-md vc_hidden-sm\u00bb][vc_empty_space height=\u00bb120px\u00bb][\/vc_column_inner][\/vc_row_inner][\/vc_column][\/vc_row][vc_row css_animation=\u00bb\u00bb row_type=\u00bbrow\u00bb use_row_as_full_screen_section=\u00bbyes\u00bb type=\u00bbfull_width\u00bb header_style=\u00bblight\u00bb angled_section=\u00bbno\u00bb text_align=\u00bbleft\u00bb background_image_as_pattern=\u00bbwithout_pattern\u00bb z_index=\u00bb\u00bb anchor=\u00bbsistema-bloccaggio-lame\u00bb background_image=\u00bb1335&#8243; side_padding=\u00bb3&#8243;][vc_column width=\u00bb1\/6&#8243; offset=\u00bbvc_col-lg-offset-1 vc_col-lg-3 vc_col-md-offset-1 vc_col-md-3 vc_col-xs-12&#8243;][vc_row_inner row_type=\u00bbrow\u00bb type=\u00bbfull_width\u00bb text_align=\u00bbleft\u00bb css_animation=\u00bb\u00bb][vc_column_inner offset=\u00bbvc_hidden-lg vc_hidden-md vc_hidden-sm\u00bb][vc_empty_space height=\u00bb120px\u00bb][\/vc_column_inner][\/vc_row_inner][vc_single_image image=\u00bb6365&#8243; img_size=\u00bb176 x 176&#8243; alignment=\u00bbcenter\u00bb qode_css_animation=\u00bbelement_from_fade\u00bb qode_hover_animation=\u00bbzoom_in\u00bb][vc_empty_space height=\u00bb40px\u00bb][\/vc_column][vc_column width=\u00bb1\/4&#8243; offset=\u00bbvc_col-lg-1 vc_col-md-1 vc_hidden-sm vc_col-xs-12 vc_hidden-xs\u00bb]<div class=\"qode_vertical_separator\" style=\"height: 200px;width: 2px;background-color: rgba(235,235,235,0.1)\">\n<\/div>[\/vc_column][vc_column offset=\u00bbvc_col-lg-5 vc_col-md-6 vc_col-xs-12&#8243;][vc_column_text]<\/p>\n<h1 style=\"color: #ebebeb;\">EASY BLOCK SYSTEM<\/h1>\n<p>[\/vc_column_text][vc_column_text]<\/p>\n<h3 style=\"color: #ebebeb;\">seguridad y productividad<\/h3>\n<p>[\/vc_column_text][vc_empty_space height=\u00bb25px\u00bb][vc_column_text css=\u00bb\u00bb]<\/p>\n<p style=\"color: #ebebeb;\">Un nuevo e innovador sistema montado en las tijeras con asas de aluminio que permite abrirlas y cerrarlas con un solo movimiento de la mano. Apertura: con una sencilla presi\u00f3n de la mano y el consiguiente desbloqueo del sistema de cierre, las tijeras se abren autom\u00e1ticamente. Cierre: tras cerrar las tijeras, empuja la palanca en posici\u00f3n de cierre y suelta la presi\u00f3n de los otros cuatro dedos, las tijeras se cerrar\u00e1n.<\/p>\n<p>[\/vc_column_text][vc_row_inner row_type=\u00bbrow\u00bb type=\u00bbfull_width\u00bb text_align=\u00bbleft\u00bb css_animation=\u00bb\u00bb][vc_column_inner offset=\u00bbvc_hidden-lg vc_hidden-md vc_hidden-sm\u00bb][vc_empty_space height=\u00bb120px\u00bb][\/vc_column_inner][\/vc_row_inner][\/vc_column][\/vc_row]<\/p>\n<\/div>","protected":false},"excerpt":{"rendered":"<p>[vc_row css_animation=\u00bb\u00bb row_type=\u00bbrow\u00bb use_row_as_full_screen_section=\u00bbyes\u00bb type=\u00bbfull_width\u00bb header_style=\u00bblight\u00bb angled_section=\u00bbno\u00bb text_align=\u00bbleft\u00bb background_image_as_pattern=\u00bbwithout_pattern\u00bb z_index=\u00bb\u00bb anchor=\u00bbsistemza-taglio-special-lever\u00bb background_image=\u00bb1317&#8243; side_padding=\u00bb3&#8243;][vc_column width=\u00bb1\/6&#8243; offset=\u00bbvc_col-lg-offset-1 vc_col-lg-3 vc_col-md-offset-1 vc_col-md-3 vc_col-xs-12&#8243;][vc_row_inner row_type=\u00bbrow\u00bb type=\u00bbfull_width\u00bb text_align=\u00bbleft\u00bb css_animation=\u00bb\u00bb][vc_column_inner offset=\u00bbvc_hidden-lg vc_hidden-md vc_hidden-sm\u00bb][vc_empty_space height=\u00bb120px\u00bb][\/vc_column_inner][\/vc_row_inner][vc_single_image image=\u00bb6359&#8243; img_size=\u00bb176 x 176&#8243; alignment=\u00bbcenter\u00bb qode_css_animation=\u00bbelement_from_fade\u00bb qode_hover_animation=\u00bbzoom_in\u00bb][vc_empty_space height=\u00bb40px\u00bb][\/vc_column][vc_column width=\u00bb1\/4&#8243; offset=\u00bbvc_col-lg-1 vc_col-md-1 vc_hidden-sm vc_col-xs-12 vc_hidden-xs\u00bb][\/vc_column][vc_column offset=\u00bbvc_col-lg-5 vc_col-md-6 vc_col-xs-12&#8243;][vc_column_text] SISTEMA&#8230;<\/p>\n","protected":false},"author":1,"featured_media":0,"parent":0,"menu_order":0,"comment_status":"closed","ping_status":"closed","template":"full_screen.php","meta":{"footnotes":""},"class_list":["post-6496","page","type-page","status-publish","hentry"],"yoast_head":"<!-- This site is optimized with the Yoast SEO plugin v25.8 - https:\/\/yoast.com\/wordpress\/plugins\/seo\/ -->\n<title>Calidad - Falket<\/title>\n<meta name=\"description\" content=\"Las tijeras de podar y los equipos de jardiner\u00eda Falket son garant\u00eda de calidad Made in Italy. Descubre nuestros productos.\" \/>\n<meta name=\"robots\" content=\"index, follow, max-snippet:-1, max-image-preview:large, max-video-preview:-1\" \/>\n<link rel=\"canonical\" href=\"https:\/\/falket.com\/es\/calidad\/\" \/>\n<meta property=\"og:locale\" content=\"es_ES\" \/>\n<meta property=\"og:type\" content=\"article\" \/>\n<meta property=\"og:title\" content=\"Calidad - Falket\" \/>\n<meta property=\"og:description\" content=\"Las tijeras de podar y los equipos de jardiner\u00eda Falket son garant\u00eda de calidad Made in Italy. Descubre nuestros productos.\" \/>\n<meta property=\"og:url\" content=\"https:\/\/falket.com\/es\/calidad\/\" \/>\n<meta property=\"og:site_name\" content=\"Falket\" \/>\n<meta property=\"article:publisher\" content=\"https:\/\/www.facebook.com\/Falket-197602493678529\/\" \/>\n<meta property=\"article:modified_time\" content=\"2025-01-23T14:04:13+00:00\" \/>\n<meta name=\"twitter:card\" content=\"summary_large_image\" \/>\n<meta name=\"twitter:label1\" content=\"Tiempo de lectura\" \/>\n\t<meta name=\"twitter:data1\" content=\"3 minutos\" \/>\n<script type=\"application\/ld+json\" class=\"yoast-schema-graph\">{\"@context\":\"https:\/\/schema.org\",\"@graph\":[{\"@type\":\"WebPage\",\"@id\":\"https:\/\/falket.com\/es\/calidad\/\",\"url\":\"https:\/\/falket.com\/es\/calidad\/\",\"name\":\"Calidad - Falket\",\"isPartOf\":{\"@id\":\"https:\/\/falket.com\/es\/#website\"},\"datePublished\":\"2021-07-21T12:34:41+00:00\",\"dateModified\":\"2025-01-23T14:04:13+00:00\",\"description\":\"Las tijeras de podar y los equipos de jardiner\u00eda Falket son garant\u00eda de calidad Made in Italy. Descubre nuestros productos.\",\"inLanguage\":\"es\",\"potentialAction\":[{\"@type\":\"ReadAction\",\"target\":[\"https:\/\/falket.com\/es\/calidad\/\"]}]},{\"@type\":\"WebSite\",\"@id\":\"https:\/\/falket.com\/es\/#website\",\"url\":\"https:\/\/falket.com\/es\/\",\"name\":\"Falket\",\"description\":\"Attrezzature per la potatura e il giardinaggio\",\"publisher\":{\"@id\":\"https:\/\/falket.com\/es\/#organization\"},\"potentialAction\":[{\"@type\":\"SearchAction\",\"target\":{\"@type\":\"EntryPoint\",\"urlTemplate\":\"https:\/\/falket.com\/es\/?s={search_term_string}\"},\"query-input\":{\"@type\":\"PropertyValueSpecification\",\"valueRequired\":true,\"valueName\":\"search_term_string\"}}],\"inLanguage\":\"es\"},{\"@type\":\"Organization\",\"@id\":\"https:\/\/falket.com\/es\/#organization\",\"name\":\"Falket\",\"url\":\"https:\/\/falket.com\/es\/\",\"logo\":{\"@type\":\"ImageObject\",\"inLanguage\":\"es\",\"@id\":\"https:\/\/falket.com\/es\/#\/schema\/logo\/image\/\",\"url\":\"https:\/\/falket.com\/wp-content\/uploads\/2021\/07\/falket-logo-invoice.png\",\"contentUrl\":\"https:\/\/falket.com\/wp-content\/uploads\/2021\/07\/falket-logo-invoice.png\",\"width\":300,\"height\":80,\"caption\":\"Falket\"},\"image\":{\"@id\":\"https:\/\/falket.com\/es\/#\/schema\/logo\/image\/\"},\"sameAs\":[\"https:\/\/www.facebook.com\/Falket-197602493678529\/\",\"https:\/\/www.instagram.com\/falket_professional\/\",\"https:\/\/www.linkedin.com\/company\/falket\/about\/\"]}]}<\/script>\n<!-- \/ Yoast SEO plugin. -->","yoast_head_json":{"title":"Calidad - Falket","description":"Las tijeras de podar y los equipos de jardiner\u00eda Falket son garant\u00eda de calidad Made in Italy. Descubre nuestros productos.","robots":{"index":"index","follow":"follow","max-snippet":"max-snippet:-1","max-image-preview":"max-image-preview:large","max-video-preview":"max-video-preview:-1"},"canonical":"https:\/\/falket.com\/es\/calidad\/","og_locale":"es_ES","og_type":"article","og_title":"Calidad - Falket","og_description":"Las tijeras de podar y los equipos de jardiner\u00eda Falket son garant\u00eda de calidad Made in Italy. Descubre nuestros productos.","og_url":"https:\/\/falket.com\/es\/calidad\/","og_site_name":"Falket","article_publisher":"https:\/\/www.facebook.com\/Falket-197602493678529\/","article_modified_time":"2025-01-23T14:04:13+00:00","twitter_card":"summary_large_image","twitter_misc":{"Tiempo de lectura":"3 minutos"},"schema":{"@context":"https:\/\/schema.org","@graph":[{"@type":"WebPage","@id":"https:\/\/falket.com\/es\/calidad\/","url":"https:\/\/falket.com\/es\/calidad\/","name":"Calidad - Falket","isPartOf":{"@id":"https:\/\/falket.com\/es\/#website"},"datePublished":"2021-07-21T12:34:41+00:00","dateModified":"2025-01-23T14:04:13+00:00","description":"Las tijeras de podar y los equipos de jardiner\u00eda Falket son garant\u00eda de calidad Made in Italy. Descubre nuestros productos.","inLanguage":"es","potentialAction":[{"@type":"ReadAction","target":["https:\/\/falket.com\/es\/calidad\/"]}]},{"@type":"WebSite","@id":"https:\/\/falket.com\/es\/#website","url":"https:\/\/falket.com\/es\/","name":"Falket","description":"Attrezzature per la potatura e il giardinaggio","publisher":{"@id":"https:\/\/falket.com\/es\/#organization"},"potentialAction":[{"@type":"SearchAction","target":{"@type":"EntryPoint","urlTemplate":"https:\/\/falket.com\/es\/?s={search_term_string}"},"query-input":{"@type":"PropertyValueSpecification","valueRequired":true,"valueName":"search_term_string"}}],"inLanguage":"es"},{"@type":"Organization","@id":"https:\/\/falket.com\/es\/#organization","name":"Falket","url":"https:\/\/falket.com\/es\/","logo":{"@type":"ImageObject","inLanguage":"es","@id":"https:\/\/falket.com\/es\/#\/schema\/logo\/image\/","url":"https:\/\/falket.com\/wp-content\/uploads\/2021\/07\/falket-logo-invoice.png","contentUrl":"https:\/\/falket.com\/wp-content\/uploads\/2021\/07\/falket-logo-invoice.png","width":300,"height":80,"caption":"Falket"},"image":{"@id":"https:\/\/falket.com\/es\/#\/schema\/logo\/image\/"},"sameAs":["https:\/\/www.facebook.com\/Falket-197602493678529\/","https:\/\/www.instagram.com\/falket_professional\/","https:\/\/www.linkedin.com\/company\/falket\/about\/"]}]}},"_links":{"self":[{"href":"https:\/\/falket.com\/es\/wp-json\/wp\/v2\/pages\/6496","targetHints":{"allow":["GET"]}}],"collection":[{"href":"https:\/\/falket.com\/es\/wp-json\/wp\/v2\/pages"}],"about":[{"href":"https:\/\/falket.com\/es\/wp-json\/wp\/v2\/types\/page"}],"author":[{"embeddable":true,"href":"https:\/\/falket.com\/es\/wp-json\/wp\/v2\/users\/1"}],"replies":[{"embeddable":true,"href":"https:\/\/falket.com\/es\/wp-json\/wp\/v2\/comments?post=6496"}],"version-history":[{"count":5,"href":"https:\/\/falket.com\/es\/wp-json\/wp\/v2\/pages\/6496\/revisions"}],"predecessor-version":[{"id":12471,"href":"https:\/\/falket.com\/es\/wp-json\/wp\/v2\/pages\/6496\/revisions\/12471"}],"wp:attachment":[{"href":"https:\/\/falket.com\/es\/wp-json\/wp\/v2\/media?parent=6496"}],"curies":[{"name":"wp","href":"https:\/\/api.w.org\/{rel}","templated":true}]}}